{"id":63530,"date":"2025-11-12T19:31:18","date_gmt":"2025-11-12T17:31:18","guid":{"rendered":"https:\/\/alpaka-shop.com\/alpakaxpoff\/"},"modified":"2025-11-12T19:31:18","modified_gmt":"2025-11-12T17:31:18","slug":"alpakaxpoff","status":"publish","type":"page","link":"https:\/\/alpaka-shop.com\/et\/alpakaxpoff\/","title":{"rendered":"AlpakaxPoff"},"content":{"rendered":"<section class=\"l-section wpb_row height_small\"><div class=\"l-section-h i-cf\"><div class=\"g-cols vc_row via_flex valign_top type_default reversed stacking_default\"><div class=\"vc_col-sm-2 wpb_column vc_column_container\"><div class=\"vc_column-inner\"><div class=\"wpb_wrapper\"><\/div><\/div><\/div><div class=\"vc_col-sm-8 wpb_column vc_column_container\"><div class=\"vc_column-inner\"><div class=\"wpb_wrapper\"><div class=\"w-image has_ratio align_center\"><div class=\"w-image-h\"><div style=\"padding-bottom:100%\"><\/div><img decoding=\"async\" width=\"600\" height=\"667\" src=\"https:\/\/alpaka-shop.com\/wp-content\/uploads\/2025\/11\/60e203d2d84742ef3f5c72e2ef7edf0d.png\" class=\"attachment-full size-full wvs-archive-product-image\" alt=\"alpakaxpoff\" loading=\"lazy\" \/><\/div><\/div><div class=\"w-separator size_small\"><\/div><div class=\"wpb_text_column us_custom_1137dfea has_text_color\"><div class=\"wpb_wrapper\"><p style=\"text-align: left;\">See on Sulle filmielamuste nautija!<br \/>\nSoovime Sulle pakkuda midagi, mis hoiab k\u00fclma eemal kui Sa liigud Pimedate \u00d6\u00f6de Filmifestivali ajal kinosaalist kinosaali ja koguda lugusid, mis j\u00e4\u00e4vad Sinuga.<\/p>\n<ul>\n<li style=\"text-align: left;\">Meie ajatu kudumite kollektsioon<\/li>\n<li style=\"text-align: left;\">T\u00e4iuslik aksessuaar k\u00fclmaks hooajaks<\/li>\n<li style=\"text-align: left;\">20% allahindlus k\u00f5igele<\/li>\n<\/ul>\n<\/div><\/div><div class=\"w-separator size_large\"><\/div><div class=\"wpb_text_column us_custom_d20c3033 has_text_color\"><div class=\"wpb_wrapper\"><h2 style=\"text-align: center;\">Kasuta koodi<span>\u00a0<\/span><strong>POFF20<\/strong><span>\u00a0<\/span>kassas<\/h2>\n<\/div><\/div><div class=\"w-btn-wrapper align_center\"><a class=\"w-btn us-btn-style_2\" target=\"_blank\" href=\"https:\/\/alpaka-shop.com\/et\/\"><span class=\"w-btn-label\">OSTA KOHE<\/span><\/a><\/div><div class=\"w-separator size_small\"><\/div><div class=\"w-image has_ratio align_center\"><div class=\"w-image-h\"><div style=\"padding-bottom:100%\"><\/div><img decoding=\"async\" width=\"600\" height=\"667\" src=\"https:\/\/alpaka-shop.com\/wp-content\/uploads\/2025\/11\/65903a5819b69add9402a81dfbe807d2.png\" class=\"attachment-full size-full wvs-archive-product-image\" alt=\"\" loading=\"lazy\" \/><\/div><\/div><div class=\"w-separator size_small\"><\/div><div class=\"wpb_text_column us_custom_1137dfea has_text_color\"><div class=\"wpb_wrapper\"><p><span>M\u00f5ned asjad on loodud kestma \u2014 suurep\u00e4rased filmid, kvaliteetsed kudumid ning erilised jagatud hetked.<\/span><br \/><span>Soovime neid k\u00f5iki t\u00e4histada koos sinuga.<\/span><br \/><span>Astu l\u00e4bi, proovi midagi selga ja nii saame vahetada festivalimuljeid.<\/span><\/p>\n<\/div><\/div><div class=\"w-separator size_large\"><\/div><div class=\"wpb_text_column us_custom_1137dfea has_text_color\"><div class=\"wpb_wrapper\"><h2 style=\"text-align: center;\">Kasuta koodi<span>\u00a0<\/span><strong>POFF20<\/strong><span>\u00a0<\/span>kassas<\/h2>\n<\/div><\/div><div class=\"w-btn-wrapper align_center\"><a class=\"w-btn us-btn-style_2\" target=\"_blank\" href=\"https:\/\/alpaka-shop.com\/et\/\"><span class=\"w-btn-label\">OSTA KOHE<\/span><\/a><\/div><\/div><\/div><\/div><div class=\"vc_col-sm-2 wpb_column vc_column_container\"><div class=\"vc_column-inner\"><div class=\"wpb_wrapper\"><\/div><\/div><\/div><\/div><\/div><\/section>\n","protected":false},"excerpt":{"rendered":"See on Sulle filmielamuste nautija! Soovime Sulle pakkuda midagi, mis hoiab k\u00fclma eemal kui Sa liigud Pimedate \u00d6\u00f6de Filmifestivali ajal kinosaalist kinosaali ja koguda lugusid, mis j\u00e4\u00e4vad Sinuga. Meie ajatu kudumite kollektsioon T\u00e4iuslik aksessuaar k\u00fclmaks hooajaks 20% allahindlus k\u00f5igele Kasuta koodi\u00a0POFF20\u00a0kassas OSTA KOHEM\u00f5ned asjad on loodud kestma \u2014 suurep\u00e4rased filmid, kvaliteetsed kudumid ning erilised jagatud...","protected":false},"author":10,"featured_media":0,"parent":0,"menu_order":0,"comment_status":"closed","ping_status":"closed","template":"","meta":{"_acf_changed":false,"footnotes":""},"class_list":["post-63530","page","type-page","status-publish","hentry"],"acf":[],"aioseo_notices":[],"_links":{"self":[{"href":"https:\/\/alpaka-shop.com\/et\/wp-json\/wp\/v2\/pages\/63530","targetHints":{"allow":["GET"]}}],"collection":[{"href":"https:\/\/alpaka-shop.com\/et\/wp-json\/wp\/v2\/pages"}],"about":[{"href":"https:\/\/alpaka-shop.com\/et\/wp-json\/wp\/v2\/types\/page"}],"author":[{"embeddable":true,"href":"https:\/\/alpaka-shop.com\/et\/wp-json\/wp\/v2\/users\/10"}],"replies":[{"embeddable":true,"href":"https:\/\/alpaka-shop.com\/et\/wp-json\/wp\/v2\/comments?post=63530"}],"version-history":[{"count":0,"href":"https:\/\/alpaka-shop.com\/et\/wp-json\/wp\/v2\/pages\/63530\/revisions"}],"wp:attachment":[{"href":"https:\/\/alpaka-shop.com\/et\/wp-json\/wp\/v2\/media?parent=63530"}],"curies":[{"name":"wp","href":"https:\/\/api.w.org\/{rel}","templated":true}]}}