{"id":10456,"date":"2020-03-28T13:00:09","date_gmt":"2019-10-08T13:00:09","guid":{"rendered":"https:\/\/uus.alpaka-shop.com\/product\/classical-cable-sweater\/"},"modified":"2025-07-01T09:30:23","modified_gmt":"2025-07-01T06:30:23","slug":"klassikaline-palmikkampsun","status":"publish","type":"product","link":"https:\/\/alpaka-shop.com\/et\/klassikaline-palmikkampsun\/","title":{"rendered":"Klassikaline palmikkampsun"},"content":{"rendered":"","protected":false},"excerpt":{"rendered":"<p>Palmikmustriga kampsun pakub ajatut luksust ja kestvat stiili. Kergekaalulisest 100% beebialpaka villast kudumil on keha j\u00e4rgiv l\u00f5ige ja soonikkoes \u00e4\u00e4rised. Kanna triiks\u00e4rgi v\u00f5i T-s\u00e4rgi peal \u00fchtaegu mugava ja esindusliku v\u00e4limuse saavutamiseks. Minimalistliku ja k\u00f5igega sobiva tegumoega kampsun sobib iga riietuse juurde. Klassikaline ja mehelik v\u00e4rvivalik.<\/p>\n<p>MATERJAL<br \/>\n<strong>100% beebialpaka<\/strong><\/p>\n<p>PAKEND<br \/>\n<strong>kinkekarp<\/strong><\/p>\n","protected":false},"featured_media":9147,"template":"","meta":{"_acf_changed":false},"product_brand":[],"product_cat":[88],"product_tag":[],"product_shipping_class":[],"pa_soft-wrap-cardigan":[],"class_list":{"0":"post-10456","1":"product","2":"type-product","3":"status-publish","4":"has-post-thumbnail","6":"product_cat-uncategorized-et","8":"first","9":"outofstock","10":"taxable","11":"shipping-taxable","12":"purchasable","13":"product-type-variable","14":"has-default-attributes","15":"wvs-archive-product-wrapper"},"bundled_by":[],"bundle_stock_status":"outofstock","bundle_stock_quantity":null,"bundle_virtual":false,"bundle_layout":"","bundle_add_to_cart_form_location":"","bundle_editable_in_cart":false,"bundle_sold_individually_context":"","bundle_item_grouping":"","bundle_min_size":"","bundle_max_size":"","bundle_price":[],"bundled_items":[],"bundle_sell_ids":[],"acf":[],"aioseo_notices":[],"_links":{"self":[{"href":"https:\/\/alpaka-shop.com\/et\/wp-json\/wp\/v2\/product\/10456","targetHints":{"allow":["GET"]}}],"collection":[{"href":"https:\/\/alpaka-shop.com\/et\/wp-json\/wp\/v2\/product"}],"about":[{"href":"https:\/\/alpaka-shop.com\/et\/wp-json\/wp\/v2\/types\/product"}],"wp:featuredmedia":[{"embeddable":true,"href":"https:\/\/alpaka-shop.com\/et\/wp-json\/wp\/v2\/media\/9147"}],"wp:attachment":[{"href":"https:\/\/alpaka-shop.com\/et\/wp-json\/wp\/v2\/media?parent=10456"}],"wp:term":[{"taxonomy":"product_brand","embeddable":true,"href":"https:\/\/alpaka-shop.com\/et\/wp-json\/wp\/v2\/product_brand?post=10456"},{"taxonomy":"product_cat","embeddable":true,"href":"https:\/\/alpaka-shop.com\/et\/wp-json\/wp\/v2\/product_cat?post=10456"},{"taxonomy":"product_tag","embeddable":true,"href":"https:\/\/alpaka-shop.com\/et\/wp-json\/wp\/v2\/product_tag?post=10456"},{"taxonomy":"product_shipping_class","embeddable":true,"href":"https:\/\/alpaka-shop.com\/et\/wp-json\/wp\/v2\/product_shipping_class?post=10456"},{"taxonomy":"pa_soft-wrap-cardigan","embeddable":true,"href":"https:\/\/alpaka-shop.com\/et\/wp-json\/wp\/v2\/pa_soft-wrap-cardigan?post=10456"}],"curies":[{"name":"wp","href":"https:\/\/api.w.org\/{rel}","templated":true}]}}