{"id":18327,"date":"2020-09-10T09:43:21","date_gmt":"2020-09-10T11:26:20","guid":{"rendered":"https:\/\/alpaka-shop.com\/?post_type=product&#038;p=18327"},"modified":"2026-02-25T14:00:09","modified_gmt":"2026-02-25T12:00:09","slug":"pleed-classic-tartan","status":"publish","type":"product","link":"https:\/\/alpaka-shop.com\/et\/pleed-classic-tartan\/","title":{"rendered":"Pleed Classic Tartan"},"content":{"rendered":"","protected":false},"excerpt":{"rendered":"<p><span data-sheets-value=\"{&quot;1&quot;:2,&quot;2&quot;:&quot;Pleed Classic Check on \u00f5huline, kuid tagab suurep\u00e4rase soojuse ja kaitseb k\u00fclma eest igal aastaajal. Need kahev\u00e4rvilised pleedid on inspireeritud geomeetria l\u00f5pututest v\u00f5imalustest. Ruudud loovad selged ja lihtsad mustrid, mis n\u00e4evad head v\u00e4lja igas interj\u00f6\u00f6ris ja t\u00e4idavad kodu k\u00f5ige soojemate emotsioonidega. Alpaka, villa ja akr\u00fc\u00fcli kaunis segu muudab pleedi puudutusele pehmeks ja kergesti hooldatavaks.nSaadaval alates septembri l\u00f5pust. Eeltellimuse esitamiseks v\u00f5tke meiega \u00fchendust.n&quot;}\" data-sheets-userformat=\"{&quot;2&quot;:769,&quot;3&quot;:{&quot;1&quot;:0},&quot;11&quot;:4,&quot;12&quot;:0}\" data-sheets-textstyleruns=\"{&quot;1&quot;:0}\uee10{&quot;1&quot;:408,&quot;2&quot;:{&quot;5&quot;:1}}\uee10{&quot;1&quot;:489}\">Tihedakoeline Pleed Classic Tartan on m\u00f5nusalt pehme ning tagab suurep\u00e4rase soojuse ja kaitse k\u00fclma eest. Pleedi detailid on inspireeritud geomeetria l\u00f5pututest v\u00f5imalustest. Ruudud loovad selged ja lihtsad mustrid, mis n\u00e4evad head v\u00e4lja igas interj\u00f6\u00f6ris ja t\u00e4idavad kodu k\u00f5ige soojemate emotsioonidega. Alpaka, villa ja akr\u00fc\u00fcli kaunis segu muudab pleedi puudutusele pehmeks ja kergesti hooldatavaks.<\/span><\/p>\n<p>MATERJAL<br \/>\n<strong>40% taaskasutatud alpaka \/ 45% vill \/ 15% akr\u00fc\u00fcl<\/strong><\/p>\n<p>Toode v\u00f5ib ajada kasutamise alguses veidi karva, kuna tegemist on naturaalse materjaliga.<\/p>\n","protected":false},"featured_media":50199,"template":"","meta":{"_acf_changed":false},"product_brand":[],"product_cat":[91],"product_tag":[],"product_shipping_class":[],"pa_soft-wrap-cardigan":[],"class_list":{"0":"post-18327","1":"product","2":"type-product","3":"status-publish","4":"has-post-thumbnail","6":"product_cat-pleedid","8":"first","9":"instock","10":"taxable","11":"shipping-taxable","12":"purchasable","13":"product-type-variable","14":"has-default-attributes","15":"wvs-archive-product-wrapper"},"bundled_by":[],"bundle_stock_status":"instock","bundle_stock_quantity":null,"bundle_virtual":false,"bundle_layout":"","bundle_add_to_cart_form_location":"","bundle_editable_in_cart":false,"bundle_sold_individually_context":"","bundle_item_grouping":"","bundle_min_size":"","bundle_max_size":"","bundle_price":[],"bundled_items":[],"bundle_sell_ids":[],"acf":[],"aioseo_notices":[],"_links":{"self":[{"href":"https:\/\/alpaka-shop.com\/et\/wp-json\/wp\/v2\/product\/18327","targetHints":{"allow":["GET"]}}],"collection":[{"href":"https:\/\/alpaka-shop.com\/et\/wp-json\/wp\/v2\/product"}],"about":[{"href":"https:\/\/alpaka-shop.com\/et\/wp-json\/wp\/v2\/types\/product"}],"wp:featuredmedia":[{"embeddable":true,"href":"https:\/\/alpaka-shop.com\/et\/wp-json\/wp\/v2\/media\/50199"}],"wp:attachment":[{"href":"https:\/\/alpaka-shop.com\/et\/wp-json\/wp\/v2\/media?parent=18327"}],"wp:term":[{"taxonomy":"product_brand","embeddable":true,"href":"https:\/\/alpaka-shop.com\/et\/wp-json\/wp\/v2\/product_brand?post=18327"},{"taxonomy":"product_cat","embeddable":true,"href":"https:\/\/alpaka-shop.com\/et\/wp-json\/wp\/v2\/product_cat?post=18327"},{"taxonomy":"product_tag","embeddable":true,"href":"https:\/\/alpaka-shop.com\/et\/wp-json\/wp\/v2\/product_tag?post=18327"},{"taxonomy":"product_shipping_class","embeddable":true,"href":"https:\/\/alpaka-shop.com\/et\/wp-json\/wp\/v2\/product_shipping_class?post=18327"},{"taxonomy":"pa_soft-wrap-cardigan","embeddable":true,"href":"https:\/\/alpaka-shop.com\/et\/wp-json\/wp\/v2\/pa_soft-wrap-cardigan?post=18327"}],"curies":[{"name":"wp","href":"https:\/\/api.w.org\/{rel}","templated":true}]}}