{"id":18491,"date":"2020-09-15T09:16:42","date_gmt":"2020-09-15T06:16:42","guid":{"rendered":"https:\/\/alpaka-shop.com\/?post_type=product&#038;p=18491"},"modified":"2026-04-20T12:20:17","modified_gmt":"2026-04-20T09:20:17","slug":"sall-royal-kalasaba","status":"publish","type":"product","link":"https:\/\/alpaka-shop.com\/et\/sall-royal-kalasaba\/","title":{"rendered":"Sall Royal Kalasaba"},"content":{"rendered":"","protected":false},"excerpt":{"rendered":"<p>Sall Royal Kalasaba on meie kuningliku salli kollektsiooni uusim liige. Alpakavillal on kaunis looduslik s\u00e4ra, mis annab sallile luksusliku ilme, ning kalasabamotiivid lisavad p\u00f5neva n\u00fcansi. Royal kollektsiooni sallid on valmistatud preemiumklassi beebialpaka villast, mis on pehmem kui miski muu ning sobib ideaalselt iga riietusega. Luba endale killuke luksust ja t\u00fckike ajatut ilu.<\/p>\n<p>MATERIAL<\/p>\n<p><strong>100% preemium beebialpaka<\/strong><\/p>\n<p>PAKEND<\/p>\n<p><strong>kinkekarp<\/strong><\/p>\n","protected":false},"featured_media":18427,"template":"","meta":{"_acf_changed":false},"product_brand":[],"product_cat":[62,65],"product_tag":[],"product_shipping_class":[],"pa_soft-wrap-cardigan":[],"class_list":{"0":"post-18491","1":"product","2":"type-product","3":"status-publish","4":"has-post-thumbnail","6":"product_cat-naised","7":"product_cat-sallid-ja-olasallid","9":"first","10":"instock","11":"taxable","12":"shipping-taxable","13":"purchasable","14":"product-type-variable","15":"has-default-attributes","16":"wvs-archive-product-wrapper"},"bundled_by":[],"bundle_stock_status":"instock","bundle_stock_quantity":null,"bundle_virtual":false,"bundle_layout":"","bundle_add_to_cart_form_location":"","bundle_editable_in_cart":false,"bundle_sold_individually_context":"","bundle_item_grouping":"","bundle_min_size":"","bundle_max_size":"","bundle_price":[],"bundled_items":[],"bundle_sell_ids":[],"acf":[],"aioseo_notices":[],"_links":{"self":[{"href":"https:\/\/alpaka-shop.com\/et\/wp-json\/wp\/v2\/product\/18491","targetHints":{"allow":["GET"]}}],"collection":[{"href":"https:\/\/alpaka-shop.com\/et\/wp-json\/wp\/v2\/product"}],"about":[{"href":"https:\/\/alpaka-shop.com\/et\/wp-json\/wp\/v2\/types\/product"}],"wp:featuredmedia":[{"embeddable":true,"href":"https:\/\/alpaka-shop.com\/et\/wp-json\/wp\/v2\/media\/18427"}],"wp:attachment":[{"href":"https:\/\/alpaka-shop.com\/et\/wp-json\/wp\/v2\/media?parent=18491"}],"wp:term":[{"taxonomy":"product_brand","embeddable":true,"href":"https:\/\/alpaka-shop.com\/et\/wp-json\/wp\/v2\/product_brand?post=18491"},{"taxonomy":"product_cat","embeddable":true,"href":"https:\/\/alpaka-shop.com\/et\/wp-json\/wp\/v2\/product_cat?post=18491"},{"taxonomy":"product_tag","embeddable":true,"href":"https:\/\/alpaka-shop.com\/et\/wp-json\/wp\/v2\/product_tag?post=18491"},{"taxonomy":"product_shipping_class","embeddable":true,"href":"https:\/\/alpaka-shop.com\/et\/wp-json\/wp\/v2\/product_shipping_class?post=18491"},{"taxonomy":"pa_soft-wrap-cardigan","embeddable":true,"href":"https:\/\/alpaka-shop.com\/et\/wp-json\/wp\/v2\/pa_soft-wrap-cardigan?post=18491"}],"curies":[{"name":"wp","href":"https:\/\/api.w.org\/{rel}","templated":true}]}}