{"id":18810,"date":"2020-09-16T08:26:03","date_gmt":"2020-09-16T05:26:03","guid":{"rendered":"https:\/\/alpaka-shop.com\/?post_type=product&#038;p=18810"},"modified":"2026-03-25T11:07:05","modified_gmt":"2026-03-25T09:07:05","slug":"sall-exclusive-200-meeste","status":"publish","type":"product","link":"https:\/\/alpaka-shop.com\/et\/sall-exclusive-200-meeste\/","title":{"rendered":"Sall Exclusive 200"},"content":{"rendered":"","protected":false},"excerpt":{"rendered":"<p>Beebialpaka villast sall teeb olemise soojaks ning kiirgab s\u00e4ra ka v\u00e4ljapoole. Ideaalne valik neile, kes eelistavad lihtsa vormi ja v\u00e4rvivalikutega tagasihoidlikku elegantset joont. Beebialpaka vill on tuntud oma sametise ja siidise pehmuse, erakordse soojuse ja nahas\u00f5bralikkuse poolest. Tunne r\u00f5\u00f5mu ehedatest emotsioonidest, mida pakub loodusl\u00e4hedase materjali pehme pai.<\/p>\n<p>MATERJAL<br \/>\n<strong>100% beebialpaka<\/strong><\/p>\n<p>PAKEND<br \/>\n<strong>kinkekarp<\/strong><\/p>\n","protected":false},"featured_media":45439,"template":"","meta":{"_acf_changed":false},"product_brand":[],"product_cat":[69,92],"product_tag":[],"product_shipping_class":[],"pa_soft-wrap-cardigan":[],"class_list":{"0":"post-18810","1":"product","2":"type-product","3":"status-publish","4":"has-post-thumbnail","6":"product_cat-mehed","7":"product_cat-sallid","9":"first","10":"instock","11":"taxable","12":"shipping-taxable","13":"purchasable","14":"product-type-variable","15":"has-default-attributes","16":"wvs-archive-product-wrapper"},"bundled_by":["53677","53680"],"bundle_stock_status":"instock","bundle_stock_quantity":null,"bundle_virtual":false,"bundle_layout":"","bundle_add_to_cart_form_location":"","bundle_editable_in_cart":false,"bundle_sold_individually_context":"","bundle_item_grouping":"","bundle_min_size":"","bundle_max_size":"","bundle_price":[],"bundled_items":[],"bundle_sell_ids":[],"acf":[],"aioseo_notices":[],"_links":{"self":[{"href":"https:\/\/alpaka-shop.com\/et\/wp-json\/wp\/v2\/product\/18810","targetHints":{"allow":["GET"]}}],"collection":[{"href":"https:\/\/alpaka-shop.com\/et\/wp-json\/wp\/v2\/product"}],"about":[{"href":"https:\/\/alpaka-shop.com\/et\/wp-json\/wp\/v2\/types\/product"}],"wp:featuredmedia":[{"embeddable":true,"href":"https:\/\/alpaka-shop.com\/et\/wp-json\/wp\/v2\/media\/45439"}],"wp:attachment":[{"href":"https:\/\/alpaka-shop.com\/et\/wp-json\/wp\/v2\/media?parent=18810"}],"wp:term":[{"taxonomy":"product_brand","embeddable":true,"href":"https:\/\/alpaka-shop.com\/et\/wp-json\/wp\/v2\/product_brand?post=18810"},{"taxonomy":"product_cat","embeddable":true,"href":"https:\/\/alpaka-shop.com\/et\/wp-json\/wp\/v2\/product_cat?post=18810"},{"taxonomy":"product_tag","embeddable":true,"href":"https:\/\/alpaka-shop.com\/et\/wp-json\/wp\/v2\/product_tag?post=18810"},{"taxonomy":"product_shipping_class","embeddable":true,"href":"https:\/\/alpaka-shop.com\/et\/wp-json\/wp\/v2\/product_shipping_class?post=18810"},{"taxonomy":"pa_soft-wrap-cardigan","embeddable":true,"href":"https:\/\/alpaka-shop.com\/et\/wp-json\/wp\/v2\/pa_soft-wrap-cardigan?post=18810"}],"curies":[{"name":"wp","href":"https:\/\/api.w.org\/{rel}","templated":true}]}}