{"id":19892,"date":"2020-11-03T13:48:19","date_gmt":"2020-11-03T13:48:19","guid":{"rendered":"https:\/\/alpaka-shop.com\/?post_type=product&#038;p=19892"},"modified":"2026-03-13T10:00:10","modified_gmt":"2026-03-13T08:00:10","slug":"avara-tegumoega-kampsun","status":"publish","type":"product","link":"https:\/\/alpaka-shop.com\/et\/avara-tegumoega-kampsun\/","title":{"rendered":"Avara tegumoega kampsun"},"content":{"rendered":"","protected":false},"excerpt":{"rendered":"<p>\u00dclesuuruses siluetiga m\u00f5nusalt kerge kampsuni muudab eriliseks kandmismugavus ning oman\u00e4oline disain. Mudeli ilmet t\u00e4iustab esik\u00fcljel diagonaalne koedetail ja V-kaelus. Kampsuni tegumood sarnaneb pont\u0161ol\u00f5ikele, mis annab liikumisvabaduse ning suurep\u00e4rase mugavustunde. Avara l\u00f5ikega kampsun sobib kandmiseks aastaringselt nii k\u00f5rge pihaga seelikute kui ka teksade peal. Tunne end m\u00f5nusalt kogu p\u00e4eva v\u00e4ltel.<\/p>\n<p>MATERJAL<\/p>\n<p><strong>100% beebialpaka<\/strong><\/p>\n<p>&nbsp;<\/p>\n","protected":false},"featured_media":40390,"template":"","meta":{"_acf_changed":false},"product_brand":[],"product_cat":[98,2812,62],"product_tag":[],"product_shipping_class":[],"pa_soft-wrap-cardigan":[],"class_list":{"0":"post-19892","1":"product","2":"type-product","3":"status-publish","4":"has-post-thumbnail","6":"product_cat-kampsunid-kardiganid-naised","7":"product_cat-martsi-kampaania","8":"product_cat-naised","10":"first","11":"instock","12":"taxable","13":"shipping-taxable","14":"purchasable","15":"product-type-variable","16":"has-default-attributes","17":"wvs-archive-product-wrapper"},"bundled_by":[],"bundle_stock_status":"instock","bundle_stock_quantity":null,"bundle_virtual":false,"bundle_layout":"","bundle_add_to_cart_form_location":"","bundle_editable_in_cart":false,"bundle_sold_individually_context":"","bundle_item_grouping":"","bundle_min_size":"","bundle_max_size":"","bundle_price":[],"bundled_items":[],"bundle_sell_ids":[],"acf":[],"aioseo_notices":[],"_links":{"self":[{"href":"https:\/\/alpaka-shop.com\/et\/wp-json\/wp\/v2\/product\/19892","targetHints":{"allow":["GET"]}}],"collection":[{"href":"https:\/\/alpaka-shop.com\/et\/wp-json\/wp\/v2\/product"}],"about":[{"href":"https:\/\/alpaka-shop.com\/et\/wp-json\/wp\/v2\/types\/product"}],"wp:featuredmedia":[{"embeddable":true,"href":"https:\/\/alpaka-shop.com\/et\/wp-json\/wp\/v2\/media\/40390"}],"wp:attachment":[{"href":"https:\/\/alpaka-shop.com\/et\/wp-json\/wp\/v2\/media?parent=19892"}],"wp:term":[{"taxonomy":"product_brand","embeddable":true,"href":"https:\/\/alpaka-shop.com\/et\/wp-json\/wp\/v2\/product_brand?post=19892"},{"taxonomy":"product_cat","embeddable":true,"href":"https:\/\/alpaka-shop.com\/et\/wp-json\/wp\/v2\/product_cat?post=19892"},{"taxonomy":"product_tag","embeddable":true,"href":"https:\/\/alpaka-shop.com\/et\/wp-json\/wp\/v2\/product_tag?post=19892"},{"taxonomy":"product_shipping_class","embeddable":true,"href":"https:\/\/alpaka-shop.com\/et\/wp-json\/wp\/v2\/product_shipping_class?post=19892"},{"taxonomy":"pa_soft-wrap-cardigan","embeddable":true,"href":"https:\/\/alpaka-shop.com\/et\/wp-json\/wp\/v2\/pa_soft-wrap-cardigan?post=19892"}],"curies":[{"name":"wp","href":"https:\/\/api.w.org\/{rel}","templated":true}]}}