{"id":20258,"date":"2020-11-03T14:04:47","date_gmt":"2020-11-03T14:04:47","guid":{"rendered":"https:\/\/alpaka-shop.com\/?post_type=product&#038;p=20258"},"modified":"2026-03-13T10:00:10","modified_gmt":"2026-03-13T08:00:10","slug":"taispikk-royal-kardigan","status":"publish","type":"product","link":"https:\/\/alpaka-shop.com\/et\/taispikk-royal-kardigan\/","title":{"rendered":"T\u00e4ispikk Royal kardigan"},"content":{"rendered":"","protected":false},"excerpt":{"rendered":"<p><span data-sheets-value=\"{&quot;1&quot;:2,&quot;2&quot;:&quot;T\u00e4ispikk Royal kardigan\/ 100% Royal alpakavillast kardigan\/ T\u00e4ispika Royal kardigani teeb eriliseks ajatu klassikaline l\u00f5ige, mille v\u00f5lu peitub p\u00f5hjamaise disaini lihtsuses. Kardigan on valmistatud preemiumklassi beebialpaka villast, mis oma 19-mikronilise peenuse ja siidisusega on \u00fcks maailma paremaid ja luksuslikumaid naturaalseid materjale. Suurep\u00e4rane variant neile, kes eelistavad ikoonilisi siluette, langevaid kangaid ja mugavaid r\u00f5ivad mis n\u00e4evad head v\u00e4lja kodukontoris, kuid sobivad imeh\u00e4sti ka stiilseteks jalutusk\u00e4ikudeks linnat\u00e4navatel.&quot;}\" data-sheets-userformat=\"{&quot;2&quot;:771,&quot;3&quot;:{&quot;1&quot;:0},&quot;4&quot;:{&quot;1&quot;:2,&quot;2&quot;:16773836},&quot;11&quot;:4,&quot;12&quot;:0}\" data-sheets-textstyleruns=\"{&quot;1&quot;:0,&quot;2&quot;:{&quot;5&quot;:1}}\uee10{&quot;1&quot;:24}\uee10{&quot;1&quot;:25,&quot;2&quot;:{&quot;4&quot;:8,&quot;6&quot;:1}}\uee10{&quot;1&quot;:58}\">T\u00e4ispika Royal kardigani teeb eriliseks ajatu klassikaline l\u00f5ige, mille v\u00f5lu peitub p\u00f5hjamaise disaini lihtsuses. Kardigan on valmistatud preemiumklassi beebialpaka villast, mis oma 19-mikronilise peenuse ja siidisusega on \u00fcks maailma paremaid ja luksuslikumaid naturaalseid materjale. Suurep\u00e4rane variant neile, kes eelistavad ikoonilisi siluette, langevaid kangaid ja mugavaid r\u00f5ivad mis n\u00e4evad head v\u00e4lja kodukontoris, kuid sobivad imeh\u00e4sti ka stiilseteks jalutusk\u00e4ikudeks linnat\u00e4navatel.<\/span><\/p>\n<p>MATERJAL<br \/>\n<strong>100% Royal alpakavill<\/strong><\/p>\n","protected":false},"featured_media":41017,"template":"","meta":{"_acf_changed":false},"product_brand":[],"product_cat":[98,2812,62],"product_tag":[],"product_shipping_class":[],"pa_soft-wrap-cardigan":[],"class_list":{"0":"post-20258","1":"product","2":"type-product","3":"status-publish","4":"has-post-thumbnail","6":"product_cat-kampsunid-kardiganid-naised","7":"product_cat-martsi-kampaania","8":"product_cat-naised","10":"first","11":"instock","12":"taxable","13":"shipping-taxable","14":"purchasable","15":"product-type-variable","16":"has-default-attributes","17":"wvs-archive-product-wrapper"},"bundled_by":[],"bundle_stock_status":"instock","bundle_stock_quantity":null,"bundle_virtual":false,"bundle_layout":"","bundle_add_to_cart_form_location":"","bundle_editable_in_cart":false,"bundle_sold_individually_context":"","bundle_item_grouping":"","bundle_min_size":"","bundle_max_size":"","bundle_price":[],"bundled_items":[],"bundle_sell_ids":[],"acf":[],"aioseo_notices":[],"_links":{"self":[{"href":"https:\/\/alpaka-shop.com\/et\/wp-json\/wp\/v2\/product\/20258","targetHints":{"allow":["GET"]}}],"collection":[{"href":"https:\/\/alpaka-shop.com\/et\/wp-json\/wp\/v2\/product"}],"about":[{"href":"https:\/\/alpaka-shop.com\/et\/wp-json\/wp\/v2\/types\/product"}],"wp:featuredmedia":[{"embeddable":true,"href":"https:\/\/alpaka-shop.com\/et\/wp-json\/wp\/v2\/media\/41017"}],"wp:attachment":[{"href":"https:\/\/alpaka-shop.com\/et\/wp-json\/wp\/v2\/media?parent=20258"}],"wp:term":[{"taxonomy":"product_brand","embeddable":true,"href":"https:\/\/alpaka-shop.com\/et\/wp-json\/wp\/v2\/product_brand?post=20258"},{"taxonomy":"product_cat","embeddable":true,"href":"https:\/\/alpaka-shop.com\/et\/wp-json\/wp\/v2\/product_cat?post=20258"},{"taxonomy":"product_tag","embeddable":true,"href":"https:\/\/alpaka-shop.com\/et\/wp-json\/wp\/v2\/product_tag?post=20258"},{"taxonomy":"product_shipping_class","embeddable":true,"href":"https:\/\/alpaka-shop.com\/et\/wp-json\/wp\/v2\/product_shipping_class?post=20258"},{"taxonomy":"pa_soft-wrap-cardigan","embeddable":true,"href":"https:\/\/alpaka-shop.com\/et\/wp-json\/wp\/v2\/pa_soft-wrap-cardigan?post=20258"}],"curies":[{"name":"wp","href":"https:\/\/api.w.org\/{rel}","templated":true}]}}