{"id":20311,"date":"2020-12-18T17:55:18","date_gmt":"2020-12-18T15:55:18","guid":{"rendered":"https:\/\/alpaka-shop.com\/?post_type=product&#038;p=20311"},"modified":"2026-04-08T12:30:09","modified_gmt":"2026-04-08T09:30:09","slug":"patentkoes-beanie-muts-mehed","status":"publish","type":"product","link":"https:\/\/alpaka-shop.com\/et\/patentkoes-beanie-muts-mehed\/","title":{"rendered":"Patentkoes beanie-m\u00fcts"},"content":{"rendered":"","protected":false},"excerpt":{"rendered":"<p>See alpakavillast m\u00fcts on t\u00f5eline talve hitt-toode. Tekstuurne patentkoes beanie tagab kandmismugavuse ning s\u00e4ilitab oma vormi aastate jooksul. M\u00fcts on kootud v\u00e4ga kvaliteetsest beebialpaka villast, mis hoiab sind m\u00f5nusalt soojas ka k\u00f5ige k\u00fclmemal aastaajal.<\/p>\n<p>&nbsp;<\/p>\n<p>MATERJAL<\/p>\n<p><strong>100% beebialpaka<\/strong><\/p>\n<p>&nbsp;<\/p>\n","protected":false},"featured_media":52369,"template":"","meta":{"_acf_changed":false},"product_brand":[],"product_cat":[69,93],"product_tag":[],"product_shipping_class":[],"pa_soft-wrap-cardigan":[],"class_list":{"0":"post-20311","1":"product","2":"type-product","3":"status-publish","4":"has-post-thumbnail","6":"product_cat-mehed","7":"product_cat-mutsid","9":"first","10":"instock","11":"taxable","12":"shipping-taxable","13":"purchasable","14":"product-type-variable","15":"has-default-attributes","16":"wvs-archive-product-wrapper"},"bundled_by":["53678","53680"],"bundle_stock_status":"instock","bundle_stock_quantity":null,"bundle_virtual":false,"bundle_layout":"","bundle_add_to_cart_form_location":"","bundle_editable_in_cart":false,"bundle_sold_individually_context":"","bundle_item_grouping":"","bundle_min_size":"","bundle_max_size":"","bundle_price":[],"bundled_items":[],"bundle_sell_ids":[],"acf":[],"aioseo_notices":[],"_links":{"self":[{"href":"https:\/\/alpaka-shop.com\/et\/wp-json\/wp\/v2\/product\/20311","targetHints":{"allow":["GET"]}}],"collection":[{"href":"https:\/\/alpaka-shop.com\/et\/wp-json\/wp\/v2\/product"}],"about":[{"href":"https:\/\/alpaka-shop.com\/et\/wp-json\/wp\/v2\/types\/product"}],"wp:featuredmedia":[{"embeddable":true,"href":"https:\/\/alpaka-shop.com\/et\/wp-json\/wp\/v2\/media\/52369"}],"wp:attachment":[{"href":"https:\/\/alpaka-shop.com\/et\/wp-json\/wp\/v2\/media?parent=20311"}],"wp:term":[{"taxonomy":"product_brand","embeddable":true,"href":"https:\/\/alpaka-shop.com\/et\/wp-json\/wp\/v2\/product_brand?post=20311"},{"taxonomy":"product_cat","embeddable":true,"href":"https:\/\/alpaka-shop.com\/et\/wp-json\/wp\/v2\/product_cat?post=20311"},{"taxonomy":"product_tag","embeddable":true,"href":"https:\/\/alpaka-shop.com\/et\/wp-json\/wp\/v2\/product_tag?post=20311"},{"taxonomy":"product_shipping_class","embeddable":true,"href":"https:\/\/alpaka-shop.com\/et\/wp-json\/wp\/v2\/product_shipping_class?post=20311"},{"taxonomy":"pa_soft-wrap-cardigan","embeddable":true,"href":"https:\/\/alpaka-shop.com\/et\/wp-json\/wp\/v2\/pa_soft-wrap-cardigan?post=20311"}],"curies":[{"name":"wp","href":"https:\/\/api.w.org\/{rel}","templated":true}]}}