{"id":20521,"date":"2020-11-04T14:13:48","date_gmt":"2020-11-04T14:14:21","guid":{"rendered":"https:\/\/alpaka-shop.com\/?post_type=product&#038;p=20521"},"modified":"2025-12-05T18:07:04","modified_gmt":"2025-12-05T16:07:04","slug":"asummeetriline-kampsun","status":"publish","type":"product","link":"https:\/\/alpaka-shop.com\/et\/asummeetriline-kampsun\/","title":{"rendered":"As\u00fcmmeetriline kampsun"},"content":{"rendered":"","protected":false},"excerpt":{"rendered":"<p><span data-sheets-value=\"{&quot;1&quot;:2,&quot;2&quot;:&quot;As\u00fcmmeetriline kampsun\/ Kolmveerand varrukatega avar kampsun\/ Drapeeritud \u00f5huliselt kerge kampsun lisab elegantsi ning on \u00fchtlasi mugav. Kergelt avar tegumood ja kolmveerandpikkuses varrukad muudavad selle ideaalseks kaaslaseks ka soojadel p\u00e4evadel. Kampsuni vabalt langev ja as\u00fcmmeetriline l\u00f5ige tagavad suurep\u00e4rase liikumisvabaduse. Mudel on saadaval neljas erinevas toonis ning selle teeb oman\u00e4oliseks varieeruv koe laius. Tagasihoidlikud neutraalsed toonid muudavad selle lihtsasti kantavaks k\u00f5igega, andes juurde pilkup\u00fc\u00fcdvat \u0161armi. &quot;}\" data-sheets-userformat=\"{&quot;2&quot;:769,&quot;3&quot;:{&quot;1&quot;:0},&quot;11&quot;:4,&quot;12&quot;:0}\" data-sheets-textstyleruns=\"{&quot;1&quot;:0,&quot;2&quot;:{&quot;5&quot;:1}}\uee10{&quot;1&quot;:22}\uee10{&quot;1&quot;:24,&quot;2&quot;:{&quot;4&quot;:8,&quot;6&quot;:1}}\uee10{&quot;1&quot;:61}\">\u00a0Drapeeritud \u00f5huliselt kerge kampsun lisab elegantsi ning on \u00fchtlasi mugav. Kergelt avar tegumood ja kolmveerandpikkuses varrukad muudavad selle ideaalseks kaaslaseks ka soojadel p\u00e4evadel. Kampsuni vabalt langev ja as\u00fcmmeetriline l\u00f5ige tagavad suurep\u00e4rase liikumisvabaduse. Mudel on saadaval neljas erinevas toonis ning selle teeb oman\u00e4oliseks varieeruv koe laius. Tagasihoidlikud neutraalsed toonid muudavad selle lihtsasti kantavaks k\u00f5igega, andes juurde pilkup\u00fc\u00fcdvat \u0161armi.<\/span><\/p>\n<p>MATERJAL<br \/>\n<strong>50% Pima puuvill, 50% Modaal<\/strong><\/p>\n<p>PAKEND<br \/>\n<strong>kinkekarp<\/strong><\/p>\n","protected":false},"featured_media":20990,"template":"","meta":{"_acf_changed":false},"product_brand":[],"product_cat":[98,62],"product_tag":[],"product_shipping_class":[],"pa_soft-wrap-cardigan":[],"class_list":{"0":"post-20521","1":"product","2":"type-product","3":"status-publish","4":"has-post-thumbnail","6":"product_cat-kampsunid-kardiganid-naised","7":"product_cat-naised","9":"first","10":"instock","11":"sale","12":"taxable","13":"shipping-taxable","14":"purchasable","15":"product-type-variable","16":"has-default-attributes","17":"wvs-archive-product-wrapper"},"bundled_by":[],"bundle_stock_status":"instock","bundle_stock_quantity":null,"bundle_virtual":false,"bundle_layout":"","bundle_add_to_cart_form_location":"","bundle_editable_in_cart":false,"bundle_sold_individually_context":"","bundle_item_grouping":"","bundle_min_size":"","bundle_max_size":"","bundle_price":[],"bundled_items":[],"bundle_sell_ids":[],"acf":[],"aioseo_notices":[],"_links":{"self":[{"href":"https:\/\/alpaka-shop.com\/et\/wp-json\/wp\/v2\/product\/20521","targetHints":{"allow":["GET"]}}],"collection":[{"href":"https:\/\/alpaka-shop.com\/et\/wp-json\/wp\/v2\/product"}],"about":[{"href":"https:\/\/alpaka-shop.com\/et\/wp-json\/wp\/v2\/types\/product"}],"wp:featuredmedia":[{"embeddable":true,"href":"https:\/\/alpaka-shop.com\/et\/wp-json\/wp\/v2\/media\/20990"}],"wp:attachment":[{"href":"https:\/\/alpaka-shop.com\/et\/wp-json\/wp\/v2\/media?parent=20521"}],"wp:term":[{"taxonomy":"product_brand","embeddable":true,"href":"https:\/\/alpaka-shop.com\/et\/wp-json\/wp\/v2\/product_brand?post=20521"},{"taxonomy":"product_cat","embeddable":true,"href":"https:\/\/alpaka-shop.com\/et\/wp-json\/wp\/v2\/product_cat?post=20521"},{"taxonomy":"product_tag","embeddable":true,"href":"https:\/\/alpaka-shop.com\/et\/wp-json\/wp\/v2\/product_tag?post=20521"},{"taxonomy":"product_shipping_class","embeddable":true,"href":"https:\/\/alpaka-shop.com\/et\/wp-json\/wp\/v2\/product_shipping_class?post=20521"},{"taxonomy":"pa_soft-wrap-cardigan","embeddable":true,"href":"https:\/\/alpaka-shop.com\/et\/wp-json\/wp\/v2\/pa_soft-wrap-cardigan?post=20521"}],"curies":[{"name":"wp","href":"https:\/\/api.w.org\/{rel}","templated":true}]}}