{"id":21701,"date":"2020-11-11T14:07:37","date_gmt":"2020-11-11T14:07:37","guid":{"rendered":"https:\/\/alpaka-shop.com\/?post_type=product&#038;p=21701"},"modified":"2026-03-11T09:14:35","modified_gmt":"2026-03-11T07:14:35","slug":"kerge-patentkoes-muts-tutiga","status":"publish","type":"product","link":"https:\/\/alpaka-shop.com\/et\/kerge-patentkoes-muts-tutiga\/","title":{"rendered":"Kerge patentkoes m\u00fcts tutiga"},"content":{"rendered":"","protected":false},"excerpt":{"rendered":"<p>Patentkoes m\u00fcts hoiab sind stiilselt soojas nii t\u00e4naval kui matkates. See on valmistatud imelisest beebialpaka villast, mis on vastupidav, sametiselt pehme ning ajatu. Aksessuaar, mida hindad veel aastaid.<\/p>\n<p>MATERJAL<br \/>\n<strong>60% beebialpaka \u00a05% meriinovill (21 mik.), 35% pol\u00fcamiid<\/strong><\/p>\n<p>&nbsp;<\/p>\n","protected":false},"featured_media":21737,"template":"","meta":{"_acf_changed":false},"product_brand":[],"product_cat":[96,62],"product_tag":[],"product_shipping_class":[],"pa_soft-wrap-cardigan":[],"class_list":{"0":"post-21701","1":"product","2":"type-product","3":"status-publish","4":"has-post-thumbnail","6":"product_cat-mutsid-naised","7":"product_cat-naised","9":"first","10":"instock","11":"taxable","12":"shipping-taxable","13":"purchasable","14":"product-type-variable","15":"has-default-attributes","16":"wvs-archive-product-wrapper"},"bundled_by":[],"bundle_stock_status":"instock","bundle_stock_quantity":null,"bundle_virtual":false,"bundle_layout":"","bundle_add_to_cart_form_location":"","bundle_editable_in_cart":false,"bundle_sold_individually_context":"","bundle_item_grouping":"","bundle_min_size":"","bundle_max_size":"","bundle_price":[],"bundled_items":[],"bundle_sell_ids":[],"acf":[],"aioseo_notices":[],"_links":{"self":[{"href":"https:\/\/alpaka-shop.com\/et\/wp-json\/wp\/v2\/product\/21701","targetHints":{"allow":["GET"]}}],"collection":[{"href":"https:\/\/alpaka-shop.com\/et\/wp-json\/wp\/v2\/product"}],"about":[{"href":"https:\/\/alpaka-shop.com\/et\/wp-json\/wp\/v2\/types\/product"}],"wp:featuredmedia":[{"embeddable":true,"href":"https:\/\/alpaka-shop.com\/et\/wp-json\/wp\/v2\/media\/21737"}],"wp:attachment":[{"href":"https:\/\/alpaka-shop.com\/et\/wp-json\/wp\/v2\/media?parent=21701"}],"wp:term":[{"taxonomy":"product_brand","embeddable":true,"href":"https:\/\/alpaka-shop.com\/et\/wp-json\/wp\/v2\/product_brand?post=21701"},{"taxonomy":"product_cat","embeddable":true,"href":"https:\/\/alpaka-shop.com\/et\/wp-json\/wp\/v2\/product_cat?post=21701"},{"taxonomy":"product_tag","embeddable":true,"href":"https:\/\/alpaka-shop.com\/et\/wp-json\/wp\/v2\/product_tag?post=21701"},{"taxonomy":"product_shipping_class","embeddable":true,"href":"https:\/\/alpaka-shop.com\/et\/wp-json\/wp\/v2\/product_shipping_class?post=21701"},{"taxonomy":"pa_soft-wrap-cardigan","embeddable":true,"href":"https:\/\/alpaka-shop.com\/et\/wp-json\/wp\/v2\/pa_soft-wrap-cardigan?post=21701"}],"curies":[{"name":"wp","href":"https:\/\/api.w.org\/{rel}","templated":true}]}}