{"id":23195,"date":"2020-12-15T15:53:43","date_gmt":"2020-12-15T13:53:43","guid":{"rendered":"https:\/\/alpaka-shop.com\/?post_type=product&#038;p=23195"},"modified":"2026-04-13T12:00:06","modified_gmt":"2026-04-13T09:00:06","slug":"pleed-classic","status":"publish","type":"product","link":"https:\/\/alpaka-shop.com\/et\/pleed-classic\/","title":{"rendered":"Pleed Classic"},"content":{"rendered":"","protected":false},"excerpt":{"rendered":"<p>Pleed Classic on soe ja eriliselt m\u00f5nus sisustusdetail, mis toob tuppa \u00fclima hubasuse ja mugavuse. T\u00e4nu mahedale v\u00e4rvigammale on pleedi lihtne sobitada eri stiilidega interj\u00f6\u00f6ridesse ning pleed on ka suurep\u00e4raseks kaaslaseks k\u00fclmadel \u00f5htutel \u00f5ues v\u00f5i terrassil. Pidades silmas j\u00e4tkusuutlikku m\u00f5tteviisi on meie pleed loodud eelistades naturaalseid materjale ja taaskasutatud alpaka ja lambavilla. Villa taaskasutamine v\u00f5imaldab meil luua keskkonnas\u00f5bralikke tooteid, s\u00e4\u00e4stes sealjuures hinnalisi looduslikke varasid ning v\u00e4ltida \u00fcleliigseid tekstiilij\u00e4\u00e4tmeid. Leia oma lemmik ajatute klassikaliste toonide hulgast ja kaunista oma kodu k\u00f5ige soojamate emotsioonidega.<\/p>\n<p>MATERJAL<br \/>\n<strong>40% alpaka, 45% vill, 15% akr\u00fc\u00fcl<\/strong><\/p>\n<p>Toode v\u00f5ib ajada kasutamise alguses veidi karva, kuna tegemist on naturaalse materjaliga.<\/p>\n","protected":false},"featured_media":52934,"template":"","meta":{"_acf_changed":false},"product_brand":[],"product_cat":[2812,2642,91,108],"product_tag":[],"product_shipping_class":[],"pa_soft-wrap-cardigan":[],"class_list":{"0":"post-23195","1":"product","2":"type-product","3":"status-publish","4":"has-post-thumbnail","6":"product_cat-martsi-kampaania","7":"product_cat-our-seasons-favourites-et","8":"product_cat-pleedid","9":"product_cat-sisustus","11":"first","12":"instock","13":"taxable","14":"shipping-taxable","15":"purchasable","16":"product-type-variable","17":"has-default-attributes","18":"wvs-archive-product-wrapper"},"bundled_by":[],"bundle_stock_status":"instock","bundle_stock_quantity":null,"bundle_virtual":false,"bundle_layout":"","bundle_add_to_cart_form_location":"","bundle_editable_in_cart":false,"bundle_sold_individually_context":"","bundle_item_grouping":"","bundle_min_size":"","bundle_max_size":"","bundle_price":[],"bundled_items":[],"bundle_sell_ids":[],"acf":[],"aioseo_notices":[],"_links":{"self":[{"href":"https:\/\/alpaka-shop.com\/et\/wp-json\/wp\/v2\/product\/23195","targetHints":{"allow":["GET"]}}],"collection":[{"href":"https:\/\/alpaka-shop.com\/et\/wp-json\/wp\/v2\/product"}],"about":[{"href":"https:\/\/alpaka-shop.com\/et\/wp-json\/wp\/v2\/types\/product"}],"wp:featuredmedia":[{"embeddable":true,"href":"https:\/\/alpaka-shop.com\/et\/wp-json\/wp\/v2\/media\/52934"}],"wp:attachment":[{"href":"https:\/\/alpaka-shop.com\/et\/wp-json\/wp\/v2\/media?parent=23195"}],"wp:term":[{"taxonomy":"product_brand","embeddable":true,"href":"https:\/\/alpaka-shop.com\/et\/wp-json\/wp\/v2\/product_brand?post=23195"},{"taxonomy":"product_cat","embeddable":true,"href":"https:\/\/alpaka-shop.com\/et\/wp-json\/wp\/v2\/product_cat?post=23195"},{"taxonomy":"product_tag","embeddable":true,"href":"https:\/\/alpaka-shop.com\/et\/wp-json\/wp\/v2\/product_tag?post=23195"},{"taxonomy":"product_shipping_class","embeddable":true,"href":"https:\/\/alpaka-shop.com\/et\/wp-json\/wp\/v2\/product_shipping_class?post=23195"},{"taxonomy":"pa_soft-wrap-cardigan","embeddable":true,"href":"https:\/\/alpaka-shop.com\/et\/wp-json\/wp\/v2\/pa_soft-wrap-cardigan?post=23195"}],"curies":[{"name":"wp","href":"https:\/\/api.w.org\/{rel}","templated":true}]}}