{"id":23421,"date":"2020-12-15T12:53:45","date_gmt":"2020-12-15T10:53:49","guid":{"rendered":"https:\/\/alpaka-shop.com\/?post_type=product&#038;p=23421"},"modified":"2025-07-01T09:00:25","modified_gmt":"2025-07-01T06:00:25","slug":"varvimanguga-laste-muts-tutiga-tudrukutele","status":"publish","type":"product","link":"https:\/\/alpaka-shop.com\/et\/varvimanguga-laste-muts-tutiga-tudrukutele\/","title":{"rendered":"V\u00e4rvim\u00e4nguga laste m\u00fcts tutiga t\u00fcdrukutele"},"content":{"rendered":"","protected":false},"excerpt":{"rendered":"<p>Hoia oma pisikesed soojas imeliselt pehme alpakavillast m\u00fctsiga. Toode katab k\u00f5rvad t\u00e4ielikult ning kaitseb l\u00f5ikava tuule eest. Igal komplektil on erinev v\u00e4rvimuster, mist\u00f5ttu sobib m\u00fcts ideaalselt nii poistele kui t\u00fcdrukutele. V\u00f5id olla kindel, et su kullakesed on hoitud ka k\u00f5ige k\u00fclmemal aastaajal. Sobib eri vanuses poistele ja t\u00fcdrukutele.<\/p>\n<p>&nbsp;<\/p>\n<p>MATERJAL<\/p>\n<p><strong>60% beebialpaka \u00a05% meriinovill (21mik.), 35% pol\u00fcamiid<\/strong><\/p>\n<p>PAKEND<\/p>\n<p><strong>kinkekarp<\/strong><\/p>\n","protected":false},"featured_media":23454,"template":"","meta":{"_acf_changed":false},"product_brand":[],"product_cat":[908],"product_tag":[],"product_shipping_class":[],"pa_soft-wrap-cardigan":[],"class_list":{"0":"post-23421","1":"product","2":"type-product","3":"status-publish","4":"has-post-thumbnail","6":"product_cat-lapsed","8":"first","9":"outofstock","10":"sale","11":"taxable","12":"shipping-taxable","13":"purchasable","14":"product-type-variable","15":"has-default-attributes","16":"wvs-archive-product-wrapper"},"bundled_by":[],"bundle_stock_status":"outofstock","bundle_stock_quantity":null,"bundle_virtual":false,"bundle_layout":"","bundle_add_to_cart_form_location":"","bundle_editable_in_cart":false,"bundle_sold_individually_context":"","bundle_item_grouping":"","bundle_min_size":"","bundle_max_size":"","bundle_price":[],"bundled_items":[],"bundle_sell_ids":[],"acf":[],"aioseo_notices":[],"_links":{"self":[{"href":"https:\/\/alpaka-shop.com\/et\/wp-json\/wp\/v2\/product\/23421","targetHints":{"allow":["GET"]}}],"collection":[{"href":"https:\/\/alpaka-shop.com\/et\/wp-json\/wp\/v2\/product"}],"about":[{"href":"https:\/\/alpaka-shop.com\/et\/wp-json\/wp\/v2\/types\/product"}],"wp:featuredmedia":[{"embeddable":true,"href":"https:\/\/alpaka-shop.com\/et\/wp-json\/wp\/v2\/media\/23454"}],"wp:attachment":[{"href":"https:\/\/alpaka-shop.com\/et\/wp-json\/wp\/v2\/media?parent=23421"}],"wp:term":[{"taxonomy":"product_brand","embeddable":true,"href":"https:\/\/alpaka-shop.com\/et\/wp-json\/wp\/v2\/product_brand?post=23421"},{"taxonomy":"product_cat","embeddable":true,"href":"https:\/\/alpaka-shop.com\/et\/wp-json\/wp\/v2\/product_cat?post=23421"},{"taxonomy":"product_tag","embeddable":true,"href":"https:\/\/alpaka-shop.com\/et\/wp-json\/wp\/v2\/product_tag?post=23421"},{"taxonomy":"product_shipping_class","embeddable":true,"href":"https:\/\/alpaka-shop.com\/et\/wp-json\/wp\/v2\/product_shipping_class?post=23421"},{"taxonomy":"pa_soft-wrap-cardigan","embeddable":true,"href":"https:\/\/alpaka-shop.com\/et\/wp-json\/wp\/v2\/pa_soft-wrap-cardigan?post=23421"}],"curies":[{"name":"wp","href":"https:\/\/api.w.org\/{rel}","templated":true}]}}