{"id":24734,"date":"2020-12-21T16:57:02","date_gmt":"2020-12-21T14:57:27","guid":{"rendered":"https:\/\/alpaka-shop.com\/?post_type=product&#038;p=24734"},"modified":"2024-11-08T22:20:09","modified_gmt":"2024-11-08T20:20:09","slug":"sall-classic-kalasaba-mehed","status":"publish","type":"product","link":"https:\/\/alpaka-shop.com\/et\/sall-classic-kalasaba-mehed\/","title":{"rendered":"Sall Classic Kalasaba"},"content":{"rendered":"","protected":false},"excerpt":{"rendered":"<p>Imeilus sall on kootud kalasabamustris pehmest alpaka- ja lambavilla segust ning lisab p\u00f5neva n\u00fcansi igale riietusele. Tunne end trendikalt ja v\u00e4ljapeetult ning lase end viia maailma, kus ajatu ilu k\u00e4ib k\u00e4sik\u00e4es looduss\u00f5bralikkusega.<\/p>\n<p>MATERJAL<br \/>\n<strong>40% alpaka, 45% vill, 15% akr\u00fc\u00fcl<\/strong><\/p>\n<p>PAKEND<br \/>\n<strong>kinkekarp<\/strong><\/p>\n<p>&nbsp;<\/p>\n","protected":false},"featured_media":24510,"template":"","meta":{"_acf_changed":false},"product_brand":[],"product_cat":[69,92],"product_tag":[],"product_shipping_class":[],"pa_soft-wrap-cardigan":[],"class_list":{"0":"post-24734","1":"product","2":"type-product","3":"status-publish","4":"has-post-thumbnail","6":"product_cat-mehed","7":"product_cat-sallid","9":"first","10":"instock","11":"taxable","12":"shipping-taxable","13":"purchasable","14":"product-type-variable","15":"has-default-attributes","16":"wvs-archive-product-wrapper"},"bundled_by":[],"bundle_stock_status":"instock","bundle_stock_quantity":null,"bundle_virtual":false,"bundle_layout":"","bundle_add_to_cart_form_location":"","bundle_editable_in_cart":false,"bundle_sold_individually_context":"","bundle_item_grouping":"","bundle_min_size":"","bundle_max_size":"","bundle_price":[],"bundled_items":[],"bundle_sell_ids":[],"acf":[],"aioseo_notices":[],"_links":{"self":[{"href":"https:\/\/alpaka-shop.com\/et\/wp-json\/wp\/v2\/product\/24734","targetHints":{"allow":["GET"]}}],"collection":[{"href":"https:\/\/alpaka-shop.com\/et\/wp-json\/wp\/v2\/product"}],"about":[{"href":"https:\/\/alpaka-shop.com\/et\/wp-json\/wp\/v2\/types\/product"}],"wp:featuredmedia":[{"embeddable":true,"href":"https:\/\/alpaka-shop.com\/et\/wp-json\/wp\/v2\/media\/24510"}],"wp:attachment":[{"href":"https:\/\/alpaka-shop.com\/et\/wp-json\/wp\/v2\/media?parent=24734"}],"wp:term":[{"taxonomy":"product_brand","embeddable":true,"href":"https:\/\/alpaka-shop.com\/et\/wp-json\/wp\/v2\/product_brand?post=24734"},{"taxonomy":"product_cat","embeddable":true,"href":"https:\/\/alpaka-shop.com\/et\/wp-json\/wp\/v2\/product_cat?post=24734"},{"taxonomy":"product_tag","embeddable":true,"href":"https:\/\/alpaka-shop.com\/et\/wp-json\/wp\/v2\/product_tag?post=24734"},{"taxonomy":"product_shipping_class","embeddable":true,"href":"https:\/\/alpaka-shop.com\/et\/wp-json\/wp\/v2\/product_shipping_class?post=24734"},{"taxonomy":"pa_soft-wrap-cardigan","embeddable":true,"href":"https:\/\/alpaka-shop.com\/et\/wp-json\/wp\/v2\/pa_soft-wrap-cardigan?post=24734"}],"curies":[{"name":"wp","href":"https:\/\/api.w.org\/{rel}","templated":true}]}}