{"id":25278,"date":"2021-01-27T13:14:32","date_gmt":"2021-01-27T11:14:32","guid":{"rendered":"https:\/\/alpaka-shop.com\/?post_type=product&#038;p=25278"},"modified":"2026-03-06T12:26:59","modified_gmt":"2026-03-06T10:26:59","slug":"sall-boucle","status":"publish","type":"product","link":"https:\/\/alpaka-shop.com\/et\/sall-boucle\/","title":{"rendered":"Sall Boucle"},"content":{"rendered":"","protected":false},"excerpt":{"rendered":"<p><span data-sheets-value=\"{&quot;1&quot;:2,&quot;2&quot;:&quot;Sall Boucle\/ Harjatud pinnaga bukleel\u00f5ngast sall\/ Bukleel\u00f5ngast sall on valmistatud imeliselt siidisest beebialpaka villast. Sall on t\u00e4nu erakordsele materjalile eriliselt kohev, mis muudab selle \u00fclimalt soojaks ja pehmeks. Saadaval on lai v\u00e4rvivalik igale maitsele ning sall lisab p\u00f5neva n\u00fcansi igale riietusele.&quot;}\" data-sheets-userformat=\"{&quot;2&quot;:771,&quot;3&quot;:{&quot;1&quot;:0},&quot;4&quot;:{&quot;1&quot;:2,&quot;2&quot;:16773836},&quot;11&quot;:4,&quot;12&quot;:0}\" data-sheets-textstyleruns=\"{&quot;1&quot;:0,&quot;2&quot;:{&quot;5&quot;:1}}\uee10{&quot;1&quot;:11}\uee10{&quot;1&quot;:13,&quot;2&quot;:{&quot;4&quot;:8,&quot;6&quot;:1}}\uee10{&quot;1&quot;:48,&quot;2&quot;:{&quot;6&quot;:1}}\uee10{&quot;1&quot;:49}\">Bukleel\u00f5ngast sall on valmistatud imeliselt siidisest beebialpaka villast. Sall on t\u00e4nu erakordsele materjalile eriliselt kohev, mis muudab selle \u00fclimalt soojaks ja pehmeks. Saadaval on lai v\u00e4rvivalik igale maitsele ning sall lisab p\u00f5neva n\u00fcansi igale riietusele.<\/span><\/p>\n<p>MATERJAL<br \/>\n<strong>89% beebialpaka, 11% pol\u00fcamiid<\/strong><\/p>\n<p>&nbsp;<\/p>\n","protected":false},"featured_media":25362,"template":"","meta":{"_acf_changed":false},"product_brand":[],"product_cat":[62,65],"product_tag":[],"product_shipping_class":[],"pa_soft-wrap-cardigan":[],"class_list":{"0":"post-25278","1":"product","2":"type-product","3":"status-publish","4":"has-post-thumbnail","6":"product_cat-naised","7":"product_cat-sallid-ja-olasallid","9":"first","10":"instock","11":"taxable","12":"shipping-taxable","13":"purchasable","14":"product-type-variable","15":"has-default-attributes","16":"wvs-archive-product-wrapper"},"bundled_by":[],"bundle_stock_status":"instock","bundle_stock_quantity":null,"bundle_virtual":false,"bundle_layout":"","bundle_add_to_cart_form_location":"","bundle_editable_in_cart":false,"bundle_sold_individually_context":"","bundle_item_grouping":"","bundle_min_size":"","bundle_max_size":"","bundle_price":[],"bundled_items":[],"bundle_sell_ids":[],"acf":[],"aioseo_notices":[],"_links":{"self":[{"href":"https:\/\/alpaka-shop.com\/et\/wp-json\/wp\/v2\/product\/25278","targetHints":{"allow":["GET"]}}],"collection":[{"href":"https:\/\/alpaka-shop.com\/et\/wp-json\/wp\/v2\/product"}],"about":[{"href":"https:\/\/alpaka-shop.com\/et\/wp-json\/wp\/v2\/types\/product"}],"wp:featuredmedia":[{"embeddable":true,"href":"https:\/\/alpaka-shop.com\/et\/wp-json\/wp\/v2\/media\/25362"}],"wp:attachment":[{"href":"https:\/\/alpaka-shop.com\/et\/wp-json\/wp\/v2\/media?parent=25278"}],"wp:term":[{"taxonomy":"product_brand","embeddable":true,"href":"https:\/\/alpaka-shop.com\/et\/wp-json\/wp\/v2\/product_brand?post=25278"},{"taxonomy":"product_cat","embeddable":true,"href":"https:\/\/alpaka-shop.com\/et\/wp-json\/wp\/v2\/product_cat?post=25278"},{"taxonomy":"product_tag","embeddable":true,"href":"https:\/\/alpaka-shop.com\/et\/wp-json\/wp\/v2\/product_tag?post=25278"},{"taxonomy":"product_shipping_class","embeddable":true,"href":"https:\/\/alpaka-shop.com\/et\/wp-json\/wp\/v2\/product_shipping_class?post=25278"},{"taxonomy":"pa_soft-wrap-cardigan","embeddable":true,"href":"https:\/\/alpaka-shop.com\/et\/wp-json\/wp\/v2\/pa_soft-wrap-cardigan?post=25278"}],"curies":[{"name":"wp","href":"https:\/\/api.w.org\/{rel}","templated":true}]}}