{"id":25602,"date":"2021-01-29T13:22:33","date_gmt":"2021-01-29T11:22:33","guid":{"rendered":"https:\/\/alpaka-shop.com\/?post_type=product&#038;p=25602"},"modified":"2026-02-25T10:00:11","modified_gmt":"2026-02-25T08:00:11","slug":"pleed-classic-check","status":"publish","type":"product","link":"https:\/\/alpaka-shop.com\/et\/pleed-classic-check\/","title":{"rendered":"Pleed Classic Check"},"content":{"rendered":"","protected":false},"excerpt":{"rendered":"<p>Sujuva \u00fcleminekuga v\u00e4rvides ruudulise mustriga pleed on valmistatud \u00fcmbert\u00f6\u00f6deldud alpakavillast. K\u00f5rgkvaliteetsest villasegust pleed on pilkup\u00fc\u00fcdev kuid klassikaline. Koge kordumatu pehmuse, soojuse ja vastupidavuse koosk\u00f5la, mis pakub \u00f5dusat mugavust just siis kui seda vajad. T\u00e4nu oma kergele kaalule on pleed lihtsasti kaasaskantav ja suurep\u00e4rane kasutamiseks toas, \u00f5ues ja reisides.<\/p>\n<p>MATERJAL<\/p>\n<p><strong>40% taaskasutatud alpaka \/ 45% vill \/ 15% akr\u00fc\u00fcl<\/strong><\/p>\n<p>Toode v\u00f5ib ajada kasutamise alguses veidi karva, kuna tegemist on naturaalse materjaliga.<\/p>\n","protected":false},"featured_media":25539,"template":"","meta":{"_acf_changed":false},"product_brand":[],"product_cat":[91,108],"product_tag":[],"product_shipping_class":[],"pa_soft-wrap-cardigan":[],"class_list":{"0":"post-25602","1":"product","2":"type-product","3":"status-publish","4":"has-post-thumbnail","6":"product_cat-pleedid","7":"product_cat-sisustus","9":"first","10":"instock","11":"taxable","12":"shipping-taxable","13":"purchasable","14":"product-type-variable","15":"has-default-attributes","16":"wvs-archive-product-wrapper"},"bundled_by":[],"bundle_stock_status":"instock","bundle_stock_quantity":null,"bundle_virtual":false,"bundle_layout":"","bundle_add_to_cart_form_location":"","bundle_editable_in_cart":false,"bundle_sold_individually_context":"","bundle_item_grouping":"","bundle_min_size":"","bundle_max_size":"","bundle_price":[],"bundled_items":[],"bundle_sell_ids":[],"acf":[],"aioseo_notices":[],"_links":{"self":[{"href":"https:\/\/alpaka-shop.com\/et\/wp-json\/wp\/v2\/product\/25602","targetHints":{"allow":["GET"]}}],"collection":[{"href":"https:\/\/alpaka-shop.com\/et\/wp-json\/wp\/v2\/product"}],"about":[{"href":"https:\/\/alpaka-shop.com\/et\/wp-json\/wp\/v2\/types\/product"}],"wp:featuredmedia":[{"embeddable":true,"href":"https:\/\/alpaka-shop.com\/et\/wp-json\/wp\/v2\/media\/25539"}],"wp:attachment":[{"href":"https:\/\/alpaka-shop.com\/et\/wp-json\/wp\/v2\/media?parent=25602"}],"wp:term":[{"taxonomy":"product_brand","embeddable":true,"href":"https:\/\/alpaka-shop.com\/et\/wp-json\/wp\/v2\/product_brand?post=25602"},{"taxonomy":"product_cat","embeddable":true,"href":"https:\/\/alpaka-shop.com\/et\/wp-json\/wp\/v2\/product_cat?post=25602"},{"taxonomy":"product_tag","embeddable":true,"href":"https:\/\/alpaka-shop.com\/et\/wp-json\/wp\/v2\/product_tag?post=25602"},{"taxonomy":"product_shipping_class","embeddable":true,"href":"https:\/\/alpaka-shop.com\/et\/wp-json\/wp\/v2\/product_shipping_class?post=25602"},{"taxonomy":"pa_soft-wrap-cardigan","embeddable":true,"href":"https:\/\/alpaka-shop.com\/et\/wp-json\/wp\/v2\/pa_soft-wrap-cardigan?post=25602"}],"curies":[{"name":"wp","href":"https:\/\/api.w.org\/{rel}","templated":true}]}}