{"id":25771,"date":"2021-01-30T09:35:19","date_gmt":"2021-02-01T13:46:22","guid":{"rendered":"https:\/\/alpaka-shop.com\/?post_type=product&#038;p=25771"},"modified":"2026-03-10T09:30:11","modified_gmt":"2026-03-10T07:30:11","slug":"karvaaarisega-olasall","status":"publish","type":"product","link":"https:\/\/alpaka-shop.com\/et\/karvaaarisega-olasall\/","title":{"rendered":"Karva\u00e4\u00e4risega \u00f5lasall"},"content":{"rendered":"","protected":false},"excerpt":{"rendered":"<p>See imeline luksuslik sall on tehtud 100% beebialpaka villast ja on \u00e4\u00e4ristatud naturaalse alpaka karvaga. Pehmust ja soojust \u00f5hkav sall on ajatu valik moeaksessuaariks pidulikele s\u00fcndmustele, kuid sobib suurep\u00e4raselt sisustuselemendiks. Karva\u00e4\u00e4risega \u00f5lasall on \u0161ikk valik kvaliteediteadlikule naisele, kes oskab hinnata igavest klassikat ja peent elegantsi. Soovime oma loominguga pakkuda kustumatuid hetki, mis j\u00e4\u00e4vad meelde erakordsete ja imelistena. Meie loomingus kasutatav alpakade karv on julmuse vaba, seega naudid nahatoote k\u00fclluslikku luksust teadmisega, et see on eetiline ja j\u00e4tkusuutlik.<\/p>\n<p>MATERJAL<br \/>\n<strong>100% beebialpaka vill alpaka nahast \u00e4\u00e4risega<\/strong><\/p>\n<p>PAKEND<br \/>\n<strong>kinkekarp<\/strong><\/p>\n","protected":false},"featured_media":2164,"template":"","meta":{"_acf_changed":false},"product_brand":[],"product_cat":[62,65],"product_tag":[],"product_shipping_class":[],"pa_soft-wrap-cardigan":[],"class_list":{"0":"post-25771","1":"product","2":"type-product","3":"status-publish","4":"has-post-thumbnail","6":"product_cat-naised","7":"product_cat-sallid-ja-olasallid","9":"first","10":"instock","11":"taxable","12":"shipping-taxable","13":"purchasable","14":"product-type-variable","15":"has-default-attributes","16":"wvs-archive-product-wrapper"},"bundled_by":[],"bundle_stock_status":"instock","bundle_stock_quantity":null,"bundle_virtual":false,"bundle_layout":"","bundle_add_to_cart_form_location":"","bundle_editable_in_cart":false,"bundle_sold_individually_context":"","bundle_item_grouping":"","bundle_min_size":"","bundle_max_size":"","bundle_price":[],"bundled_items":[],"bundle_sell_ids":[],"acf":[],"aioseo_notices":[],"_links":{"self":[{"href":"https:\/\/alpaka-shop.com\/et\/wp-json\/wp\/v2\/product\/25771","targetHints":{"allow":["GET"]}}],"collection":[{"href":"https:\/\/alpaka-shop.com\/et\/wp-json\/wp\/v2\/product"}],"about":[{"href":"https:\/\/alpaka-shop.com\/et\/wp-json\/wp\/v2\/types\/product"}],"wp:featuredmedia":[{"embeddable":true,"href":"https:\/\/alpaka-shop.com\/et\/wp-json\/wp\/v2\/media\/2164"}],"wp:attachment":[{"href":"https:\/\/alpaka-shop.com\/et\/wp-json\/wp\/v2\/media?parent=25771"}],"wp:term":[{"taxonomy":"product_brand","embeddable":true,"href":"https:\/\/alpaka-shop.com\/et\/wp-json\/wp\/v2\/product_brand?post=25771"},{"taxonomy":"product_cat","embeddable":true,"href":"https:\/\/alpaka-shop.com\/et\/wp-json\/wp\/v2\/product_cat?post=25771"},{"taxonomy":"product_tag","embeddable":true,"href":"https:\/\/alpaka-shop.com\/et\/wp-json\/wp\/v2\/product_tag?post=25771"},{"taxonomy":"product_shipping_class","embeddable":true,"href":"https:\/\/alpaka-shop.com\/et\/wp-json\/wp\/v2\/product_shipping_class?post=25771"},{"taxonomy":"pa_soft-wrap-cardigan","embeddable":true,"href":"https:\/\/alpaka-shop.com\/et\/wp-json\/wp\/v2\/pa_soft-wrap-cardigan?post=25771"}],"curies":[{"name":"wp","href":"https:\/\/api.w.org\/{rel}","templated":true}]}}