{"id":30514,"date":"2021-11-15T17:38:59","date_gmt":"2021-11-15T15:38:59","guid":{"rendered":"https:\/\/alpaka-shop.com\/lapsed-beret\/"},"modified":"2026-04-21T13:30:12","modified_gmt":"2026-04-21T10:30:12","slug":"lapsed-beret","status":"publish","type":"product","link":"https:\/\/alpaka-shop.com\/et\/lapsed-beret\/","title":{"rendered":"Laste barett"},"content":{"rendered":"","protected":false},"excerpt":{"rendered":"<p>Laste barett on m\u00f5eldud k\u00f5ikidele v\u00e4ikestele moehuvilistele, kes soovivad kanda midagi erilist ja m\u00e4ngulist.<\/p>\n<p>Beebialpaka ja villa segu tagab erakordse pehmuse ning soojuse. V\u00e4rvivalik varieerub kahvatulillast hallikate toonideni. Baretti kandes v\u00f5ib tunda end kui t\u00f5eline v\u00e4ike pariisitar.<\/p>\n<p>MATERIAL<br \/>\n<strong>60% Beebialpaka, 5% Meriinovill (21mic.), 35% Pol\u00fcamiid<\/strong><\/p>\n<p>&nbsp;<\/p>\n","protected":false},"featured_media":30133,"template":"","meta":{"_acf_changed":false},"product_brand":[],"product_cat":[908],"product_tag":[],"product_shipping_class":[],"pa_soft-wrap-cardigan":[],"class_list":{"0":"post-30514","1":"product","2":"type-product","3":"status-publish","4":"has-post-thumbnail","6":"product_cat-lapsed","8":"first","9":"instock","10":"taxable","11":"shipping-taxable","12":"purchasable","13":"product-type-variable","14":"has-default-attributes","15":"wvs-archive-product-wrapper"},"bundled_by":[],"bundle_stock_status":"instock","bundle_stock_quantity":null,"bundle_virtual":false,"bundle_layout":"","bundle_add_to_cart_form_location":"","bundle_editable_in_cart":false,"bundle_sold_individually_context":"","bundle_item_grouping":"","bundle_min_size":"","bundle_max_size":"","bundle_price":[],"bundled_items":[],"bundle_sell_ids":[],"acf":[],"aioseo_notices":[],"_links":{"self":[{"href":"https:\/\/alpaka-shop.com\/et\/wp-json\/wp\/v2\/product\/30514","targetHints":{"allow":["GET"]}}],"collection":[{"href":"https:\/\/alpaka-shop.com\/et\/wp-json\/wp\/v2\/product"}],"about":[{"href":"https:\/\/alpaka-shop.com\/et\/wp-json\/wp\/v2\/types\/product"}],"wp:featuredmedia":[{"embeddable":true,"href":"https:\/\/alpaka-shop.com\/et\/wp-json\/wp\/v2\/media\/30133"}],"wp:attachment":[{"href":"https:\/\/alpaka-shop.com\/et\/wp-json\/wp\/v2\/media?parent=30514"}],"wp:term":[{"taxonomy":"product_brand","embeddable":true,"href":"https:\/\/alpaka-shop.com\/et\/wp-json\/wp\/v2\/product_brand?post=30514"},{"taxonomy":"product_cat","embeddable":true,"href":"https:\/\/alpaka-shop.com\/et\/wp-json\/wp\/v2\/product_cat?post=30514"},{"taxonomy":"product_tag","embeddable":true,"href":"https:\/\/alpaka-shop.com\/et\/wp-json\/wp\/v2\/product_tag?post=30514"},{"taxonomy":"product_shipping_class","embeddable":true,"href":"https:\/\/alpaka-shop.com\/et\/wp-json\/wp\/v2\/product_shipping_class?post=30514"},{"taxonomy":"pa_soft-wrap-cardigan","embeddable":true,"href":"https:\/\/alpaka-shop.com\/et\/wp-json\/wp\/v2\/pa_soft-wrap-cardigan?post=30514"}],"curies":[{"name":"wp","href":"https:\/\/api.w.org\/{rel}","templated":true}]}}