{"id":30537,"date":"2021-11-15T19:15:24","date_gmt":"2021-11-15T17:15:24","guid":{"rendered":"https:\/\/alpaka-shop.com\/palmikoes-lastemuts\/"},"modified":"2026-03-11T09:36:28","modified_gmt":"2026-03-11T07:36:28","slug":"palmikoes-lastemuts","status":"publish","type":"product","link":"https:\/\/alpaka-shop.com\/et\/palmikoes-lastemuts\/","title":{"rendered":"Palmikoes lastem\u00fcts"},"content":{"rendered":"","protected":false},"excerpt":{"rendered":"<p>Palmikkoes m\u00fcts muudab trendikaks ka k\u00f5ige pisemad kandjad. Peakate on valmistatud 100% beebialpaka villast, mis on t\u00e4nu oma imelistele omadustele tuntud \u00fclemaailmselt kui \u00fcks kvaliteetsemaid kangaid.<\/p>\n<p>M\u00fcts on saadaval ilma tutita kui ka julmusevaba tutiga. M\u00fcts tundub peas kui pehme pai.<\/p>\n<p>MATERJAL<br \/>\n<strong>100% Beebialpaka<\/strong><\/p>\n<p>&nbsp;<\/p>\n","protected":false},"featured_media":30328,"template":"","meta":{"_acf_changed":false},"product_brand":[],"product_cat":[908],"product_tag":[],"product_shipping_class":[],"pa_soft-wrap-cardigan":[],"class_list":{"0":"post-30537","1":"product","2":"type-product","3":"status-publish","4":"has-post-thumbnail","6":"product_cat-lapsed","8":"first","9":"instock","10":"taxable","11":"shipping-taxable","12":"purchasable","13":"product-type-variable","14":"has-default-attributes","15":"wvs-archive-product-wrapper"},"bundled_by":[],"bundle_stock_status":"instock","bundle_stock_quantity":null,"bundle_virtual":false,"bundle_layout":"","bundle_add_to_cart_form_location":"","bundle_editable_in_cart":false,"bundle_sold_individually_context":"","bundle_item_grouping":"","bundle_min_size":"","bundle_max_size":"","bundle_price":[],"bundled_items":[],"bundle_sell_ids":[],"acf":[],"aioseo_notices":[],"_links":{"self":[{"href":"https:\/\/alpaka-shop.com\/et\/wp-json\/wp\/v2\/product\/30537","targetHints":{"allow":["GET"]}}],"collection":[{"href":"https:\/\/alpaka-shop.com\/et\/wp-json\/wp\/v2\/product"}],"about":[{"href":"https:\/\/alpaka-shop.com\/et\/wp-json\/wp\/v2\/types\/product"}],"wp:featuredmedia":[{"embeddable":true,"href":"https:\/\/alpaka-shop.com\/et\/wp-json\/wp\/v2\/media\/30328"}],"wp:attachment":[{"href":"https:\/\/alpaka-shop.com\/et\/wp-json\/wp\/v2\/media?parent=30537"}],"wp:term":[{"taxonomy":"product_brand","embeddable":true,"href":"https:\/\/alpaka-shop.com\/et\/wp-json\/wp\/v2\/product_brand?post=30537"},{"taxonomy":"product_cat","embeddable":true,"href":"https:\/\/alpaka-shop.com\/et\/wp-json\/wp\/v2\/product_cat?post=30537"},{"taxonomy":"product_tag","embeddable":true,"href":"https:\/\/alpaka-shop.com\/et\/wp-json\/wp\/v2\/product_tag?post=30537"},{"taxonomy":"product_shipping_class","embeddable":true,"href":"https:\/\/alpaka-shop.com\/et\/wp-json\/wp\/v2\/product_shipping_class?post=30537"},{"taxonomy":"pa_soft-wrap-cardigan","embeddable":true,"href":"https:\/\/alpaka-shop.com\/et\/wp-json\/wp\/v2\/pa_soft-wrap-cardigan?post=30537"}],"curies":[{"name":"wp","href":"https:\/\/api.w.org\/{rel}","templated":true}]}}