{"id":30554,"date":"2021-11-16T21:15:41","date_gmt":"2021-11-16T19:15:41","guid":{"rendered":"https:\/\/alpaka-shop.com\/pehme-holmikkampsun\/"},"modified":"2026-03-30T11:00:07","modified_gmt":"2026-03-30T08:00:07","slug":"pehme-holmikkampsun","status":"publish","type":"product","link":"https:\/\/alpaka-shop.com\/et\/pehme-holmikkampsun\/","title":{"rendered":"Pehme h\u00f5lmikkampsun"},"content":{"rendered":"","protected":false},"excerpt":{"rendered":"<p>Pehme seotav kardigan tundub seljas kui soe embus. Selle naiselik siluett lisab igale kandjale trendikust ning elegantsi. Kandke kardigani kinniseotult lisakihina v\u00f5i \u00fcksinda, tuues esile kauni V-kaeluse. Riideese on ideaalne valik v\u00e4ljapeetud naisele, kes hindab naturaalseid kangaid ja ajatut disaini.<\/p>\n<p>MATERJAL<br \/>\n<strong>60% beebialpaka, 5% meriino (21 mikronit), 35% pol\u00fcamiid<\/strong><\/p>\n<p>&nbsp;<\/p>\n<p>&nbsp;<\/p>\n","protected":false},"featured_media":29923,"template":"","meta":{"_acf_changed":false},"product_brand":[],"product_cat":[98,2812,62],"product_tag":[],"product_shipping_class":[],"pa_soft-wrap-cardigan":[2061,2058,2046,2049,2055,2552,2052],"class_list":{"0":"post-30554","1":"product","2":"type-product","3":"status-publish","4":"has-post-thumbnail","6":"product_cat-kampsunid-kardiganid-naised","7":"product_cat-martsi-kampaania","8":"product_cat-naised","9":"pa_soft-wrap-cardigan-hobehall","10":"pa_soft-wrap-cardigan-beez","11":"pa_soft-wrap-cardigan-kaamelibeez","12":"pa_soft-wrap-cardigan-must","13":"pa_soft-wrap-cardigan-liilia","14":"pa_soft-wrap-cardigan-merevaik","15":"pa_soft-wrap-cardigan-savipunane","17":"first","18":"instock","19":"sale","20":"taxable","21":"shipping-taxable","22":"purchasable","23":"product-type-variable","24":"has-default-attributes","25":"wvs-archive-product-wrapper"},"bundled_by":[],"bundle_stock_status":"instock","bundle_stock_quantity":null,"bundle_virtual":false,"bundle_layout":"","bundle_add_to_cart_form_location":"","bundle_editable_in_cart":false,"bundle_sold_individually_context":"","bundle_item_grouping":"","bundle_min_size":"","bundle_max_size":"","bundle_price":[],"bundled_items":[],"bundle_sell_ids":[],"acf":[],"aioseo_notices":[],"_links":{"self":[{"href":"https:\/\/alpaka-shop.com\/et\/wp-json\/wp\/v2\/product\/30554","targetHints":{"allow":["GET"]}}],"collection":[{"href":"https:\/\/alpaka-shop.com\/et\/wp-json\/wp\/v2\/product"}],"about":[{"href":"https:\/\/alpaka-shop.com\/et\/wp-json\/wp\/v2\/types\/product"}],"wp:featuredmedia":[{"embeddable":true,"href":"https:\/\/alpaka-shop.com\/et\/wp-json\/wp\/v2\/media\/29923"}],"wp:attachment":[{"href":"https:\/\/alpaka-shop.com\/et\/wp-json\/wp\/v2\/media?parent=30554"}],"wp:term":[{"taxonomy":"product_brand","embeddable":true,"href":"https:\/\/alpaka-shop.com\/et\/wp-json\/wp\/v2\/product_brand?post=30554"},{"taxonomy":"product_cat","embeddable":true,"href":"https:\/\/alpaka-shop.com\/et\/wp-json\/wp\/v2\/product_cat?post=30554"},{"taxonomy":"product_tag","embeddable":true,"href":"https:\/\/alpaka-shop.com\/et\/wp-json\/wp\/v2\/product_tag?post=30554"},{"taxonomy":"product_shipping_class","embeddable":true,"href":"https:\/\/alpaka-shop.com\/et\/wp-json\/wp\/v2\/product_shipping_class?post=30554"},{"taxonomy":"pa_soft-wrap-cardigan","embeddable":true,"href":"https:\/\/alpaka-shop.com\/et\/wp-json\/wp\/v2\/pa_soft-wrap-cardigan?post=30554"}],"curies":[{"name":"wp","href":"https:\/\/api.w.org\/{rel}","templated":true}]}}