{"id":30573,"date":"2021-11-16T21:36:29","date_gmt":"2021-11-16T19:36:29","guid":{"rendered":"https:\/\/alpaka-shop.com\/korge-kaelusega-meeste-kampsun\/"},"modified":"2026-03-16T10:00:19","modified_gmt":"2026-03-16T08:00:19","slug":"korge-kaelusega-meeste-kampsun","status":"publish","type":"product","link":"https:\/\/alpaka-shop.com\/et\/korge-kaelusega-meeste-kampsun\/","title":{"rendered":"K\u00f5rge kaelusega meeste kampsun"},"content":{"rendered":"","protected":false},"excerpt":{"rendered":"<p>K\u00f5rge kaelusega meeste kampsun on t\u00f5eline s\u00fcdametemurdja, mis ei j\u00e4ta k\u00fclmaks \u00fchtegi kandjat.<\/p>\n<p>Selle klassikaline l\u00f5ige ning mahedad toonid teevad kampsuni kergelt sobituvaks ka pintsaku all kandmiseks. Mugav kaelus hoiab soojas k\u00f5ige jahedamal hooajal ning muudab riietuse t\u00f5eliselt trendikaks.<\/p>\n<p><strong>100% Royal alpaka villast kampsun<\/strong><\/p>\n","protected":false},"featured_media":54005,"template":"","meta":{"_acf_changed":false},"product_brand":[],"product_cat":[94,69],"product_tag":[],"product_shipping_class":[],"pa_soft-wrap-cardigan":[],"class_list":{"0":"post-30573","1":"product","2":"type-product","3":"status-publish","4":"has-post-thumbnail","6":"product_cat-kampsunid-kardiganid","7":"product_cat-mehed","9":"first","10":"instock","11":"taxable","12":"shipping-taxable","13":"purchasable","14":"product-type-variable","15":"has-default-attributes","16":"wvs-archive-product-wrapper"},"bundled_by":[],"bundle_stock_status":"instock","bundle_stock_quantity":null,"bundle_virtual":false,"bundle_layout":"","bundle_add_to_cart_form_location":"","bundle_editable_in_cart":false,"bundle_sold_individually_context":"","bundle_item_grouping":"","bundle_min_size":"","bundle_max_size":"","bundle_price":[],"bundled_items":[],"bundle_sell_ids":[],"acf":[],"aioseo_notices":[],"_links":{"self":[{"href":"https:\/\/alpaka-shop.com\/et\/wp-json\/wp\/v2\/product\/30573","targetHints":{"allow":["GET"]}}],"collection":[{"href":"https:\/\/alpaka-shop.com\/et\/wp-json\/wp\/v2\/product"}],"about":[{"href":"https:\/\/alpaka-shop.com\/et\/wp-json\/wp\/v2\/types\/product"}],"wp:featuredmedia":[{"embeddable":true,"href":"https:\/\/alpaka-shop.com\/et\/wp-json\/wp\/v2\/media\/54005"}],"wp:attachment":[{"href":"https:\/\/alpaka-shop.com\/et\/wp-json\/wp\/v2\/media?parent=30573"}],"wp:term":[{"taxonomy":"product_brand","embeddable":true,"href":"https:\/\/alpaka-shop.com\/et\/wp-json\/wp\/v2\/product_brand?post=30573"},{"taxonomy":"product_cat","embeddable":true,"href":"https:\/\/alpaka-shop.com\/et\/wp-json\/wp\/v2\/product_cat?post=30573"},{"taxonomy":"product_tag","embeddable":true,"href":"https:\/\/alpaka-shop.com\/et\/wp-json\/wp\/v2\/product_tag?post=30573"},{"taxonomy":"product_shipping_class","embeddable":true,"href":"https:\/\/alpaka-shop.com\/et\/wp-json\/wp\/v2\/product_shipping_class?post=30573"},{"taxonomy":"pa_soft-wrap-cardigan","embeddable":true,"href":"https:\/\/alpaka-shop.com\/et\/wp-json\/wp\/v2\/pa_soft-wrap-cardigan?post=30573"}],"curies":[{"name":"wp","href":"https:\/\/api.w.org\/{rel}","templated":true}]}}