{"id":30794,"date":"2020-11-11T14:54:06","date_gmt":"2020-11-11T12:54:06","guid":{"rendered":"https:\/\/alpaka-shop.com\/kerge-patentkoes-muts\/"},"modified":"2026-04-20T12:20:16","modified_gmt":"2026-04-20T09:20:16","slug":"kerge-patentkoes-muts","status":"publish","type":"product","link":"https:\/\/alpaka-shop.com\/et\/kerge-patentkoes-muts\/","title":{"rendered":"Kerge patentkoes m\u00fcts"},"content":{"rendered":"","protected":false},"excerpt":{"rendered":"<p>Patentkoes m\u00fcts hoiab sind stiilselt soojas nii t\u00e4naval kui matkates.<\/p>\n<p>See on valmistatud imelisest beebialpaka villast, mis on vastupidav, sametiselt pehme ning ajatu. Aksessuaar, mida hindad veel aastaid.<\/p>\n<p>MATERJAL<br \/>\n<strong>100% Beebialpaka<\/strong><\/p>\n","protected":false},"featured_media":45338,"template":"","meta":{"_acf_changed":false},"product_brand":[],"product_cat":[2812,96,62],"product_tag":[],"product_shipping_class":[],"pa_soft-wrap-cardigan":[],"class_list":{"0":"post-30794","1":"product","2":"type-product","3":"status-publish","4":"has-post-thumbnail","6":"product_cat-martsi-kampaania","7":"product_cat-mutsid-naised","8":"product_cat-naised","10":"first","11":"instock","12":"taxable","13":"shipping-taxable","14":"purchasable","15":"product-type-variable","16":"has-default-attributes","17":"wvs-archive-product-wrapper"},"bundled_by":["53679","53684","53691"],"bundle_stock_status":"instock","bundle_stock_quantity":null,"bundle_virtual":false,"bundle_layout":"","bundle_add_to_cart_form_location":"","bundle_editable_in_cart":false,"bundle_sold_individually_context":"","bundle_item_grouping":"","bundle_min_size":"","bundle_max_size":"","bundle_price":[],"bundled_items":[],"bundle_sell_ids":[],"acf":[],"aioseo_notices":[],"_links":{"self":[{"href":"https:\/\/alpaka-shop.com\/et\/wp-json\/wp\/v2\/product\/30794","targetHints":{"allow":["GET"]}}],"collection":[{"href":"https:\/\/alpaka-shop.com\/et\/wp-json\/wp\/v2\/product"}],"about":[{"href":"https:\/\/alpaka-shop.com\/et\/wp-json\/wp\/v2\/types\/product"}],"wp:featuredmedia":[{"embeddable":true,"href":"https:\/\/alpaka-shop.com\/et\/wp-json\/wp\/v2\/media\/45338"}],"wp:attachment":[{"href":"https:\/\/alpaka-shop.com\/et\/wp-json\/wp\/v2\/media?parent=30794"}],"wp:term":[{"taxonomy":"product_brand","embeddable":true,"href":"https:\/\/alpaka-shop.com\/et\/wp-json\/wp\/v2\/product_brand?post=30794"},{"taxonomy":"product_cat","embeddable":true,"href":"https:\/\/alpaka-shop.com\/et\/wp-json\/wp\/v2\/product_cat?post=30794"},{"taxonomy":"product_tag","embeddable":true,"href":"https:\/\/alpaka-shop.com\/et\/wp-json\/wp\/v2\/product_tag?post=30794"},{"taxonomy":"product_shipping_class","embeddable":true,"href":"https:\/\/alpaka-shop.com\/et\/wp-json\/wp\/v2\/product_shipping_class?post=30794"},{"taxonomy":"pa_soft-wrap-cardigan","embeddable":true,"href":"https:\/\/alpaka-shop.com\/et\/wp-json\/wp\/v2\/pa_soft-wrap-cardigan?post=30794"}],"curies":[{"name":"wp","href":"https:\/\/api.w.org\/{rel}","templated":true}]}}