{"id":31553,"date":"2021-11-24T16:28:52","date_gmt":"2021-11-24T14:28:52","guid":{"rendered":"https:\/\/alpaka-shop.com\/?post_type=product&#038;p=31553"},"modified":"2026-03-11T09:28:52","modified_gmt":"2026-03-11T07:28:52","slug":"kerge-palmikkoes-kampsun","status":"publish","type":"product","link":"https:\/\/alpaka-shop.com\/et\/kerge-palmikkoes-kampsun\/","title":{"rendered":"Kerge palmikkoes kampsun"},"content":{"rendered":"","protected":false},"excerpt":{"rendered":"<p><span data-sheets-value=\"{&quot;1&quot;:2,&quot;2&quot;:&quot;Kerge palmikkoes kampsun\/ \u00d5huline alpaka ja villa segust kampsun\/ Kerge palmikkoes kampsun on iga kandja lemmikese, millel on omap\u00e4rane siluett, mida iseloomustab sirge l\u00f5ige ja esiosas l\u00f5igatud all\u00e4\u00e4r, ning millele annab vormi soonikkude. Kampsun on kootud alpaka- ja meriinovilla segust, mis muudab selle \u00fclimalt soojaks, ent \u00f5huliseks ja hingavaks. T\u00e4nu minimalistlikule disainile sobib riideese valatult igasse garderoobi.&quot;}\" data-sheets-userformat=\"{&quot;2&quot;:771,&quot;3&quot;:{&quot;1&quot;:0},&quot;4&quot;:{&quot;1&quot;:3,&quot;3&quot;:2},&quot;11&quot;:4,&quot;12&quot;:0}\" data-sheets-textstyleruns=\"{&quot;1&quot;:0}\uee10{&quot;1&quot;:26,&quot;2&quot;:{&quot;4&quot;:8}}\uee10{&quot;1&quot;:64}\">\u00a0Kerge palmikkoes kampsun on iga kandja lemmikese, millel on omap\u00e4rane siluett, mida iseloomustab sirge l\u00f5ige ja esiosas l\u00f5igatud all\u00e4\u00e4r, ning millele annab vormi soonikkude. Kampsun on kootud alpaka- ja meriinovilla segust, mis muudab selle \u00fclimalt soojaks, ent \u00f5huliseks ja hingavaks. T\u00e4nu minimalistlikule disainile sobib riideese valatult igasse garderoobi.<\/span><\/p>\n<p>MATERJAL<br \/>\n<strong>60% beebialpaka, 5% meriinovill (21 mik), 35% pol\u00fcamiid<\/strong><\/p>\n<p>&nbsp;<\/p>\n","protected":false},"featured_media":54195,"template":"","meta":{"_acf_changed":false},"product_brand":[],"product_cat":[98,62],"product_tag":[],"product_shipping_class":[],"pa_soft-wrap-cardigan":[],"class_list":{"0":"post-31553","1":"product","2":"type-product","3":"status-publish","4":"has-post-thumbnail","6":"product_cat-kampsunid-kardiganid-naised","7":"product_cat-naised","9":"first","10":"instock","11":"sale","12":"taxable","13":"shipping-taxable","14":"purchasable","15":"product-type-variable","16":"has-default-attributes","17":"wvs-archive-product-wrapper"},"bundled_by":[],"bundle_stock_status":"instock","bundle_stock_quantity":null,"bundle_virtual":false,"bundle_layout":"","bundle_add_to_cart_form_location":"","bundle_editable_in_cart":false,"bundle_sold_individually_context":"","bundle_item_grouping":"","bundle_min_size":"","bundle_max_size":"","bundle_price":[],"bundled_items":[],"bundle_sell_ids":[],"acf":[],"aioseo_notices":[],"_links":{"self":[{"href":"https:\/\/alpaka-shop.com\/et\/wp-json\/wp\/v2\/product\/31553","targetHints":{"allow":["GET"]}}],"collection":[{"href":"https:\/\/alpaka-shop.com\/et\/wp-json\/wp\/v2\/product"}],"about":[{"href":"https:\/\/alpaka-shop.com\/et\/wp-json\/wp\/v2\/types\/product"}],"wp:featuredmedia":[{"embeddable":true,"href":"https:\/\/alpaka-shop.com\/et\/wp-json\/wp\/v2\/media\/54195"}],"wp:attachment":[{"href":"https:\/\/alpaka-shop.com\/et\/wp-json\/wp\/v2\/media?parent=31553"}],"wp:term":[{"taxonomy":"product_brand","embeddable":true,"href":"https:\/\/alpaka-shop.com\/et\/wp-json\/wp\/v2\/product_brand?post=31553"},{"taxonomy":"product_cat","embeddable":true,"href":"https:\/\/alpaka-shop.com\/et\/wp-json\/wp\/v2\/product_cat?post=31553"},{"taxonomy":"product_tag","embeddable":true,"href":"https:\/\/alpaka-shop.com\/et\/wp-json\/wp\/v2\/product_tag?post=31553"},{"taxonomy":"product_shipping_class","embeddable":true,"href":"https:\/\/alpaka-shop.com\/et\/wp-json\/wp\/v2\/product_shipping_class?post=31553"},{"taxonomy":"pa_soft-wrap-cardigan","embeddable":true,"href":"https:\/\/alpaka-shop.com\/et\/wp-json\/wp\/v2\/pa_soft-wrap-cardigan?post=31553"}],"curies":[{"name":"wp","href":"https:\/\/api.w.org\/{rel}","templated":true}]}}