{"id":31627,"date":"2021-11-24T16:36:22","date_gmt":"2021-11-24T14:36:22","guid":{"rendered":"https:\/\/alpaka-shop.com\/?post_type=product&#038;p=31627"},"modified":"2026-04-22T11:00:09","modified_gmt":"2026-04-22T08:00:09","slug":"kerge-korge-kaelusega-kampsun","status":"publish","type":"product","link":"https:\/\/alpaka-shop.com\/et\/kerge-korge-kaelusega-kampsun\/","title":{"rendered":"Kerge k\u00f5rge kaelusega kampsun"},"content":{"rendered":"","protected":false},"excerpt":{"rendered":"<p><span data-sheets-value=\"{&quot;1&quot;:2,&quot;2&quot;:&quot;Kerge k\u00f5rge kaelusega kampsun\/ 100% Royal alpaka villast kampsun\/nKerge naiste k\u00f5rge kaelusega kampsun v\u00f5lub oma soojuse ja elegantsiga. Lisage oma garderoobi killuke luksust, mida pakub preemiumklassi beebialpaka vill, \u00fcks k\u00f5rgeimalt hinnatud materjale kogu maailmas. Ajatu klassikuna sobitub kampsun h\u00f5lpsasti k\u00f5igega ning pakub kandjale puhast r\u00f5\u00f5mu. n&quot;}\" data-sheets-userformat=\"{&quot;2&quot;:771,&quot;3&quot;:{&quot;1&quot;:0},&quot;4&quot;:{&quot;1&quot;:3,&quot;3&quot;:2},&quot;11&quot;:4,&quot;12&quot;:0}\" data-sheets-textstyleruns=\"{&quot;1&quot;:0}\uee10{&quot;1&quot;:31,&quot;2&quot;:{&quot;4&quot;:8}}\uee10{&quot;1&quot;:64}\">Kerge naiste k\u00f5rge kaelusega kampsun v\u00f5lub oma soojuse ja elegantsiga. Lisage oma garderoobi killuke luksust, mida pakub preemiumklassi beebialpaka vill, \u00fcks k\u00f5rgeimalt hinnatud materjale kogu maailmas. Ajatu klassikuna sobitub kampsun h\u00f5lpsasti k\u00f5igega ning pakub kandjale puhast r\u00f5\u00f5mu.<\/span><\/p>\n<p>MATERJAL<br \/>\n<strong>100% royal alpaka<\/strong><\/p>\n<p>&nbsp;<\/p>\n","protected":false},"featured_media":31671,"template":"","meta":{"_acf_changed":false},"product_brand":[],"product_cat":[98,62],"product_tag":[],"product_shipping_class":[],"pa_soft-wrap-cardigan":[],"class_list":{"0":"post-31627","1":"product","2":"type-product","3":"status-publish","4":"has-post-thumbnail","6":"product_cat-kampsunid-kardiganid-naised","7":"product_cat-naised","9":"first","10":"instock","11":"sale","12":"taxable","13":"shipping-taxable","14":"purchasable","15":"product-type-variable","16":"has-default-attributes","17":"wvs-archive-product-wrapper"},"bundled_by":[],"bundle_stock_status":"instock","bundle_stock_quantity":null,"bundle_virtual":false,"bundle_layout":"","bundle_add_to_cart_form_location":"","bundle_editable_in_cart":false,"bundle_sold_individually_context":"","bundle_item_grouping":"","bundle_min_size":"","bundle_max_size":"","bundle_price":[],"bundled_items":[],"bundle_sell_ids":[],"acf":[],"aioseo_notices":[],"_links":{"self":[{"href":"https:\/\/alpaka-shop.com\/et\/wp-json\/wp\/v2\/product\/31627","targetHints":{"allow":["GET"]}}],"collection":[{"href":"https:\/\/alpaka-shop.com\/et\/wp-json\/wp\/v2\/product"}],"about":[{"href":"https:\/\/alpaka-shop.com\/et\/wp-json\/wp\/v2\/types\/product"}],"wp:featuredmedia":[{"embeddable":true,"href":"https:\/\/alpaka-shop.com\/et\/wp-json\/wp\/v2\/media\/31671"}],"wp:attachment":[{"href":"https:\/\/alpaka-shop.com\/et\/wp-json\/wp\/v2\/media?parent=31627"}],"wp:term":[{"taxonomy":"product_brand","embeddable":true,"href":"https:\/\/alpaka-shop.com\/et\/wp-json\/wp\/v2\/product_brand?post=31627"},{"taxonomy":"product_cat","embeddable":true,"href":"https:\/\/alpaka-shop.com\/et\/wp-json\/wp\/v2\/product_cat?post=31627"},{"taxonomy":"product_tag","embeddable":true,"href":"https:\/\/alpaka-shop.com\/et\/wp-json\/wp\/v2\/product_tag?post=31627"},{"taxonomy":"product_shipping_class","embeddable":true,"href":"https:\/\/alpaka-shop.com\/et\/wp-json\/wp\/v2\/product_shipping_class?post=31627"},{"taxonomy":"pa_soft-wrap-cardigan","embeddable":true,"href":"https:\/\/alpaka-shop.com\/et\/wp-json\/wp\/v2\/pa_soft-wrap-cardigan?post=31627"}],"curies":[{"name":"wp","href":"https:\/\/api.w.org\/{rel}","templated":true}]}}