{"id":32135,"date":"2021-11-23T23:18:41","date_gmt":"2021-11-23T21:18:41","guid":{"rendered":"https:\/\/alpaka-shop.com\/varvimanguga-muts-tutiga\/"},"modified":"2025-10-23T11:00:15","modified_gmt":"2025-10-23T08:00:15","slug":"varvimanguga-muts-tutiga","status":"publish","type":"product","link":"https:\/\/alpaka-shop.com\/et\/varvimanguga-muts-tutiga\/","title":{"rendered":"V\u00e4rvim\u00e4nguga m\u00fcts tutiga"},"content":{"rendered":"","protected":false},"excerpt":{"rendered":"<p>V\u00e4rvim\u00e4nguga m\u00fcts on m\u00f5eldud k\u00f5ikidele, kes ihkavad oma ellu juurde v\u00e4rvi ja m\u00e4ngulisust. Peakate on valmistatud pehmest alpaka- ja meriinovilla segust, mis hoiab pea m\u00f5nusalt soojas, olenemata ilmast. M\u00fcts on saadaval kolmes erinevas v\u00e4rvikombinatsioonis ning seda on kerge sobitada iga riietusega.<\/p>\n<p>Our Hat with colour play is nothing but boring! Its knitted from a soft alpaca-merino wool blend to keep you warm as the weather starts to turn cooler. The hat is available in three playful colour combinations to add some spice and joy even to the greyest of days. Allow yourself to reconnect with your fun side and get creative with styling it in all possible ways.<\/p>\n<p>MATERJAL<br \/>\n<strong>60% Beebialpaka, 5% merinovill, 35% pol\u00fcamiid<\/strong><\/p>\n","protected":false},"featured_media":45113,"template":"","meta":{"_acf_changed":false},"product_brand":[],"product_cat":[96,62],"product_tag":[],"product_shipping_class":[],"pa_soft-wrap-cardigan":[],"class_list":{"0":"post-32135","1":"product","2":"type-product","3":"status-publish","4":"has-post-thumbnail","6":"product_cat-mutsid-naised","7":"product_cat-naised","9":"first","10":"instock","11":"taxable","12":"shipping-taxable","13":"purchasable","14":"product-type-variable","15":"has-default-attributes","16":"wvs-archive-product-wrapper"},"bundled_by":[],"bundle_stock_status":"instock","bundle_stock_quantity":null,"bundle_virtual":false,"bundle_layout":"","bundle_add_to_cart_form_location":"","bundle_editable_in_cart":false,"bundle_sold_individually_context":"","bundle_item_grouping":"","bundle_min_size":"","bundle_max_size":"","bundle_price":[],"bundled_items":[],"bundle_sell_ids":[],"acf":[],"aioseo_notices":[],"_links":{"self":[{"href":"https:\/\/alpaka-shop.com\/et\/wp-json\/wp\/v2\/product\/32135","targetHints":{"allow":["GET"]}}],"collection":[{"href":"https:\/\/alpaka-shop.com\/et\/wp-json\/wp\/v2\/product"}],"about":[{"href":"https:\/\/alpaka-shop.com\/et\/wp-json\/wp\/v2\/types\/product"}],"wp:featuredmedia":[{"embeddable":true,"href":"https:\/\/alpaka-shop.com\/et\/wp-json\/wp\/v2\/media\/45113"}],"wp:attachment":[{"href":"https:\/\/alpaka-shop.com\/et\/wp-json\/wp\/v2\/media?parent=32135"}],"wp:term":[{"taxonomy":"product_brand","embeddable":true,"href":"https:\/\/alpaka-shop.com\/et\/wp-json\/wp\/v2\/product_brand?post=32135"},{"taxonomy":"product_cat","embeddable":true,"href":"https:\/\/alpaka-shop.com\/et\/wp-json\/wp\/v2\/product_cat?post=32135"},{"taxonomy":"product_tag","embeddable":true,"href":"https:\/\/alpaka-shop.com\/et\/wp-json\/wp\/v2\/product_tag?post=32135"},{"taxonomy":"product_shipping_class","embeddable":true,"href":"https:\/\/alpaka-shop.com\/et\/wp-json\/wp\/v2\/product_shipping_class?post=32135"},{"taxonomy":"pa_soft-wrap-cardigan","embeddable":true,"href":"https:\/\/alpaka-shop.com\/et\/wp-json\/wp\/v2\/pa_soft-wrap-cardigan?post=32135"}],"curies":[{"name":"wp","href":"https:\/\/api.w.org\/{rel}","templated":true}]}}