{"id":32403,"date":"2021-10-21T22:04:57","date_gmt":"2021-10-21T19:04:57","guid":{"rendered":"https:\/\/alpaka-shop.com\/alpaka-kinkekaart\/"},"modified":"2024-10-09T10:18:05","modified_gmt":"2024-10-09T07:18:05","slug":"alpaka-kinkekaart","status":"publish","type":"product","link":"https:\/\/alpaka-shop.com\/et\/alpaka-kinkekaart\/","title":{"rendered":"Alpaka kinkekaart"},"content":{"rendered":"","protected":false},"excerpt":{"rendered":"<p>M\u00f5ned kingid on suured. Teised v\u00e4iksemad. Parimad kingid on need, mis tulevad s\u00fcdamest. Anna luksus valida just see, mida hing ihkab. With the <strong>warmest of emotions<\/strong>.<\/p>\n<p>Kasuta \u00fclal olevat lahtrit, et lisada armas personaalne s\u00f5num.<\/p>\n<p><strong>Kinkekaart kehtib 12 kuud alates ostukuup\u00e4evast.\u00a0<\/strong><\/p>\n<p><strong>Kinkekaarti saab kasutada mitmele ostule kuni saldo l\u00f5ppemiseni.\u00a0<\/strong><\/p>\n","protected":false},"featured_media":32374,"template":"","meta":{"_acf_changed":false},"product_brand":[],"product_cat":[1609],"product_tag":[],"product_shipping_class":[],"pa_soft-wrap-cardigan":[],"class_list":{"0":"post-32403","1":"product","2":"type-product","3":"status-publish","4":"has-post-thumbnail","6":"product_cat-alpaka-kinkekaart","8":"first","9":"instock","10":"taxable","11":"shipping-taxable","12":"purchasable","13":"product-type-variable","14":"has-default-attributes","15":"wvs-archive-product-wrapper"},"bundled_by":[],"bundle_stock_status":"instock","bundle_stock_quantity":null,"bundle_virtual":false,"bundle_layout":"","bundle_add_to_cart_form_location":"","bundle_editable_in_cart":false,"bundle_sold_individually_context":"","bundle_item_grouping":"","bundle_min_size":"","bundle_max_size":"","bundle_price":[],"bundled_items":[],"bundle_sell_ids":[],"acf":[],"aioseo_notices":[],"_links":{"self":[{"href":"https:\/\/alpaka-shop.com\/et\/wp-json\/wp\/v2\/product\/32403","targetHints":{"allow":["GET"]}}],"collection":[{"href":"https:\/\/alpaka-shop.com\/et\/wp-json\/wp\/v2\/product"}],"about":[{"href":"https:\/\/alpaka-shop.com\/et\/wp-json\/wp\/v2\/types\/product"}],"wp:featuredmedia":[{"embeddable":true,"href":"https:\/\/alpaka-shop.com\/et\/wp-json\/wp\/v2\/media\/32374"}],"wp:attachment":[{"href":"https:\/\/alpaka-shop.com\/et\/wp-json\/wp\/v2\/media?parent=32403"}],"wp:term":[{"taxonomy":"product_brand","embeddable":true,"href":"https:\/\/alpaka-shop.com\/et\/wp-json\/wp\/v2\/product_brand?post=32403"},{"taxonomy":"product_cat","embeddable":true,"href":"https:\/\/alpaka-shop.com\/et\/wp-json\/wp\/v2\/product_cat?post=32403"},{"taxonomy":"product_tag","embeddable":true,"href":"https:\/\/alpaka-shop.com\/et\/wp-json\/wp\/v2\/product_tag?post=32403"},{"taxonomy":"product_shipping_class","embeddable":true,"href":"https:\/\/alpaka-shop.com\/et\/wp-json\/wp\/v2\/product_shipping_class?post=32403"},{"taxonomy":"pa_soft-wrap-cardigan","embeddable":true,"href":"https:\/\/alpaka-shop.com\/et\/wp-json\/wp\/v2\/pa_soft-wrap-cardigan?post=32403"}],"curies":[{"name":"wp","href":"https:\/\/api.w.org\/{rel}","templated":true}]}}