{"id":34726,"date":"2022-01-27T21:04:26","date_gmt":"2022-01-27T19:54:29","guid":{"rendered":"https:\/\/alpaka-shop.com\/?post_type=product&#038;p=34726"},"modified":"2026-04-10T10:00:15","modified_gmt":"2026-04-10T07:00:15","slug":"tartan-mustriga-sall","status":"publish","type":"product","link":"https:\/\/alpaka-shop.com\/et\/tartan-mustriga-sall\/","title":{"rendered":"Tartan mustriga sall"},"content":{"rendered":"","protected":false},"excerpt":{"rendered":"<p><span data-sheets-value=\"{&quot;1&quot;:2,&quot;2&quot;:&quot;Tartan mustriga sall\/ 100% beebialpaka villast tartan mustriga sall\/nTartan mustriga sall paistab silma oma erilise v\u00e4rvide kombinatsiooni poolest. Sall lisab p\u00f5neva n\u00fcansi igale riietusele ning m\u00f5jub alati v\u00e4ljapeetult, ent m\u00e4nguliselt. Sall on valmistatud 100% beebialpaka villast, mis on erakordselt kvaliteetne, siidpehme ja keskkonnas\u00f5bralik. Hoidke end stiilselt soojas igal aastaajal.n&quot;}\" data-sheets-userformat=\"{&quot;2&quot;:771,&quot;3&quot;:{&quot;1&quot;:0},&quot;4&quot;:{&quot;1&quot;:3,&quot;3&quot;:8},&quot;11&quot;:4,&quot;12&quot;:0}\" data-sheets-textstyleruns=\"{&quot;1&quot;:0}\uee10{&quot;1&quot;:22,&quot;2&quot;:{&quot;4&quot;:8}}\uee10{&quot;1&quot;:67}\">Tartan mustriga sall paistab silma oma erilise v\u00e4rvide kombinatsiooni poolest. Sall lisab p\u00f5neva n\u00fcansi igale riietusele ning m\u00f5jub alati v\u00e4ljapeetult, ent m\u00e4nguliselt. Sall on valmistatud 100% beebialpaka villast, mis on erakordselt kvaliteetne, siidpehme ja keskkonnas\u00f5bralik. Hoidke end stiilselt soojas igal aastaajal.<br \/>\n<\/span><\/p>\n<p>MATERJAL<br \/>\n<strong>100% beebialpaka<\/strong><\/p>\n<p>PAKEND<strong><br \/>\nkinkekarp<\/strong><\/p>\n","protected":false},"featured_media":49880,"template":"","meta":{"_acf_changed":false},"product_brand":[],"product_cat":[69,92],"product_tag":[],"product_shipping_class":[],"pa_soft-wrap-cardigan":[],"class_list":{"0":"post-34726","1":"product","2":"type-product","3":"status-publish","4":"has-post-thumbnail","6":"product_cat-mehed","7":"product_cat-sallid","9":"first","10":"outofstock","11":"taxable","12":"shipping-taxable","13":"purchasable","14":"product-type-variable","15":"has-default-attributes","16":"wvs-archive-product-wrapper"},"bundled_by":["53685"],"bundle_stock_status":"outofstock","bundle_stock_quantity":null,"bundle_virtual":false,"bundle_layout":"","bundle_add_to_cart_form_location":"","bundle_editable_in_cart":false,"bundle_sold_individually_context":"","bundle_item_grouping":"","bundle_min_size":"","bundle_max_size":"","bundle_price":[],"bundled_items":[],"bundle_sell_ids":[],"acf":[],"aioseo_notices":[],"_links":{"self":[{"href":"https:\/\/alpaka-shop.com\/et\/wp-json\/wp\/v2\/product\/34726","targetHints":{"allow":["GET"]}}],"collection":[{"href":"https:\/\/alpaka-shop.com\/et\/wp-json\/wp\/v2\/product"}],"about":[{"href":"https:\/\/alpaka-shop.com\/et\/wp-json\/wp\/v2\/types\/product"}],"wp:featuredmedia":[{"embeddable":true,"href":"https:\/\/alpaka-shop.com\/et\/wp-json\/wp\/v2\/media\/49880"}],"wp:attachment":[{"href":"https:\/\/alpaka-shop.com\/et\/wp-json\/wp\/v2\/media?parent=34726"}],"wp:term":[{"taxonomy":"product_brand","embeddable":true,"href":"https:\/\/alpaka-shop.com\/et\/wp-json\/wp\/v2\/product_brand?post=34726"},{"taxonomy":"product_cat","embeddable":true,"href":"https:\/\/alpaka-shop.com\/et\/wp-json\/wp\/v2\/product_cat?post=34726"},{"taxonomy":"product_tag","embeddable":true,"href":"https:\/\/alpaka-shop.com\/et\/wp-json\/wp\/v2\/product_tag?post=34726"},{"taxonomy":"product_shipping_class","embeddable":true,"href":"https:\/\/alpaka-shop.com\/et\/wp-json\/wp\/v2\/product_shipping_class?post=34726"},{"taxonomy":"pa_soft-wrap-cardigan","embeddable":true,"href":"https:\/\/alpaka-shop.com\/et\/wp-json\/wp\/v2\/pa_soft-wrap-cardigan?post=34726"}],"curies":[{"name":"wp","href":"https:\/\/api.w.org\/{rel}","templated":true}]}}