{"id":36779,"date":"2022-04-06T19:08:18","date_gmt":"2022-04-06T16:08:18","guid":{"rendered":"https:\/\/alpaka-shop.com\/ruudu-motiiviga-sall\/"},"modified":"2026-04-06T10:00:10","modified_gmt":"2026-04-06T07:00:10","slug":"ruudu-motiiviga-sall","status":"publish","type":"product","link":"https:\/\/alpaka-shop.com\/et\/ruudu-motiiviga-sall\/","title":{"rendered":"Ruudu motiiviga sall"},"content":{"rendered":"","protected":false},"excerpt":{"rendered":"<p>Ruudu motiiviga sall on t\u00f5eline pilgup\u00fc\u00fcdja. P\u00f5nev muster annab v\u00f5imaluse m\u00f5juda m\u00e4nguliselt, kuid \u00fchtlasi trendikalt. Salli iseloomustab ajatu disain, laitmatu kvaliteet ning kauakestvus, mida pakub erakordselt soe beebialpaka vill.<\/p>\n<p>MATERJAL<br \/>\n<strong>100% beebialpaka vill<\/strong><\/p>\n","protected":false},"featured_media":49463,"template":"","meta":{"_acf_changed":false},"product_brand":[],"product_cat":[2812,62,65],"product_tag":[],"product_shipping_class":[],"pa_soft-wrap-cardigan":[],"class_list":{"0":"post-36779","1":"product","2":"type-product","3":"status-publish","4":"has-post-thumbnail","6":"product_cat-martsi-kampaania","7":"product_cat-naised","8":"product_cat-sallid-ja-olasallid","10":"first","11":"instock","12":"taxable","13":"shipping-taxable","14":"purchasable","15":"product-type-variable","16":"has-default-attributes","17":"wvs-archive-product-wrapper"},"bundled_by":[],"bundle_stock_status":"instock","bundle_stock_quantity":null,"bundle_virtual":false,"bundle_layout":"","bundle_add_to_cart_form_location":"","bundle_editable_in_cart":false,"bundle_sold_individually_context":"","bundle_item_grouping":"","bundle_min_size":"","bundle_max_size":"","bundle_price":[],"bundled_items":[],"bundle_sell_ids":[],"acf":[],"aioseo_notices":[],"_links":{"self":[{"href":"https:\/\/alpaka-shop.com\/et\/wp-json\/wp\/v2\/product\/36779","targetHints":{"allow":["GET"]}}],"collection":[{"href":"https:\/\/alpaka-shop.com\/et\/wp-json\/wp\/v2\/product"}],"about":[{"href":"https:\/\/alpaka-shop.com\/et\/wp-json\/wp\/v2\/types\/product"}],"wp:featuredmedia":[{"embeddable":true,"href":"https:\/\/alpaka-shop.com\/et\/wp-json\/wp\/v2\/media\/49463"}],"wp:attachment":[{"href":"https:\/\/alpaka-shop.com\/et\/wp-json\/wp\/v2\/media?parent=36779"}],"wp:term":[{"taxonomy":"product_brand","embeddable":true,"href":"https:\/\/alpaka-shop.com\/et\/wp-json\/wp\/v2\/product_brand?post=36779"},{"taxonomy":"product_cat","embeddable":true,"href":"https:\/\/alpaka-shop.com\/et\/wp-json\/wp\/v2\/product_cat?post=36779"},{"taxonomy":"product_tag","embeddable":true,"href":"https:\/\/alpaka-shop.com\/et\/wp-json\/wp\/v2\/product_tag?post=36779"},{"taxonomy":"product_shipping_class","embeddable":true,"href":"https:\/\/alpaka-shop.com\/et\/wp-json\/wp\/v2\/product_shipping_class?post=36779"},{"taxonomy":"pa_soft-wrap-cardigan","embeddable":true,"href":"https:\/\/alpaka-shop.com\/et\/wp-json\/wp\/v2\/pa_soft-wrap-cardigan?post=36779"}],"curies":[{"name":"wp","href":"https:\/\/api.w.org\/{rel}","templated":true}]}}