{"id":36881,"date":"2019-09-13T08:11:10","date_gmt":"2019-09-13T08:11:10","guid":{"rendered":"https:\/\/alpaka-shop.com\/exclusive-pontso-2\/"},"modified":"2026-03-13T13:00:06","modified_gmt":"2026-03-13T11:00:06","slug":"exclusive-pontso","status":"publish","type":"product","link":"https:\/\/alpaka-shop.com\/et\/exclusive-pontso\/","title":{"rendered":"Exclusive Pont\u0161o"},"content":{"rendered":"","protected":false},"excerpt":{"rendered":"<p>See pont\u0161o on pikaajaline investeering, mis on ajatu ning kestev. Sobib suurep\u00e4raselt nii \u00f5htu- kui p\u00e4evar\u00f5ivastega ning selle stiliseerimiseks on lugematult palju viise. Valmistatud 100% beebialpaka villast, mis hoiab sind mugavalt soojas igal hetkel. Pont\u0161o tagab \u00f5hulise liikuvuse igal sammul. \u00dcks suurus sobib k\u00f5igile.<\/p>\n<p>Kui Sinule sobiva v\u00e4rviga keepi pole hetkel laos, siis saada meile oma soov ja v\u00f5tame Sinuga \u00fchendust.<\/p>\n<p>MATERJAL<br \/>\n<strong>100% beebialpaka<\/strong><\/p>\n<p>&nbsp;<\/p>\n","protected":false},"featured_media":54947,"template":"","meta":{"_acf_changed":false},"product_brand":[],"product_cat":[97,2812,62,95],"product_tag":[],"product_shipping_class":[],"pa_soft-wrap-cardigan":[],"class_list":{"0":"post-36881","1":"product","2":"type-product","3":"status-publish","4":"has-post-thumbnail","6":"product_cat-alpaka-pontsod","7":"product_cat-martsi-kampaania","8":"product_cat-naised","9":"product_cat-roivad","11":"first","12":"instock","13":"taxable","14":"shipping-taxable","15":"purchasable","16":"product-type-variable","17":"has-default-attributes","18":"wvs-archive-product-wrapper"},"bundled_by":[],"bundle_stock_status":"instock","bundle_stock_quantity":null,"bundle_virtual":false,"bundle_layout":"","bundle_add_to_cart_form_location":"","bundle_editable_in_cart":false,"bundle_sold_individually_context":"","bundle_item_grouping":"","bundle_min_size":"","bundle_max_size":"","bundle_price":[],"bundled_items":[],"bundle_sell_ids":[],"acf":[],"aioseo_notices":[],"_links":{"self":[{"href":"https:\/\/alpaka-shop.com\/et\/wp-json\/wp\/v2\/product\/36881","targetHints":{"allow":["GET"]}}],"collection":[{"href":"https:\/\/alpaka-shop.com\/et\/wp-json\/wp\/v2\/product"}],"about":[{"href":"https:\/\/alpaka-shop.com\/et\/wp-json\/wp\/v2\/types\/product"}],"wp:featuredmedia":[{"embeddable":true,"href":"https:\/\/alpaka-shop.com\/et\/wp-json\/wp\/v2\/media\/54947"}],"wp:attachment":[{"href":"https:\/\/alpaka-shop.com\/et\/wp-json\/wp\/v2\/media?parent=36881"}],"wp:term":[{"taxonomy":"product_brand","embeddable":true,"href":"https:\/\/alpaka-shop.com\/et\/wp-json\/wp\/v2\/product_brand?post=36881"},{"taxonomy":"product_cat","embeddable":true,"href":"https:\/\/alpaka-shop.com\/et\/wp-json\/wp\/v2\/product_cat?post=36881"},{"taxonomy":"product_tag","embeddable":true,"href":"https:\/\/alpaka-shop.com\/et\/wp-json\/wp\/v2\/product_tag?post=36881"},{"taxonomy":"product_shipping_class","embeddable":true,"href":"https:\/\/alpaka-shop.com\/et\/wp-json\/wp\/v2\/product_shipping_class?post=36881"},{"taxonomy":"pa_soft-wrap-cardigan","embeddable":true,"href":"https:\/\/alpaka-shop.com\/et\/wp-json\/wp\/v2\/pa_soft-wrap-cardigan?post=36881"}],"curies":[{"name":"wp","href":"https:\/\/api.w.org\/{rel}","templated":true}]}}