{"id":36994,"date":"2022-04-15T17:35:57","date_gmt":"2022-04-15T14:35:57","guid":{"rendered":"https:\/\/alpaka-shop.com\/keep\/"},"modified":"2026-04-21T15:07:25","modified_gmt":"2026-04-21T12:07:25","slug":"keep","status":"publish","type":"product","link":"https:\/\/alpaka-shop.com\/et\/keep\/","title":{"rendered":"Keep"},"content":{"rendered":"","protected":false},"excerpt":{"rendered":"<p class=\"p1\">Ajatu pont\u0161o, mis p\u00f5imib \u00fchte ilu ja kandmismugavuse. T\u00e4nu lihtsale voolujoonelisele tegumoele sobib soojaandvaks lisakihiks absoluutselt k\u00f5igele. Valmistatud 100% beebialpakast, mis on looduslikult soojapidav, v\u00e4ga siidine ja allergiavaba. V\u00e4rvivalik ulatub klassikalisest mustast ja valgest loodustoonides kaamelikarva ja helehallini.<\/p>\n<p class=\"p1\">MATERJAL<br \/>\n100% beebialpaka<\/p>\n<p class=\"p1\">\n","protected":false},"featured_media":45586,"template":"","meta":{"_acf_changed":false},"product_brand":[],"product_cat":[97,62,95],"product_tag":[],"product_shipping_class":[],"pa_soft-wrap-cardigan":[],"class_list":{"0":"post-36994","1":"product","2":"type-product","3":"status-publish","4":"has-post-thumbnail","6":"product_cat-alpaka-pontsod","7":"product_cat-naised","8":"product_cat-roivad","10":"first","11":"instock","12":"taxable","13":"shipping-taxable","14":"purchasable","15":"product-type-variable","16":"has-default-attributes","17":"wvs-archive-product-wrapper"},"bundled_by":[],"bundle_stock_status":"instock","bundle_stock_quantity":null,"bundle_virtual":false,"bundle_layout":"","bundle_add_to_cart_form_location":"","bundle_editable_in_cart":false,"bundle_sold_individually_context":"","bundle_item_grouping":"","bundle_min_size":"","bundle_max_size":"","bundle_price":[],"bundled_items":[],"bundle_sell_ids":[],"acf":[],"aioseo_notices":[],"_links":{"self":[{"href":"https:\/\/alpaka-shop.com\/et\/wp-json\/wp\/v2\/product\/36994","targetHints":{"allow":["GET"]}}],"collection":[{"href":"https:\/\/alpaka-shop.com\/et\/wp-json\/wp\/v2\/product"}],"about":[{"href":"https:\/\/alpaka-shop.com\/et\/wp-json\/wp\/v2\/types\/product"}],"wp:featuredmedia":[{"embeddable":true,"href":"https:\/\/alpaka-shop.com\/et\/wp-json\/wp\/v2\/media\/45586"}],"wp:attachment":[{"href":"https:\/\/alpaka-shop.com\/et\/wp-json\/wp\/v2\/media?parent=36994"}],"wp:term":[{"taxonomy":"product_brand","embeddable":true,"href":"https:\/\/alpaka-shop.com\/et\/wp-json\/wp\/v2\/product_brand?post=36994"},{"taxonomy":"product_cat","embeddable":true,"href":"https:\/\/alpaka-shop.com\/et\/wp-json\/wp\/v2\/product_cat?post=36994"},{"taxonomy":"product_tag","embeddable":true,"href":"https:\/\/alpaka-shop.com\/et\/wp-json\/wp\/v2\/product_tag?post=36994"},{"taxonomy":"product_shipping_class","embeddable":true,"href":"https:\/\/alpaka-shop.com\/et\/wp-json\/wp\/v2\/product_shipping_class?post=36994"},{"taxonomy":"pa_soft-wrap-cardigan","embeddable":true,"href":"https:\/\/alpaka-shop.com\/et\/wp-json\/wp\/v2\/pa_soft-wrap-cardigan?post=36994"}],"curies":[{"name":"wp","href":"https:\/\/api.w.org\/{rel}","templated":true}]}}