{"id":37469,"date":"2021-03-09T13:42:04","date_gmt":"2021-03-09T11:42:04","guid":{"rendered":"https:\/\/alpaka-shop.com\/37469\/"},"modified":"2026-03-10T15:07:03","modified_gmt":"2026-03-10T13:07:03","slug":"sall-exclusive-kalasaba-midi","status":"publish","type":"product","link":"https:\/\/alpaka-shop.com\/et\/sall-exclusive-kalasaba-midi\/","title":{"rendered":"Sall Exclusive Kalasaba Midi"},"content":{"rendered":"","protected":false},"excerpt":{"rendered":"<p>Sall Exclusive Kalasaba on valmistatud Andide k\u00f5rgm\u00e4estikust p\u00e4rit luksuslikust beebialpaka villast. Beebialpaka erakordselt sametise ja siidise pehmuse pooltest tuntud vill on lisaks suurep\u00e4rasele soojapidavusele ka parim valik tundlikuma nahaga inimestele. Loominguline kalasabamuster aitab lisada r\u00f5ivastusele isikup\u00e4ra ning sobib ka k\u00f5ige n\u00f5udlikumale kliendile. Kahe v\u00e4rvitooni kooslusega sallid on inspireeritud p\u00f5hjamaistest rahulikest toonidest ning on lihtsasti kombineeritavad. Koge ajatut luksust millest lausa \u00f5hkab looduslikku ilu.<\/p>\n<p>MATERJAL<br \/>\n<strong>100% beebialpaka<\/strong><\/p>\n<p>PAKEND<strong><br \/>\nkinkekarp<\/strong><\/p>\n","protected":false},"featured_media":16395,"template":"","meta":{"_acf_changed":false},"product_brand":[],"product_cat":[69,92],"product_tag":[],"product_shipping_class":[],"pa_soft-wrap-cardigan":[],"class_list":{"0":"post-37469","1":"product","2":"type-product","3":"status-publish","4":"has-post-thumbnail","6":"product_cat-mehed","7":"product_cat-sallid","9":"first","10":"outofstock","11":"taxable","12":"shipping-taxable","13":"purchasable","14":"product-type-variable","15":"has-default-attributes","16":"wvs-archive-product-wrapper"},"bundled_by":[],"bundle_stock_status":"outofstock","bundle_stock_quantity":null,"bundle_virtual":false,"bundle_layout":"","bundle_add_to_cart_form_location":"","bundle_editable_in_cart":false,"bundle_sold_individually_context":"","bundle_item_grouping":"","bundle_min_size":"","bundle_max_size":"","bundle_price":[],"bundled_items":[],"bundle_sell_ids":[],"acf":[],"aioseo_notices":[],"_links":{"self":[{"href":"https:\/\/alpaka-shop.com\/et\/wp-json\/wp\/v2\/product\/37469","targetHints":{"allow":["GET"]}}],"collection":[{"href":"https:\/\/alpaka-shop.com\/et\/wp-json\/wp\/v2\/product"}],"about":[{"href":"https:\/\/alpaka-shop.com\/et\/wp-json\/wp\/v2\/types\/product"}],"wp:featuredmedia":[{"embeddable":true,"href":"https:\/\/alpaka-shop.com\/et\/wp-json\/wp\/v2\/media\/16395"}],"wp:attachment":[{"href":"https:\/\/alpaka-shop.com\/et\/wp-json\/wp\/v2\/media?parent=37469"}],"wp:term":[{"taxonomy":"product_brand","embeddable":true,"href":"https:\/\/alpaka-shop.com\/et\/wp-json\/wp\/v2\/product_brand?post=37469"},{"taxonomy":"product_cat","embeddable":true,"href":"https:\/\/alpaka-shop.com\/et\/wp-json\/wp\/v2\/product_cat?post=37469"},{"taxonomy":"product_tag","embeddable":true,"href":"https:\/\/alpaka-shop.com\/et\/wp-json\/wp\/v2\/product_tag?post=37469"},{"taxonomy":"product_shipping_class","embeddable":true,"href":"https:\/\/alpaka-shop.com\/et\/wp-json\/wp\/v2\/product_shipping_class?post=37469"},{"taxonomy":"pa_soft-wrap-cardigan","embeddable":true,"href":"https:\/\/alpaka-shop.com\/et\/wp-json\/wp\/v2\/pa_soft-wrap-cardigan?post=37469"}],"curies":[{"name":"wp","href":"https:\/\/api.w.org\/{rel}","templated":true}]}}