{"id":38268,"date":"2022-07-11T15:12:56","date_gmt":"2022-07-11T12:12:56","guid":{"rendered":"https:\/\/alpaka-shop.com\/alpaca-kaisujanes-sami\/"},"modified":"2026-04-10T14:00:08","modified_gmt":"2026-04-10T11:00:08","slug":"alpaca-kaisujanes-sami","status":"publish","type":"product","link":"https:\/\/alpaka-shop.com\/et\/alpaca-kaisujanes-sami\/","title":{"rendered":"Alpaka kaisuj\u00e4nes Sami"},"content":{"rendered":"","protected":false},"excerpt":{"rendered":"<p><span data-sheets-value=\"{&quot;1&quot;:2,&quot;2&quot;:&quot;Alpaka kaisuj\u00e4nes Sami \/ Suur alpaka nahast karvane m\u00e4nguasi l\u00fchikese pehme karvaga \/nSami kaisuj\u00e4nes on valmistatud naturaalsest alpaka nahast, millel pole pehmuse osas v\u00f5rdset. K\u00f5ik meie pl\u00fc\u00fcsm\u00e4nguasjad on k\u00e4sitsi valmistatud, mis t\u00e4hendab, et igal esemel on oma isikup\u00e4ra. Alpakavilla kiud on allergiavabad ja seep\u00e4rast ideaalne valik lastele ja t\u00e4iskasvanutele, kellel on allergiad v\u00f5i tundlik nahk. See on suurep\u00e4rane kingitus, samuti ainulaadne kollektsioneeritav ese teie koju. n&quot;}\" data-sheets-userformat=\"{&quot;2&quot;:769,&quot;3&quot;:{&quot;1&quot;:0},&quot;11&quot;:4,&quot;12&quot;:0}\">Sami kaisuj\u00e4nes on valmistatud naturaalsest alpaka nahast, millel pole pehmuse osas v\u00f5rdset. K\u00f5ik meie pl\u00fc\u00fcsm\u00e4nguasjad on k\u00e4sitsi valmistatud, mis t\u00e4hendab, et igal esemel on oma isikup\u00e4ra. Alpakavilla kiud on allergiavabad ja seep\u00e4rast ideaalne valik lastele ja t\u00e4iskasvanutele, kellel on allergiad v\u00f5i tundlik nahk. See on suurep\u00e4rane kingitus, samuti ainulaadne kollektsioneeritav ese teie koju.<br \/>\n<\/span><\/p>\n<p>MATERJAL<strong><br \/>\nnaturaalne alpaka sami\u00a0karv<\/strong><\/p>\n","protected":false},"featured_media":36551,"template":"","meta":{"_acf_changed":false},"product_brand":[],"product_cat":[89],"product_tag":[],"product_shipping_class":[],"pa_soft-wrap-cardigan":[],"class_list":{"0":"post-38268","1":"product","2":"type-product","3":"status-publish","4":"has-post-thumbnail","6":"product_cat-kaisukarud","8":"first","9":"instock","10":"taxable","11":"shipping-taxable","12":"purchasable","13":"product-type-variable","14":"has-default-attributes","15":"wvs-archive-product-wrapper"},"bundled_by":[],"bundle_stock_status":"instock","bundle_stock_quantity":null,"bundle_virtual":false,"bundle_layout":"","bundle_add_to_cart_form_location":"","bundle_editable_in_cart":false,"bundle_sold_individually_context":"","bundle_item_grouping":"","bundle_min_size":"","bundle_max_size":"","bundle_price":[],"bundled_items":[],"bundle_sell_ids":[],"acf":[],"aioseo_notices":[],"_links":{"self":[{"href":"https:\/\/alpaka-shop.com\/et\/wp-json\/wp\/v2\/product\/38268","targetHints":{"allow":["GET"]}}],"collection":[{"href":"https:\/\/alpaka-shop.com\/et\/wp-json\/wp\/v2\/product"}],"about":[{"href":"https:\/\/alpaka-shop.com\/et\/wp-json\/wp\/v2\/types\/product"}],"wp:featuredmedia":[{"embeddable":true,"href":"https:\/\/alpaka-shop.com\/et\/wp-json\/wp\/v2\/media\/36551"}],"wp:attachment":[{"href":"https:\/\/alpaka-shop.com\/et\/wp-json\/wp\/v2\/media?parent=38268"}],"wp:term":[{"taxonomy":"product_brand","embeddable":true,"href":"https:\/\/alpaka-shop.com\/et\/wp-json\/wp\/v2\/product_brand?post=38268"},{"taxonomy":"product_cat","embeddable":true,"href":"https:\/\/alpaka-shop.com\/et\/wp-json\/wp\/v2\/product_cat?post=38268"},{"taxonomy":"product_tag","embeddable":true,"href":"https:\/\/alpaka-shop.com\/et\/wp-json\/wp\/v2\/product_tag?post=38268"},{"taxonomy":"product_shipping_class","embeddable":true,"href":"https:\/\/alpaka-shop.com\/et\/wp-json\/wp\/v2\/product_shipping_class?post=38268"},{"taxonomy":"pa_soft-wrap-cardigan","embeddable":true,"href":"https:\/\/alpaka-shop.com\/et\/wp-json\/wp\/v2\/pa_soft-wrap-cardigan?post=38268"}],"curies":[{"name":"wp","href":"https:\/\/api.w.org\/{rel}","templated":true}]}}