{"id":39044,"date":"2022-04-11T17:08:44","date_gmt":"2022-04-11T14:08:44","guid":{"rendered":"https:\/\/alpaka-shop.com\/ummargune-sami-vaip\/"},"modified":"2026-03-11T11:00:08","modified_gmt":"2026-03-11T09:00:08","slug":"ummargune-sami-vaip","status":"publish","type":"product","link":"https:\/\/alpaka-shop.com\/et\/ummargune-sami-vaip\/","title":{"rendered":"\u00dcmmargune Sami vaip"},"content":{"rendered":"","protected":false},"excerpt":{"rendered":"<p><span data-sheets-value=\"{&quot;1&quot;:2,&quot;2&quot;:&quot;\u00dcmmargune Sami vaip\/ alpaka karusnahast \u00fcmmargune, libisemiskindla alusega vaip \/rnMeie Sami vaipade kohevus pakub jalge all t\u00f5elist naudingut. Sami vaip on kaunis lisand igale p\u00f5randale. Igatsed seda pilvelikku pehmust peatselt igasse tuppa! Valime Peruu kohalike juurest ainult k\u00f5ige pehmemad ja parimad karusnahad, et toota k\u00f5rgeima v\u00f5imaliku kvaliteediga vaipu. Kasutame k\u00f5ikide oma karusnahast vaipade puhul spetsiaalset libisemiskindlat alust ja ehtsast nahast \u00e4\u00e4ristust, et need oleksid v\u00f5imalikult vastupidavad. K\u00f5ik meie karusnahatooted on eetilist p\u00e4ritolu.r&quot;}\" data-sheets-userformat=\"{&quot;2&quot;:771,&quot;3&quot;:{&quot;1&quot;:0},&quot;4&quot;:{&quot;1&quot;:3,&quot;3&quot;:6},&quot;11&quot;:4,&quot;12&quot;:0}\">Meie Sami vaipade kohevus pakub jalge all t\u00f5elist naudingut. Sami vaip on kaunis lisand igale p\u00f5randale. Igatsed seda pilvelikku pehmust peatselt igasse tuppa! Valime Peruu kohalike juurest ainult k\u00f5ige pehmemad ja parimad karusnahad, et toota k\u00f5rgeima v\u00f5imaliku kvaliteediga vaipu. Kasutame k\u00f5ikide oma karusnahast vaipade puhul spetsiaalset libisemiskindlat alust ja ehtsast nahast \u00e4\u00e4ristust, et need oleksid v\u00f5imalikult vastupidavad. K\u00f5ik meie karusnahatooted on eetilist p\u00e4ritolu.<\/span><\/p>\n","protected":false},"featured_media":36404,"template":"","meta":{"_acf_changed":false},"product_brand":[],"product_cat":[108,123],"product_tag":[],"product_shipping_class":[],"pa_soft-wrap-cardigan":[],"class_list":{"0":"post-39044","1":"product","2":"type-product","3":"status-publish","4":"has-post-thumbnail","6":"product_cat-sisustus","7":"product_cat-vaibad","9":"first","10":"instock","11":"taxable","12":"shipping-taxable","13":"purchasable","14":"product-type-variable","15":"has-default-attributes","16":"wvs-archive-product-wrapper"},"bundled_by":[],"bundle_stock_status":"instock","bundle_stock_quantity":null,"bundle_virtual":false,"bundle_layout":"","bundle_add_to_cart_form_location":"","bundle_editable_in_cart":false,"bundle_sold_individually_context":"","bundle_item_grouping":"","bundle_min_size":"","bundle_max_size":"","bundle_price":[],"bundled_items":[],"bundle_sell_ids":[],"acf":[],"aioseo_notices":[],"_links":{"self":[{"href":"https:\/\/alpaka-shop.com\/et\/wp-json\/wp\/v2\/product\/39044","targetHints":{"allow":["GET"]}}],"collection":[{"href":"https:\/\/alpaka-shop.com\/et\/wp-json\/wp\/v2\/product"}],"about":[{"href":"https:\/\/alpaka-shop.com\/et\/wp-json\/wp\/v2\/types\/product"}],"wp:featuredmedia":[{"embeddable":true,"href":"https:\/\/alpaka-shop.com\/et\/wp-json\/wp\/v2\/media\/36404"}],"wp:attachment":[{"href":"https:\/\/alpaka-shop.com\/et\/wp-json\/wp\/v2\/media?parent=39044"}],"wp:term":[{"taxonomy":"product_brand","embeddable":true,"href":"https:\/\/alpaka-shop.com\/et\/wp-json\/wp\/v2\/product_brand?post=39044"},{"taxonomy":"product_cat","embeddable":true,"href":"https:\/\/alpaka-shop.com\/et\/wp-json\/wp\/v2\/product_cat?post=39044"},{"taxonomy":"product_tag","embeddable":true,"href":"https:\/\/alpaka-shop.com\/et\/wp-json\/wp\/v2\/product_tag?post=39044"},{"taxonomy":"product_shipping_class","embeddable":true,"href":"https:\/\/alpaka-shop.com\/et\/wp-json\/wp\/v2\/product_shipping_class?post=39044"},{"taxonomy":"pa_soft-wrap-cardigan","embeddable":true,"href":"https:\/\/alpaka-shop.com\/et\/wp-json\/wp\/v2\/pa_soft-wrap-cardigan?post=39044"}],"curies":[{"name":"wp","href":"https:\/\/api.w.org\/{rel}","templated":true}]}}