{"id":39056,"date":"2022-04-11T17:06:05","date_gmt":"2022-04-11T14:06:05","guid":{"rendered":"https:\/\/alpaka-shop.com\/sami-vaip\/"},"modified":"2025-10-24T11:00:15","modified_gmt":"2025-10-24T08:00:15","slug":"sami-vaip","status":"publish","type":"product","link":"https:\/\/alpaka-shop.com\/et\/sami-vaip\/","title":{"rendered":"Sami vaip"},"content":{"rendered":"","protected":false},"excerpt":{"rendered":"<p><span data-sheets-value=\"{&quot;1&quot;:2,&quot;2&quot;:&quot;Sami vaip \/ alpaka karusnahast l\u00fchikarvaline, libisemiskindla alusega vaip \/ eetilise p\u00e4ritoluga alpaka karusnahast l\u00fchikarvaline vaip \/ rnMeie m\u00f5nusalt pehmed alpakanahast vaibad on dekadentlik lisandus igasse ruumi. Sami vaibad on valmistatud naturaalsest alpaka karusnahast, mis on katsudes v\u00e4ga paks ja pehme. S\u00f5na sami t\u00e4hendab ket\u0161ua keeles \u201etugev\u201c, sest Sami karusnahk on teadaolevalt v\u00e4ga paks ja tugev, hoides v\u00e4hem \u00f5hku karusnaha sees, kuid pakkudes suuremat siledust, vastupidavust ja soojust. Igal Sami vaibal on ainulaadne v\u00e4limus nii v\u00e4rvide kui ka alpaka karusnaha f\u00fc\u00fcsiliste omaduste poolest. V\u00f5ivad esineda v\u00e4ikesed erinevused v\u00e4rvitoonides ja kiupikkuses, kuna kasutatud on ainult looduslikke materjale. Kiud on omadustelt vett- ja mustusth\u00fclgavad, mis teeb alpaka karusnahast Sami vaiba hooldamise lihtsaks. Meie alpaka karusnahk on 100% julmusevaba. Lisateabe saamiseks loe meie tootehoolduse juhiseid.r&quot;}\" data-sheets-userformat=\"{&quot;2&quot;:771,&quot;3&quot;:{&quot;1&quot;:0},&quot;4&quot;:{&quot;1&quot;:3,&quot;3&quot;:6},&quot;11&quot;:4,&quot;12&quot;:0}\">Meie m\u00f5nusalt pehmed alpakanahast vaibad on dekadentlik lisandus igasse ruumi. Sami vaibad on valmistatud naturaalsest alpaka karusnahast, mis on katsudes v\u00e4ga paks ja pehme. S\u00f5na sami t\u00e4hendab ket\u0161ua keeles \u201etugev\u201c, sest Sami karusnahk on teadaolevalt v\u00e4ga paks ja tugev, hoides v\u00e4hem \u00f5hku karusnaha sees, kuid pakkudes suuremat siledust, vastupidavust ja soojust. Igal Sami vaibal on ainulaadne v\u00e4limus nii v\u00e4rvide kui ka alpaka karusnaha f\u00fc\u00fcsiliste omaduste poolest. V\u00f5ivad esineda v\u00e4ikesed erinevused v\u00e4rvitoonides ja kiupikkuses, kuna kasutatud on ainult looduslikke materjale. Kiud on omadustelt vett- ja mustusth\u00fclgavad, mis teeb alpaka karusnahast Sami vaiba hooldamise lihtsaks. Meie alpaka karusnahk on 100% julmusevaba. Lisateabe saamiseks loe meie tootehoolduse juhiseid.<\/span><\/p>\n","protected":false},"featured_media":36317,"template":"","meta":{"_acf_changed":false},"product_brand":[],"product_cat":[108,123],"product_tag":[],"product_shipping_class":[],"pa_soft-wrap-cardigan":[],"class_list":{"0":"post-39056","1":"product","2":"type-product","3":"status-publish","4":"has-post-thumbnail","6":"product_cat-sisustus","7":"product_cat-vaibad","9":"first","10":"instock","11":"taxable","12":"shipping-taxable","13":"purchasable","14":"product-type-variable","15":"has-default-attributes","16":"wvs-archive-product-wrapper"},"bundled_by":[],"bundle_stock_status":"instock","bundle_stock_quantity":null,"bundle_virtual":false,"bundle_layout":"","bundle_add_to_cart_form_location":"","bundle_editable_in_cart":false,"bundle_sold_individually_context":"","bundle_item_grouping":"","bundle_min_size":"","bundle_max_size":"","bundle_price":[],"bundled_items":[],"bundle_sell_ids":[],"acf":[],"aioseo_notices":[],"_links":{"self":[{"href":"https:\/\/alpaka-shop.com\/et\/wp-json\/wp\/v2\/product\/39056","targetHints":{"allow":["GET"]}}],"collection":[{"href":"https:\/\/alpaka-shop.com\/et\/wp-json\/wp\/v2\/product"}],"about":[{"href":"https:\/\/alpaka-shop.com\/et\/wp-json\/wp\/v2\/types\/product"}],"wp:featuredmedia":[{"embeddable":true,"href":"https:\/\/alpaka-shop.com\/et\/wp-json\/wp\/v2\/media\/36317"}],"wp:attachment":[{"href":"https:\/\/alpaka-shop.com\/et\/wp-json\/wp\/v2\/media?parent=39056"}],"wp:term":[{"taxonomy":"product_brand","embeddable":true,"href":"https:\/\/alpaka-shop.com\/et\/wp-json\/wp\/v2\/product_brand?post=39056"},{"taxonomy":"product_cat","embeddable":true,"href":"https:\/\/alpaka-shop.com\/et\/wp-json\/wp\/v2\/product_cat?post=39056"},{"taxonomy":"product_tag","embeddable":true,"href":"https:\/\/alpaka-shop.com\/et\/wp-json\/wp\/v2\/product_tag?post=39056"},{"taxonomy":"product_shipping_class","embeddable":true,"href":"https:\/\/alpaka-shop.com\/et\/wp-json\/wp\/v2\/product_shipping_class?post=39056"},{"taxonomy":"pa_soft-wrap-cardigan","embeddable":true,"href":"https:\/\/alpaka-shop.com\/et\/wp-json\/wp\/v2\/pa_soft-wrap-cardigan?post=39056"}],"curies":[{"name":"wp","href":"https:\/\/api.w.org\/{rel}","templated":true}]}}