{"id":39068,"date":"2022-04-11T17:18:19","date_gmt":"2022-04-11T14:18:19","guid":{"rendered":"https:\/\/alpaka-shop.com\/sami-padi\/"},"modified":"2026-04-21T12:00:11","modified_gmt":"2026-04-21T09:00:11","slug":"sami-padi","status":"publish","type":"product","link":"https:\/\/alpaka-shop.com\/et\/sami-padi\/","title":{"rendered":"Sami padi"},"content":{"rendered":"","protected":false},"excerpt":{"rendered":"<p><span data-sheets-value=\"{&quot;1&quot;:2,&quot;2&quot;:&quot;Sami padi \/ L\u00fchikarvalise alpaka nahast\/ Sami Cushion kollektsiooni tooted on t\u00e4iuslik aksessuaar sinu voodile, diivanile v\u00f5i lemmik-tugitooli. Need lisavad pehmet ja luksuslikku h\u00f5ngu ning t\u00e4nu naturaalsetele v\u00e4rvitoonidele on neid lihtne erinevatesse interj\u00f6\u00f6ridesse sobitada. Meie Sami padjakatted on valmistatud naturaalsest alpaka karusnahast, millel on 100% beebialpaka villast valmistatud alumine pool. M\u00f5lemad on toodetud eetiliselt. See t\u00e4hendab, et saad meie tooteid rahuliku s\u00fcdamega nautida, teades, et loomi ei kahjustatud ega v\u00e4\u00e4rkoheldud mingil viisil.&quot;}\" data-sheets-userformat=\"{&quot;2&quot;:771,&quot;3&quot;:{&quot;1&quot;:0},&quot;4&quot;:{&quot;1&quot;:3,&quot;3&quot;:6},&quot;11&quot;:4,&quot;12&quot;:0}\">Sami Cushion kollektsiooni tooted on t\u00e4iuslik aksessuaar sinu voodile, diivanile v\u00f5i lemmik-tugitooli. Need lisavad pehmet ja luksuslikku h\u00f5ngu ning t\u00e4nu naturaalsetele v\u00e4rvitoonidele on neid lihtne erinevatesse interj\u00f6\u00f6ridesse sobitada. Meie Sami padjakatted on valmistatud naturaalsest alpaka karusnahast, millel on 100% beebialpaka villast valmistatud alumine pool. M\u00f5lemad on toodetud eetiliselt. See t\u00e4hendab, et saad meie tooteid rahuliku s\u00fcdamega nautida, teades, et loomi ei kahjustatud ega v\u00e4\u00e4rkoheldud mingil viisil.<\/span><\/p>\n","protected":false},"featured_media":36253,"template":"","meta":{"_acf_changed":false},"product_brand":[],"product_cat":[90,108],"product_tag":[],"product_shipping_class":[],"pa_soft-wrap-cardigan":[],"class_list":{"0":"post-39068","1":"product","2":"type-product","3":"status-publish","4":"has-post-thumbnail","6":"product_cat-padjad","7":"product_cat-sisustus","9":"first","10":"instock","11":"taxable","12":"shipping-taxable","13":"purchasable","14":"product-type-variable","15":"has-default-attributes","16":"wvs-archive-product-wrapper"},"bundled_by":[],"bundle_stock_status":"instock","bundle_stock_quantity":null,"bundle_virtual":false,"bundle_layout":"","bundle_add_to_cart_form_location":"","bundle_editable_in_cart":false,"bundle_sold_individually_context":"","bundle_item_grouping":"","bundle_min_size":"","bundle_max_size":"","bundle_price":[],"bundled_items":[],"bundle_sell_ids":[],"acf":[],"aioseo_notices":[],"_links":{"self":[{"href":"https:\/\/alpaka-shop.com\/et\/wp-json\/wp\/v2\/product\/39068","targetHints":{"allow":["GET"]}}],"collection":[{"href":"https:\/\/alpaka-shop.com\/et\/wp-json\/wp\/v2\/product"}],"about":[{"href":"https:\/\/alpaka-shop.com\/et\/wp-json\/wp\/v2\/types\/product"}],"wp:featuredmedia":[{"embeddable":true,"href":"https:\/\/alpaka-shop.com\/et\/wp-json\/wp\/v2\/media\/36253"}],"wp:attachment":[{"href":"https:\/\/alpaka-shop.com\/et\/wp-json\/wp\/v2\/media?parent=39068"}],"wp:term":[{"taxonomy":"product_brand","embeddable":true,"href":"https:\/\/alpaka-shop.com\/et\/wp-json\/wp\/v2\/product_brand?post=39068"},{"taxonomy":"product_cat","embeddable":true,"href":"https:\/\/alpaka-shop.com\/et\/wp-json\/wp\/v2\/product_cat?post=39068"},{"taxonomy":"product_tag","embeddable":true,"href":"https:\/\/alpaka-shop.com\/et\/wp-json\/wp\/v2\/product_tag?post=39068"},{"taxonomy":"product_shipping_class","embeddable":true,"href":"https:\/\/alpaka-shop.com\/et\/wp-json\/wp\/v2\/product_shipping_class?post=39068"},{"taxonomy":"pa_soft-wrap-cardigan","embeddable":true,"href":"https:\/\/alpaka-shop.com\/et\/wp-json\/wp\/v2\/pa_soft-wrap-cardigan?post=39068"}],"curies":[{"name":"wp","href":"https:\/\/api.w.org\/{rel}","templated":true}]}}