{"id":39875,"date":"2022-08-29T14:13:15","date_gmt":"2022-08-29T11:13:15","guid":{"rendered":"https:\/\/alpaka-shop.com\/?post_type=product&#038;p=39875"},"modified":"2026-04-04T14:20:02","modified_gmt":"2026-04-04T11:20:02","slug":"beebialpaka-palmikmuts-tutiga","status":"publish","type":"product","link":"https:\/\/alpaka-shop.com\/et\/beebialpaka-palmikmuts-tutiga\/","title":{"rendered":"Beebialpaka palmikm\u00fcts Tutiga"},"content":{"rendered":"","protected":false},"excerpt":{"rendered":"<p>M\u00fctsi muudavad paeluvaks stiilne palmikkude ja beebialpaka vill, mis on h\u00fcpoallergeenne ning eriliselt pehme.<\/p>\n<p>Maal\u00e4hedased toonid muudavad aksessuaari kergesti sobituvaks iga riietuse juurde.<\/p>\n<p>Kui tahad m\u00f5juda m\u00e4nguliselt, vali m\u00fctsile juurde naturaalne julmusevabast alpakakarvast m\u00fctsitutt.<\/p>\n<p>MATERJAL<br \/>\n<strong>100% Beebialpaka<\/strong><\/p>\n","protected":false},"featured_media":44135,"template":"","meta":{"_acf_changed":false},"product_brand":[],"product_cat":[96,62],"product_tag":[],"product_shipping_class":[],"pa_soft-wrap-cardigan":[],"class_list":{"0":"post-39875","1":"product","2":"type-product","3":"status-publish","4":"has-post-thumbnail","6":"product_cat-mutsid-naised","7":"product_cat-naised","9":"first","10":"instock","11":"taxable","12":"shipping-taxable","13":"purchasable","14":"product-type-variable","15":"has-default-attributes","16":"wvs-archive-product-wrapper"},"bundled_by":[],"bundle_stock_status":"instock","bundle_stock_quantity":null,"bundle_virtual":false,"bundle_layout":"","bundle_add_to_cart_form_location":"","bundle_editable_in_cart":false,"bundle_sold_individually_context":"","bundle_item_grouping":"","bundle_min_size":"","bundle_max_size":"","bundle_price":[],"bundled_items":[],"bundle_sell_ids":[],"acf":[],"aioseo_notices":[],"_links":{"self":[{"href":"https:\/\/alpaka-shop.com\/et\/wp-json\/wp\/v2\/product\/39875","targetHints":{"allow":["GET"]}}],"collection":[{"href":"https:\/\/alpaka-shop.com\/et\/wp-json\/wp\/v2\/product"}],"about":[{"href":"https:\/\/alpaka-shop.com\/et\/wp-json\/wp\/v2\/types\/product"}],"wp:featuredmedia":[{"embeddable":true,"href":"https:\/\/alpaka-shop.com\/et\/wp-json\/wp\/v2\/media\/44135"}],"wp:attachment":[{"href":"https:\/\/alpaka-shop.com\/et\/wp-json\/wp\/v2\/media?parent=39875"}],"wp:term":[{"taxonomy":"product_brand","embeddable":true,"href":"https:\/\/alpaka-shop.com\/et\/wp-json\/wp\/v2\/product_brand?post=39875"},{"taxonomy":"product_cat","embeddable":true,"href":"https:\/\/alpaka-shop.com\/et\/wp-json\/wp\/v2\/product_cat?post=39875"},{"taxonomy":"product_tag","embeddable":true,"href":"https:\/\/alpaka-shop.com\/et\/wp-json\/wp\/v2\/product_tag?post=39875"},{"taxonomy":"product_shipping_class","embeddable":true,"href":"https:\/\/alpaka-shop.com\/et\/wp-json\/wp\/v2\/product_shipping_class?post=39875"},{"taxonomy":"pa_soft-wrap-cardigan","embeddable":true,"href":"https:\/\/alpaka-shop.com\/et\/wp-json\/wp\/v2\/pa_soft-wrap-cardigan?post=39875"}],"curies":[{"name":"wp","href":"https:\/\/api.w.org\/{rel}","templated":true}]}}