{"id":40299,"date":"2022-11-17T11:28:58","date_gmt":"2022-11-17T09:28:58","guid":{"rendered":"https:\/\/alpaka-shop.com\/?post_type=product&#038;p=40299"},"modified":"2026-03-17T20:07:02","modified_gmt":"2026-03-17T18:07:02","slug":"klassikaline-umara-kaelusega-kampsun","status":"publish","type":"product","link":"https:\/\/alpaka-shop.com\/et\/klassikaline-umara-kaelusega-kampsun\/","title":{"rendered":"Klassikaline \u00dcmara Kaelusega Kampsun"},"content":{"rendered":"","protected":false},"excerpt":{"rendered":"<p><span data-sheets-value=\"{&quot;1&quot;:2,&quot;2&quot;:&quot;SHORT DESCRIPTIONn100% beebialpaka villast \u00fcmara kaelusega klassikaline kampsunnDESCRIPTIONnSee minimalistike soonikkoes detailidega 100% beebialpaka kampsun on t\u00f5eline klassika. Ajatult lihtne l\u00f5ige pakub t\u00f5elist kandmismugavust ja on disainitud sobituma k\u00f5igega Sinu garderoobis. Beebialpaka vill on materjal, mille erakordsed termoreguleerivat omadused hoiavad kehatemperatuuri t\u00e4pselt parajana, et tunneksid end mugavalt p\u00e4ev l\u00e4bi. M\u00f5nusalt lihtne kampsun sobib h\u00e4sti igap\u00e4evasteks ettev\u00f5tmisteks kuid on samas piisavalt elegantne ka n\u00e4iteks kontoris kandmiseks.nMETA DESCRIPTIONnKlassikaline beebialpaka kampsun igap\u00e4evaseks kandmiseks pakub palju erinevaid stiliseerimisv\u00f5imalusi. n&quot;}\" data-sheets-userformat=\"{&quot;2&quot;:11009,&quot;3&quot;:{&quot;1&quot;:0},&quot;11&quot;:4,&quot;12&quot;:0,&quot;14&quot;:{&quot;1&quot;:2,&quot;2&quot;:0},&quot;16&quot;:10}\" data-sheets-textstyleruns=\"{&quot;1&quot;:0,&quot;2&quot;:{&quot;5&quot;:1}}\uee10{&quot;1&quot;:18}\uee10{&quot;1&quot;:80,&quot;2&quot;:{&quot;5&quot;:1}}\uee10{&quot;1&quot;:91}\uee10{&quot;1&quot;:567,&quot;2&quot;:{&quot;5&quot;:1}}\uee10{&quot;1&quot;:583}\">See minimalistike soonikkoes detailidega 100% beebialpaka kampsun on t\u00f5eline klassika. Ajatult lihtne l\u00f5ige pakub t\u00f5elist kandmismugavust ja on disainitud sobituma k\u00f5igega Sinu garderoobis. Beebialpaka vill on materjal, mille erakordsed termoreguleerivat omadused hoiavad kehatemperatuuri t\u00e4pselt parajana, et tunneksid end mugavalt p\u00e4ev l\u00e4bi. M\u00f5nusalt lihtne kampsun sobib h\u00e4sti igap\u00e4evasteks ettev\u00f5tmisteks kuid on samas piisavalt elegantne ka n\u00e4iteks kontoris kandmiseks.<br \/>\n<\/span><\/p>\n<p>MATERIAL<br \/>\n<strong>100% Beebialpaka<\/strong><\/p>\n","protected":false},"featured_media":48026,"template":"","meta":{"_acf_changed":false},"product_brand":[],"product_cat":[94,69],"product_tag":[],"product_shipping_class":[],"pa_soft-wrap-cardigan":[],"class_list":{"0":"post-40299","1":"product","2":"type-product","3":"status-publish","4":"has-post-thumbnail","6":"product_cat-kampsunid-kardiganid","7":"product_cat-mehed","9":"first","10":"instock","11":"taxable","12":"shipping-taxable","13":"purchasable","14":"product-type-variable","15":"has-default-attributes","16":"wvs-archive-product-wrapper"},"bundled_by":[],"bundle_stock_status":"instock","bundle_stock_quantity":null,"bundle_virtual":false,"bundle_layout":"","bundle_add_to_cart_form_location":"","bundle_editable_in_cart":false,"bundle_sold_individually_context":"","bundle_item_grouping":"","bundle_min_size":"","bundle_max_size":"","bundle_price":[],"bundled_items":[],"bundle_sell_ids":[],"acf":[],"aioseo_notices":[],"_links":{"self":[{"href":"https:\/\/alpaka-shop.com\/et\/wp-json\/wp\/v2\/product\/40299","targetHints":{"allow":["GET"]}}],"collection":[{"href":"https:\/\/alpaka-shop.com\/et\/wp-json\/wp\/v2\/product"}],"about":[{"href":"https:\/\/alpaka-shop.com\/et\/wp-json\/wp\/v2\/types\/product"}],"wp:featuredmedia":[{"embeddable":true,"href":"https:\/\/alpaka-shop.com\/et\/wp-json\/wp\/v2\/media\/48026"}],"wp:attachment":[{"href":"https:\/\/alpaka-shop.com\/et\/wp-json\/wp\/v2\/media?parent=40299"}],"wp:term":[{"taxonomy":"product_brand","embeddable":true,"href":"https:\/\/alpaka-shop.com\/et\/wp-json\/wp\/v2\/product_brand?post=40299"},{"taxonomy":"product_cat","embeddable":true,"href":"https:\/\/alpaka-shop.com\/et\/wp-json\/wp\/v2\/product_cat?post=40299"},{"taxonomy":"product_tag","embeddable":true,"href":"https:\/\/alpaka-shop.com\/et\/wp-json\/wp\/v2\/product_tag?post=40299"},{"taxonomy":"product_shipping_class","embeddable":true,"href":"https:\/\/alpaka-shop.com\/et\/wp-json\/wp\/v2\/product_shipping_class?post=40299"},{"taxonomy":"pa_soft-wrap-cardigan","embeddable":true,"href":"https:\/\/alpaka-shop.com\/et\/wp-json\/wp\/v2\/pa_soft-wrap-cardigan?post=40299"}],"curies":[{"name":"wp","href":"https:\/\/api.w.org\/{rel}","templated":true}]}}