{"id":40307,"date":"2022-11-24T11:57:01","date_gmt":"2022-11-24T09:57:01","guid":{"rendered":"https:\/\/alpaka-shop.com\/?post_type=product&#038;p=40307"},"modified":"2025-12-30T21:00:06","modified_gmt":"2025-12-30T19:00:06","slug":"unisex-kootud-mantel","status":"publish","type":"product","link":"https:\/\/alpaka-shop.com\/et\/unisex-kootud-mantel\/","title":{"rendered":"Unisex Kootud Mantel"},"content":{"rendered":"","protected":false},"excerpt":{"rendered":"<p><span data-sheets-value=\"{&quot;1&quot;:2,&quot;2&quot;:&quot;SHORT DESCRIPTIONnBeebialpaka ja Pima puuvilla koostisega unisex kootud mantel koos v\u00f6\u00f6 ja eemaldatava kapuutsiga nDESCRIPTIONnAlpaka kootud mantel on hoiab p\u00e4ikese Sinu p\u00f5ues. See igap\u00e4evaseks kandmiseks loodud suur, soe ja mitmek\u00fclgne \u00fcler\u00f5ivas on kootud beebi alpaka ja Pima puuvilla koostisega l\u00f5ngast. Reguleeri istuvust v\u00f6\u00f6ga ja moodsa eemaldatava kapuutsiga. Kootud mantel sobitub suurep\u00e4raselt Sinu lemmikute hooajaliste esemetega ja pakub palju erinvaid kandmisv\u00f5imalusi - kas t\u00f6\u00f6tad kodust, kohtud s\u00f5pradega v\u00f5i otsid lihtsalt m\u00f5nusat r\u00f5ivaeset, milles end h\u00e4sti tunda. Eemaldatav kapuuts kinnitub krae k\u00fclge Bioresin n\u00f6\u00f6pidega, millel on tavaliste n\u00f6\u00f6pidega v\u00f5rreldes 25% v\u00f5rra v\u00e4iksem s\u00fcsiniku jalaj\u00e4lg. nMETA DESCRIPTIONnBeebialpaka villast unisex kootud mantel Bioresin n\u00f6\u00f6pidega - ideaalne kandjale, kes hindab k\u00f5rget kvaliteeti ja versatiilsust. n&quot;}\" data-sheets-userformat=\"{&quot;2&quot;:11009,&quot;3&quot;:{&quot;1&quot;:0},&quot;11&quot;:4,&quot;12&quot;:0,&quot;14&quot;:{&quot;1&quot;:2,&quot;2&quot;:0},&quot;16&quot;:10}\" data-sheets-textstyleruns=\"{&quot;1&quot;:0,&quot;2&quot;:{&quot;5&quot;:1}}\uee10{&quot;1&quot;:18}\uee10{&quot;1&quot;:115,&quot;2&quot;:{&quot;5&quot;:1}}\uee10{&quot;1&quot;:127}\uee10{&quot;1&quot;:717,&quot;2&quot;:{&quot;5&quot;:1}}\uee10{&quot;1&quot;:734}\">Alpaka kootud mantel on hoiab p\u00e4ikese Sinu p\u00f5ues. See igap\u00e4evaseks kandmiseks loodud suur, soe ja mitmek\u00fclgne \u00fcler\u00f5ivas on kootud beebi alpaka ja Pima puuvilla koostisega l\u00f5ngast. Reguleeri istuvust v\u00f6\u00f6ga ja moodsa eemaldatava kapuutsiga. Kootud mantel sobitub suurep\u00e4raselt Sinu lemmikute hooajaliste esemetega ja pakub palju erinvaid kandmisv\u00f5imalusi &#8211; kas t\u00f6\u00f6tad kodust, kohtud s\u00f5pradega v\u00f5i otsid lihtsalt m\u00f5nusat r\u00f5ivaeset, milles end h\u00e4sti tunda. Eemaldatav kapuuts kinnitub krae k\u00fclge Bioresin n\u00f6\u00f6pidega, millel on tavaliste n\u00f6\u00f6pidega v\u00f5rreldes 25% v\u00f5rra v\u00e4iksem s\u00fcsiniku jalaj\u00e4lg.<br \/>\n<\/span><\/p>\n<p>MATERIAL<br \/>\n<strong>56% beebialpaka, 44% Pima puuvill<\/strong><\/p>\n","protected":false},"featured_media":48780,"template":"","meta":{"_acf_changed":false},"product_brand":[],"product_cat":[98,94,69,62],"product_tag":[],"product_shipping_class":[],"pa_soft-wrap-cardigan":[],"class_list":{"0":"post-40307","1":"product","2":"type-product","3":"status-publish","4":"has-post-thumbnail","6":"product_cat-kampsunid-kardiganid-naised","7":"product_cat-kampsunid-kardiganid","8":"product_cat-mehed","9":"product_cat-naised","11":"first","12":"outofstock","13":"taxable","14":"shipping-taxable","15":"purchasable","16":"product-type-variable","17":"has-default-attributes","18":"wvs-archive-product-wrapper"},"bundled_by":[],"bundle_stock_status":"outofstock","bundle_stock_quantity":null,"bundle_virtual":false,"bundle_layout":"","bundle_add_to_cart_form_location":"","bundle_editable_in_cart":false,"bundle_sold_individually_context":"","bundle_item_grouping":"","bundle_min_size":"","bundle_max_size":"","bundle_price":[],"bundled_items":[],"bundle_sell_ids":[],"acf":[],"aioseo_notices":[],"_links":{"self":[{"href":"https:\/\/alpaka-shop.com\/et\/wp-json\/wp\/v2\/product\/40307","targetHints":{"allow":["GET"]}}],"collection":[{"href":"https:\/\/alpaka-shop.com\/et\/wp-json\/wp\/v2\/product"}],"about":[{"href":"https:\/\/alpaka-shop.com\/et\/wp-json\/wp\/v2\/types\/product"}],"wp:featuredmedia":[{"embeddable":true,"href":"https:\/\/alpaka-shop.com\/et\/wp-json\/wp\/v2\/media\/48780"}],"wp:attachment":[{"href":"https:\/\/alpaka-shop.com\/et\/wp-json\/wp\/v2\/media?parent=40307"}],"wp:term":[{"taxonomy":"product_brand","embeddable":true,"href":"https:\/\/alpaka-shop.com\/et\/wp-json\/wp\/v2\/product_brand?post=40307"},{"taxonomy":"product_cat","embeddable":true,"href":"https:\/\/alpaka-shop.com\/et\/wp-json\/wp\/v2\/product_cat?post=40307"},{"taxonomy":"product_tag","embeddable":true,"href":"https:\/\/alpaka-shop.com\/et\/wp-json\/wp\/v2\/product_tag?post=40307"},{"taxonomy":"product_shipping_class","embeddable":true,"href":"https:\/\/alpaka-shop.com\/et\/wp-json\/wp\/v2\/product_shipping_class?post=40307"},{"taxonomy":"pa_soft-wrap-cardigan","embeddable":true,"href":"https:\/\/alpaka-shop.com\/et\/wp-json\/wp\/v2\/pa_soft-wrap-cardigan?post=40307"}],"curies":[{"name":"wp","href":"https:\/\/api.w.org\/{rel}","templated":true}]}}