{"id":40310,"date":"2022-11-03T13:16:40","date_gmt":"2022-11-03T11:16:40","guid":{"rendered":"https:\/\/alpaka-shop.com\/?post_type=product&#038;p=40310"},"modified":"2026-03-19T10:07:03","modified_gmt":"2026-03-19T08:07:03","slug":"avar-noopidega-kardigan","status":"publish","type":"product","link":"https:\/\/alpaka-shop.com\/et\/avar-noopidega-kardigan\/","title":{"rendered":"Avar N\u00f6\u00f6pidega Kardigan"},"content":{"rendered":"","protected":false},"excerpt":{"rendered":"<p><span data-sheets-value=\"{&quot;1&quot;:2,&quot;2&quot;:&quot;SHORT DESCRIPTIONnBeebialpaka ja Pima puuvilla koostisega avara l\u00f5ikega kardigan, mille esikinnist kaunistavad n\u00f6\u00f6bid nDESCRIPTIONnStiilne kuid ajatu ese, mis on suurep\u00e4rane kihiliseks riietumiseks. Beebialpaka ja Pima puuvilla koostis on justkui pehme pai Sinu nahale. Kerge ja soe alpaka vill pakub kandmismugavust aastal\u00e4bi. Avar kardigan on r\u00f5ivaese, mis v\u00e4\u00e4rib kohta Sinu garderoobis, sest sobitub nii \u0161iki kui ka igap\u00e4evasema stiiliga. Viska \u00f5lgadele jahedal suve\u00f5htul v\u00f5i sobita enda lemmik teksade ja topiga - selle kampsuni mitmek\u00fclgsusest ei saa \u00fcle ega \u00fcmber. Kampsunil esikinnises on n\u00f6\u00f6bid, mis on valmistatud enam kui 25% ulatuses puuviljade ja k\u00f6\u00f6giviljade j\u00e4\u00e4tmetest, seel\u00e4bi v\u00e4hendades s\u00fcsiniku jalaj\u00e4lge ligi 25% v\u00f5rra v\u00f5rreldes tavaliste n\u00f6\u00f6pidega. nMETA DESCRIPTIONnAjatu avar kardigan Bioresin n\u00f6\u00f6pidega pakub kandjale t\u00f5elist mugavust ja mitmek\u00fclgseid stiliseerimisv\u00f5imalusi. &quot;}\" data-sheets-userformat=\"{&quot;2&quot;:2817,&quot;3&quot;:{&quot;1&quot;:0},&quot;11&quot;:4,&quot;12&quot;:0,&quot;14&quot;:{&quot;1&quot;:2,&quot;2&quot;:0}}\" data-sheets-textstyleruns=\"{&quot;1&quot;:0,&quot;2&quot;:{&quot;5&quot;:1}}\uee10{&quot;1&quot;:18}\uee10{&quot;1&quot;:120,&quot;2&quot;:{&quot;5&quot;:1}}\uee10{&quot;1&quot;:131}\uee10{&quot;1&quot;:770,&quot;2&quot;:{&quot;5&quot;:1}}\uee10{&quot;1&quot;:786}\">Stiilne kuid ajatu ese, mis on suurep\u00e4rane kihiliseks riietumiseks. Beebialpaka ja Pima puuvilla koostis on justkui pehme pai Sinu nahale. Kerge ja soe alpaka vill pakub kandmismugavust aastal\u00e4bi. Avar kardigan on r\u00f5ivaese, mis v\u00e4\u00e4rib kohta Sinu garderoobis, sest sobitub nii \u0161iki kui ka igap\u00e4evasema stiiliga. Viska \u00f5lgadele jahedal suve\u00f5htul v\u00f5i sobita enda lemmik teksade ja topiga &#8211; selle kampsuni mitmek\u00fclgsusest ei saa \u00fcle ega \u00fcmber. Kampsunil esikinnises on n\u00f6\u00f6bid, mis on valmistatud enam kui 25% ulatuses puuviljade ja k\u00f6\u00f6giviljade j\u00e4\u00e4tmetest, seel\u00e4bi v\u00e4hendades s\u00fcsiniku jalaj\u00e4lge ligi 25% v\u00f5rra v\u00f5rreldes tavaliste n\u00f6\u00f6pidega.<\/span><\/p>\n<p>MATERJAL<br \/>\n<strong>56% Beebialpaka, 44% Pima Puuvill<\/strong><\/p>\n<p>PAKEND<br \/>\n<strong>Kinkekarp<\/strong><\/p>\n","protected":false},"featured_media":48735,"template":"","meta":{"_acf_changed":false},"product_brand":[],"product_cat":[98,62],"product_tag":[],"product_shipping_class":[],"pa_soft-wrap-cardigan":[],"class_list":{"0":"post-40310","1":"product","2":"type-product","3":"status-publish","4":"has-post-thumbnail","6":"product_cat-kampsunid-kardiganid-naised","7":"product_cat-naised","9":"first","10":"instock","11":"taxable","12":"shipping-taxable","13":"purchasable","14":"product-type-variable","15":"has-default-attributes","16":"wvs-archive-product-wrapper"},"bundled_by":[],"bundle_stock_status":"instock","bundle_stock_quantity":null,"bundle_virtual":false,"bundle_layout":"","bundle_add_to_cart_form_location":"","bundle_editable_in_cart":false,"bundle_sold_individually_context":"","bundle_item_grouping":"","bundle_min_size":"","bundle_max_size":"","bundle_price":[],"bundled_items":[],"bundle_sell_ids":[],"acf":[],"aioseo_notices":[],"_links":{"self":[{"href":"https:\/\/alpaka-shop.com\/et\/wp-json\/wp\/v2\/product\/40310","targetHints":{"allow":["GET"]}}],"collection":[{"href":"https:\/\/alpaka-shop.com\/et\/wp-json\/wp\/v2\/product"}],"about":[{"href":"https:\/\/alpaka-shop.com\/et\/wp-json\/wp\/v2\/types\/product"}],"wp:featuredmedia":[{"embeddable":true,"href":"https:\/\/alpaka-shop.com\/et\/wp-json\/wp\/v2\/media\/48735"}],"wp:attachment":[{"href":"https:\/\/alpaka-shop.com\/et\/wp-json\/wp\/v2\/media?parent=40310"}],"wp:term":[{"taxonomy":"product_brand","embeddable":true,"href":"https:\/\/alpaka-shop.com\/et\/wp-json\/wp\/v2\/product_brand?post=40310"},{"taxonomy":"product_cat","embeddable":true,"href":"https:\/\/alpaka-shop.com\/et\/wp-json\/wp\/v2\/product_cat?post=40310"},{"taxonomy":"product_tag","embeddable":true,"href":"https:\/\/alpaka-shop.com\/et\/wp-json\/wp\/v2\/product_tag?post=40310"},{"taxonomy":"product_shipping_class","embeddable":true,"href":"https:\/\/alpaka-shop.com\/et\/wp-json\/wp\/v2\/product_shipping_class?post=40310"},{"taxonomy":"pa_soft-wrap-cardigan","embeddable":true,"href":"https:\/\/alpaka-shop.com\/et\/wp-json\/wp\/v2\/pa_soft-wrap-cardigan?post=40310"}],"curies":[{"name":"wp","href":"https:\/\/api.w.org\/{rel}","templated":true}]}}