{"id":40311,"date":"2022-11-03T12:51:44","date_gmt":"2022-11-03T10:51:44","guid":{"rendered":"https:\/\/alpaka-shop.com\/?post_type=product&#038;p=40311"},"modified":"2026-03-30T16:00:06","modified_gmt":"2026-03-30T13:00:06","slug":"luhikeste-varrukatega-kampsun","status":"publish","type":"product","link":"https:\/\/alpaka-shop.com\/et\/luhikeste-varrukatega-kampsun\/","title":{"rendered":"L\u00fchikeste Varrukatega Kampsun"},"content":{"rendered":"","protected":false},"excerpt":{"rendered":"<p><span data-sheets-value=\"{&quot;1&quot;:2,&quot;2&quot;:&quot;SHORT DESCRIPTIONn100% beebialpaka kampsun \u00fcmara kaeluse ja l\u00fchikeste varrukateganDESCRIPTIONnSee minimalistliku disainiga peenekoeline kampsun on elegantne alternatiiv t-s\u00e4rgile. \u00dclipehme beebialpaka villast kampsun minimalistliku disaini, l\u00fchikeste varrukate ja \u00fcmara kaelusega. 100% beebialpaka koostis toob h\u00e4sti esile villa naturaalsed omadused, tehes kampsunist t\u00f5eliselt mugava ja mitmek\u00fclgse r\u00f5ivaeseme. Meie l\u00fchikeste varrukatega beebialpaka kampsun on ideaalne ese kihiliseks riietumiseks, igap\u00e4evaseks kandmiseks jaki v\u00f5i bleiseriga ja erilisteks s\u00fcndmusteks koos siidise midi-seelikuga. nMETA DESCRIPTIONnKootud beebialpaka villast, meie klassikaline l\u00fchikeste varrukatega kampsun on elegantne alternatiiv t-s\u00e4rgile. n&quot;}\" data-sheets-userformat=\"{&quot;2&quot;:11009,&quot;3&quot;:{&quot;1&quot;:0},&quot;11&quot;:4,&quot;12&quot;:0,&quot;14&quot;:{&quot;1&quot;:2,&quot;2&quot;:0},&quot;16&quot;:10}\" data-sheets-textstyleruns=\"{&quot;1&quot;:0,&quot;2&quot;:{&quot;5&quot;:1}}\uee10{&quot;1&quot;:17}\uee10{&quot;1&quot;:82,&quot;2&quot;:{&quot;5&quot;:1}}\uee10{&quot;1&quot;:93}\uee10{&quot;1&quot;:600,&quot;2&quot;:{&quot;5&quot;:1}}\uee10{&quot;1&quot;:616}\">See minimalistliku disainiga peenekoeline kampsun on elegantne alternatiiv t-s\u00e4rgile. \u00dclipehme beebialpaka villast kampsun minimalistliku disaini, l\u00fchikeste varrukate ja \u00fcmara kaelusega. 100% beebialpaka koostis toob h\u00e4sti esile villa naturaalsed omadused, tehes kampsunist t\u00f5eliselt mugava ja mitmek\u00fclgse r\u00f5ivaeseme. Meie l\u00fchikeste varrukatega beebialpaka kampsun on ideaalne ese kihiliseks riietumiseks, igap\u00e4evaseks kandmiseks jaki v\u00f5i bleiseriga ja erilisteks s\u00fcndmusteks koos siidise midi-seelikuga.<br \/>\n<\/span><\/p>\n<p>MATERJAL<br \/>\n<strong>100% Beebi Alpaka<\/strong><\/p>\n<p>&nbsp;<\/p>\n","protected":false},"featured_media":43321,"template":"","meta":{"_acf_changed":false},"product_brand":[],"product_cat":[98,62],"product_tag":[],"product_shipping_class":[],"pa_soft-wrap-cardigan":[],"class_list":{"0":"post-40311","1":"product","2":"type-product","3":"status-publish","4":"has-post-thumbnail","6":"product_cat-kampsunid-kardiganid-naised","7":"product_cat-naised","9":"first","10":"instock","11":"taxable","12":"shipping-taxable","13":"purchasable","14":"product-type-variable","15":"has-default-attributes","16":"wvs-archive-product-wrapper"},"bundled_by":[],"bundle_stock_status":"instock","bundle_stock_quantity":null,"bundle_virtual":false,"bundle_layout":"","bundle_add_to_cart_form_location":"","bundle_editable_in_cart":false,"bundle_sold_individually_context":"","bundle_item_grouping":"","bundle_min_size":"","bundle_max_size":"","bundle_price":[],"bundled_items":[],"bundle_sell_ids":[],"acf":[],"aioseo_notices":[],"_links":{"self":[{"href":"https:\/\/alpaka-shop.com\/et\/wp-json\/wp\/v2\/product\/40311","targetHints":{"allow":["GET"]}}],"collection":[{"href":"https:\/\/alpaka-shop.com\/et\/wp-json\/wp\/v2\/product"}],"about":[{"href":"https:\/\/alpaka-shop.com\/et\/wp-json\/wp\/v2\/types\/product"}],"wp:featuredmedia":[{"embeddable":true,"href":"https:\/\/alpaka-shop.com\/et\/wp-json\/wp\/v2\/media\/43321"}],"wp:attachment":[{"href":"https:\/\/alpaka-shop.com\/et\/wp-json\/wp\/v2\/media?parent=40311"}],"wp:term":[{"taxonomy":"product_brand","embeddable":true,"href":"https:\/\/alpaka-shop.com\/et\/wp-json\/wp\/v2\/product_brand?post=40311"},{"taxonomy":"product_cat","embeddable":true,"href":"https:\/\/alpaka-shop.com\/et\/wp-json\/wp\/v2\/product_cat?post=40311"},{"taxonomy":"product_tag","embeddable":true,"href":"https:\/\/alpaka-shop.com\/et\/wp-json\/wp\/v2\/product_tag?post=40311"},{"taxonomy":"product_shipping_class","embeddable":true,"href":"https:\/\/alpaka-shop.com\/et\/wp-json\/wp\/v2\/product_shipping_class?post=40311"},{"taxonomy":"pa_soft-wrap-cardigan","embeddable":true,"href":"https:\/\/alpaka-shop.com\/et\/wp-json\/wp\/v2\/pa_soft-wrap-cardigan?post=40311"}],"curies":[{"name":"wp","href":"https:\/\/api.w.org\/{rel}","templated":true}]}}