{"id":40317,"date":"2022-11-03T12:50:33","date_gmt":"2022-11-03T10:50:33","guid":{"rendered":"https:\/\/alpaka-shop.com\/?post_type=product&#038;p=40317"},"modified":"2026-03-11T15:18:07","modified_gmt":"2026-03-11T13:18:07","slug":"pitsiliste-varrukatega-orn-kampsun","status":"publish","type":"product","link":"https:\/\/alpaka-shop.com\/et\/pitsiliste-varrukatega-orn-kampsun\/","title":{"rendered":"Pitsiliste Varrukatega \u00d5rn Kampsun"},"content":{"rendered":"","protected":false},"excerpt":{"rendered":"<p><span data-sheets-value=\"{&quot;1&quot;:2,&quot;2&quot;:&quot;SHORT DESCRIPTIONn100% beebialpaka kampsun \u00f5huliste pitsvarrukateganDESCRIPTIONnSee \u00f5rn ja \u00f5huline kudum v\u00f5tab insipratsiooni Eesti kultuurip\u00e4randist. Vol\u00fc\u00fcmikad pitsilised varrukad on inspireeritud unikaalsest Haapsalu sallist. \u00d5rnad pitsidetailiga varrukad ja naiselik taljes kehaosa teevad kampsunist elegantse r\u00f5ivaeseme, mis on ideaalne kevad-suvisteks \u00f5htuteks, sobitudes valatult \u0161ikkide p\u00fckste v\u00f5i satiinseelikuga. nMETA DESCRIPTIONnBeebialpaka villast valmistatud \u00f5rn kudum ilusate pitsvarrukatega, sobilik igap\u00e4evaseks kandmiseks ja elegantseteks s\u00fcndmusteks. nn&quot;}\" data-sheets-userformat=\"{&quot;2&quot;:11009,&quot;3&quot;:{&quot;1&quot;:0},&quot;11&quot;:4,&quot;12&quot;:0,&quot;14&quot;:{&quot;1&quot;:2,&quot;2&quot;:0},&quot;16&quot;:10}\">See \u00f5rn ja \u00f5huline kudum v\u00f5tab insipratsiooni Eesti kultuurip\u00e4randist. Vol\u00fc\u00fcmikad pitsilised varrukad on inspireeritud unikaalsest Haapsalu sallist. \u00d5rnad pitsidetailiga varrukad ja naiselik taljes kehaosa teevad kampsunist elegantse r\u00f5ivaeseme, mis on ideaalne kevad-suvisteks \u00f5htuteks, sobitudes valatult \u0161ikkide p\u00fckste v\u00f5i satiinseelikuga.<br \/>\n<\/span><\/p>\n<div class=\"woocommerce-product-details__short-description\">\n<p>MATERJAL<br \/>\n<strong>100% Beebialpaka<\/strong><\/p>\n<\/div>\n","protected":false},"featured_media":43613,"template":"","meta":{"_acf_changed":false},"product_brand":[],"product_cat":[98,62],"product_tag":[],"product_shipping_class":[],"pa_soft-wrap-cardigan":[],"class_list":{"0":"post-40317","1":"product","2":"type-product","3":"status-publish","4":"has-post-thumbnail","6":"product_cat-kampsunid-kardiganid-naised","7":"product_cat-naised","9":"first","10":"instock","11":"taxable","12":"shipping-taxable","13":"purchasable","14":"product-type-variable","15":"has-default-attributes","16":"wvs-archive-product-wrapper"},"bundled_by":[],"bundle_stock_status":"instock","bundle_stock_quantity":null,"bundle_virtual":false,"bundle_layout":"","bundle_add_to_cart_form_location":"","bundle_editable_in_cart":false,"bundle_sold_individually_context":"","bundle_item_grouping":"","bundle_min_size":"","bundle_max_size":"","bundle_price":[],"bundled_items":[],"bundle_sell_ids":[],"acf":[],"aioseo_notices":[],"_links":{"self":[{"href":"https:\/\/alpaka-shop.com\/et\/wp-json\/wp\/v2\/product\/40317","targetHints":{"allow":["GET"]}}],"collection":[{"href":"https:\/\/alpaka-shop.com\/et\/wp-json\/wp\/v2\/product"}],"about":[{"href":"https:\/\/alpaka-shop.com\/et\/wp-json\/wp\/v2\/types\/product"}],"wp:featuredmedia":[{"embeddable":true,"href":"https:\/\/alpaka-shop.com\/et\/wp-json\/wp\/v2\/media\/43613"}],"wp:attachment":[{"href":"https:\/\/alpaka-shop.com\/et\/wp-json\/wp\/v2\/media?parent=40317"}],"wp:term":[{"taxonomy":"product_brand","embeddable":true,"href":"https:\/\/alpaka-shop.com\/et\/wp-json\/wp\/v2\/product_brand?post=40317"},{"taxonomy":"product_cat","embeddable":true,"href":"https:\/\/alpaka-shop.com\/et\/wp-json\/wp\/v2\/product_cat?post=40317"},{"taxonomy":"product_tag","embeddable":true,"href":"https:\/\/alpaka-shop.com\/et\/wp-json\/wp\/v2\/product_tag?post=40317"},{"taxonomy":"product_shipping_class","embeddable":true,"href":"https:\/\/alpaka-shop.com\/et\/wp-json\/wp\/v2\/product_shipping_class?post=40317"},{"taxonomy":"pa_soft-wrap-cardigan","embeddable":true,"href":"https:\/\/alpaka-shop.com\/et\/wp-json\/wp\/v2\/pa_soft-wrap-cardigan?post=40317"}],"curies":[{"name":"wp","href":"https:\/\/api.w.org\/{rel}","templated":true}]}}