{"id":40889,"date":"2022-09-16T12:47:39","date_gmt":"2022-09-16T09:47:39","guid":{"rendered":"https:\/\/alpaka-shop.com\/avar-kaelusega-kampsun\/"},"modified":"2026-04-07T11:00:03","modified_gmt":"2026-04-07T08:00:03","slug":"avar-kaelusega-kampsun","status":"publish","type":"product","link":"https:\/\/alpaka-shop.com\/et\/avar-kaelusega-kampsun\/","title":{"rendered":"Avar kaelusega kampsun"},"content":{"rendered":"","protected":false},"excerpt":{"rendered":"<p><span data-sheets-value=\"{&quot;1&quot;:2,&quot;2&quot;:&quot;Avar kaelakaelusega kampsun\/ 100% Suri alpaka villast kampsun\/nAvar kaelakaelusega kampsun on kootud 100% Suri alpaka villast, mis annab mugavustunde kogu p\u00e4evaks. Meie jaoks on oluline j\u00e4tkusuutlik ja eetiline mood, mist\u00f5ttu meie Suri alpaka l\u00f5ng on p\u00e4rit mahesertifikaadiga farmist. Avar kudum sobib eriti h\u00e4sti kandmiseks teksade ja poolsaabastega. n&quot;}\" data-sheets-userformat=\"{&quot;2&quot;:771,&quot;3&quot;:{&quot;1&quot;:0},&quot;4&quot;:{&quot;1&quot;:2,&quot;2&quot;:65535},&quot;11&quot;:4,&quot;12&quot;:0}\" data-sheets-textstyleruns=\"{&quot;1&quot;:0}\uee10{&quot;1&quot;:29,&quot;2&quot;:{&quot;4&quot;:8}}\uee10{&quot;1&quot;:61}\">Avar kaelusega kampsun on kootud alpaka villast, mis annab mugavustunde kogu p\u00e4evaks. Avar kudum sobib eriti h\u00e4sti kandmiseks teksade ja poolsaabastega.<br \/>\n<\/span><\/p>\n<p>MATERJAL<\/p>\n<p><strong>100% Beebi Alpaka<\/strong><\/p>\n","protected":false},"featured_media":40160,"template":"","meta":{"_acf_changed":false},"product_brand":[],"product_cat":[98,62],"product_tag":[],"product_shipping_class":[],"pa_soft-wrap-cardigan":[],"class_list":{"0":"post-40889","1":"product","2":"type-product","3":"status-publish","4":"has-post-thumbnail","6":"product_cat-kampsunid-kardiganid-naised","7":"product_cat-naised","9":"first","10":"instock","11":"sale","12":"taxable","13":"shipping-taxable","14":"purchasable","15":"product-type-variable","16":"has-default-attributes","17":"wvs-archive-product-wrapper"},"bundled_by":[],"bundle_stock_status":"instock","bundle_stock_quantity":null,"bundle_virtual":false,"bundle_layout":"","bundle_add_to_cart_form_location":"","bundle_editable_in_cart":false,"bundle_sold_individually_context":"","bundle_item_grouping":"","bundle_min_size":"","bundle_max_size":"","bundle_price":[],"bundled_items":[],"bundle_sell_ids":[],"acf":[],"aioseo_notices":[],"_links":{"self":[{"href":"https:\/\/alpaka-shop.com\/et\/wp-json\/wp\/v2\/product\/40889","targetHints":{"allow":["GET"]}}],"collection":[{"href":"https:\/\/alpaka-shop.com\/et\/wp-json\/wp\/v2\/product"}],"about":[{"href":"https:\/\/alpaka-shop.com\/et\/wp-json\/wp\/v2\/types\/product"}],"wp:featuredmedia":[{"embeddable":true,"href":"https:\/\/alpaka-shop.com\/et\/wp-json\/wp\/v2\/media\/40160"}],"wp:attachment":[{"href":"https:\/\/alpaka-shop.com\/et\/wp-json\/wp\/v2\/media?parent=40889"}],"wp:term":[{"taxonomy":"product_brand","embeddable":true,"href":"https:\/\/alpaka-shop.com\/et\/wp-json\/wp\/v2\/product_brand?post=40889"},{"taxonomy":"product_cat","embeddable":true,"href":"https:\/\/alpaka-shop.com\/et\/wp-json\/wp\/v2\/product_cat?post=40889"},{"taxonomy":"product_tag","embeddable":true,"href":"https:\/\/alpaka-shop.com\/et\/wp-json\/wp\/v2\/product_tag?post=40889"},{"taxonomy":"product_shipping_class","embeddable":true,"href":"https:\/\/alpaka-shop.com\/et\/wp-json\/wp\/v2\/product_shipping_class?post=40889"},{"taxonomy":"pa_soft-wrap-cardigan","embeddable":true,"href":"https:\/\/alpaka-shop.com\/et\/wp-json\/wp\/v2\/pa_soft-wrap-cardigan?post=40889"}],"curies":[{"name":"wp","href":"https:\/\/api.w.org\/{rel}","templated":true}]}}