{"id":40928,"date":"2022-09-16T12:46:27","date_gmt":"2022-09-16T09:46:27","guid":{"rendered":"https:\/\/alpaka-shop.com\/kootud-midikleit\/"},"modified":"2026-03-09T11:30:08","modified_gmt":"2026-03-09T09:30:08","slug":"kootud-midikleit","status":"publish","type":"product","link":"https:\/\/alpaka-shop.com\/et\/kootud-midikleit\/","title":{"rendered":"Kootud midikleit"},"content":{"rendered":"","protected":false},"excerpt":{"rendered":"<p><span data-sheets-value=\"{&quot;1&quot;:2,&quot;2&quot;:&quot;Kootud midikleit\/ 100% Suri alpaka villast kleit\/nKootud midikleit on ideaalne kaaslane naisele, kes soovib ka k\u00fclmal hooajal m\u00f5juda trendikalt ning elegantselt. Kleidi pikad varrukad ja \u00fclep\u00f5lve pikkus hoiavad kandjat soojas ka k\u00fclmemal hooajal. Kui soovid, et kleit oleks rohkem kehakallistav, seo kleidile oma lemmikv\u00f6\u00f6 v\u00f5i lisa k\u00f5rged saapad ning minikott stiilseks komplektiks. Suri alpaka vill muudab kleidi eriti pehmeks ja m\u00f5nusaks.n&quot;}\" data-sheets-userformat=\"{&quot;2&quot;:771,&quot;3&quot;:{&quot;1&quot;:0},&quot;4&quot;:{&quot;1&quot;:2,&quot;2&quot;:65535},&quot;11&quot;:4,&quot;12&quot;:0}\" data-sheets-textstyleruns=\"{&quot;1&quot;:0}\uee10{&quot;1&quot;:18,&quot;2&quot;:{&quot;4&quot;:8}}\uee10{&quot;1&quot;:48}\">Kootud midikleit on ideaalne kaaslane naisele, kes soovib ka k\u00fclmal hooajal m\u00f5juda trendikalt ning elegantselt. Kleidi pikad varrukad ja \u00fclep\u00f5lve pikkus hoiavad kandjat soojas ka k\u00fclmemal hooajal. Kui soovid, et kleit oleks rohkem kehakallistav, seo kleidile oma lemmikv\u00f6\u00f6 v\u00f5i lisa k\u00f5rged saapad ning minikott stiilseks komplektiks. Suri alpaka vill muudab kleidi eriti pehmeks ja m\u00f5nusaks.<br \/>\n<\/span><\/p>\n<p>MATERJAL<\/p>\n<p><strong>100% harjatud beebi-alpaka<\/strong><\/p>\n","protected":false},"featured_media":48805,"template":"","meta":{"_acf_changed":false},"product_brand":[],"product_cat":[2812,62,95],"product_tag":[],"product_shipping_class":[],"pa_soft-wrap-cardigan":[],"class_list":{"0":"post-40928","1":"product","2":"type-product","3":"status-publish","4":"has-post-thumbnail","6":"product_cat-martsi-kampaania","7":"product_cat-naised","8":"product_cat-roivad","10":"first","11":"instock","12":"sale","13":"taxable","14":"shipping-taxable","15":"purchasable","16":"product-type-variable","17":"has-default-attributes","18":"wvs-archive-product-wrapper"},"bundled_by":[],"bundle_stock_status":"instock","bundle_stock_quantity":null,"bundle_virtual":false,"bundle_layout":"","bundle_add_to_cart_form_location":"","bundle_editable_in_cart":false,"bundle_sold_individually_context":"","bundle_item_grouping":"","bundle_min_size":"","bundle_max_size":"","bundle_price":[],"bundled_items":[],"bundle_sell_ids":[],"acf":[],"aioseo_notices":[],"_links":{"self":[{"href":"https:\/\/alpaka-shop.com\/et\/wp-json\/wp\/v2\/product\/40928","targetHints":{"allow":["GET"]}}],"collection":[{"href":"https:\/\/alpaka-shop.com\/et\/wp-json\/wp\/v2\/product"}],"about":[{"href":"https:\/\/alpaka-shop.com\/et\/wp-json\/wp\/v2\/types\/product"}],"wp:featuredmedia":[{"embeddable":true,"href":"https:\/\/alpaka-shop.com\/et\/wp-json\/wp\/v2\/media\/48805"}],"wp:attachment":[{"href":"https:\/\/alpaka-shop.com\/et\/wp-json\/wp\/v2\/media?parent=40928"}],"wp:term":[{"taxonomy":"product_brand","embeddable":true,"href":"https:\/\/alpaka-shop.com\/et\/wp-json\/wp\/v2\/product_brand?post=40928"},{"taxonomy":"product_cat","embeddable":true,"href":"https:\/\/alpaka-shop.com\/et\/wp-json\/wp\/v2\/product_cat?post=40928"},{"taxonomy":"product_tag","embeddable":true,"href":"https:\/\/alpaka-shop.com\/et\/wp-json\/wp\/v2\/product_tag?post=40928"},{"taxonomy":"product_shipping_class","embeddable":true,"href":"https:\/\/alpaka-shop.com\/et\/wp-json\/wp\/v2\/product_shipping_class?post=40928"},{"taxonomy":"pa_soft-wrap-cardigan","embeddable":true,"href":"https:\/\/alpaka-shop.com\/et\/wp-json\/wp\/v2\/pa_soft-wrap-cardigan?post=40928"}],"curies":[{"name":"wp","href":"https:\/\/api.w.org\/{rel}","templated":true}]}}