{"id":41370,"date":"2022-09-29T13:53:45","date_gmt":"2022-09-30T09:29:11","guid":{"rendered":"https:\/\/alpaka-shop.com\/?post_type=product&#038;p=41370"},"modified":"2026-02-12T13:00:08","modified_gmt":"2026-02-12T11:00:08","slug":"peenelt-kootud-sokid-et-2","status":"publish","type":"product","link":"https:\/\/alpaka-shop.com\/et\/peenelt-kootud-sokid-et-2\/","title":{"rendered":"Peenelt kootud sokid"},"content":{"rendered":"","protected":false},"excerpt":{"rendered":"<p><span data-sheets-value=\"{&quot;1&quot;:2,&quot;2&quot;:&quot;Peenelt kootud sokid\/ Pehmest alpaka-, meriinovillast ja akr\u00fc\u00fclist kootud sokid\/ Peenelt kootud sokid hoiavad sind soojas k\u00fclmal hooajal ning sobituvad kergelt iga riietuse juurde. Sokid on imepehmed ning naha vastas siidised, mist\u00f5ttu sobivad kandmiseks nii jahedatel p\u00e4evadel kui ka k\u00fclmadel \u00f6\u00f6del voodis. Alpaka, meriinovilla ja akr\u00fc\u00fcli segu tagab k\u00f5rge vastupidavuse ja kandmismugavuse. &quot;}\" data-sheets-userformat=\"{&quot;2&quot;:771,&quot;3&quot;:{&quot;1&quot;:0},&quot;4&quot;:{&quot;1&quot;:2,&quot;2&quot;:16773836},&quot;11&quot;:4,&quot;12&quot;:0}\" data-sheets-textstyleruns=\"{&quot;1&quot;:0,&quot;2&quot;:{&quot;5&quot;:1}}\uee10{&quot;1&quot;:20}\uee10{&quot;1&quot;:22,&quot;2&quot;:{&quot;4&quot;:8,&quot;6&quot;:1}}\uee10{&quot;1&quot;:80}\">Peenelt kootud sokid hoiavad sind soojas k\u00fclmal hooajal ning sobituvad kergelt iga riietuse juurde. Sokid on imepehmed ning naha vastas siidised, mist\u00f5ttu sobivad kandmiseks nii jahedatel p\u00e4evadel kui ka k\u00fclmadel \u00f6\u00f6del voodis. Alpaka, meriinovilla ja akr\u00fc\u00fcli segu tagab k\u00f5rge vastupidavuse ja kandmismugavuse.<\/span><\/p>\n<p>MATERIAL<\/p>\n<p><strong>50% alpaka, 45% akr\u00fc\u00fcl, 5% meriino vill<\/strong><\/p>\n","protected":false},"featured_media":41430,"template":"","meta":{"_acf_changed":false},"product_brand":[],"product_cat":[88],"product_tag":[],"product_shipping_class":[],"pa_soft-wrap-cardigan":[],"class_list":{"0":"post-41370","1":"product","2":"type-product","3":"status-publish","4":"has-post-thumbnail","6":"product_cat-uncategorized-et","8":"first","9":"instock","10":"taxable","11":"shipping-taxable","12":"purchasable","13":"product-type-variable","14":"has-default-attributes","15":"wvs-archive-product-wrapper"},"bundled_by":[],"bundle_stock_status":"instock","bundle_stock_quantity":null,"bundle_virtual":false,"bundle_layout":"","bundle_add_to_cart_form_location":"","bundle_editable_in_cart":false,"bundle_sold_individually_context":"","bundle_item_grouping":"","bundle_min_size":"","bundle_max_size":"","bundle_price":[],"bundled_items":[],"bundle_sell_ids":[],"acf":[],"aioseo_notices":[],"_links":{"self":[{"href":"https:\/\/alpaka-shop.com\/et\/wp-json\/wp\/v2\/product\/41370","targetHints":{"allow":["GET"]}}],"collection":[{"href":"https:\/\/alpaka-shop.com\/et\/wp-json\/wp\/v2\/product"}],"about":[{"href":"https:\/\/alpaka-shop.com\/et\/wp-json\/wp\/v2\/types\/product"}],"wp:featuredmedia":[{"embeddable":true,"href":"https:\/\/alpaka-shop.com\/et\/wp-json\/wp\/v2\/media\/41430"}],"wp:attachment":[{"href":"https:\/\/alpaka-shop.com\/et\/wp-json\/wp\/v2\/media?parent=41370"}],"wp:term":[{"taxonomy":"product_brand","embeddable":true,"href":"https:\/\/alpaka-shop.com\/et\/wp-json\/wp\/v2\/product_brand?post=41370"},{"taxonomy":"product_cat","embeddable":true,"href":"https:\/\/alpaka-shop.com\/et\/wp-json\/wp\/v2\/product_cat?post=41370"},{"taxonomy":"product_tag","embeddable":true,"href":"https:\/\/alpaka-shop.com\/et\/wp-json\/wp\/v2\/product_tag?post=41370"},{"taxonomy":"product_shipping_class","embeddable":true,"href":"https:\/\/alpaka-shop.com\/et\/wp-json\/wp\/v2\/product_shipping_class?post=41370"},{"taxonomy":"pa_soft-wrap-cardigan","embeddable":true,"href":"https:\/\/alpaka-shop.com\/et\/wp-json\/wp\/v2\/pa_soft-wrap-cardigan?post=41370"}],"curies":[{"name":"wp","href":"https:\/\/api.w.org\/{rel}","templated":true}]}}