{"id":42290,"date":"2022-10-06T13:48:29","date_gmt":"2022-10-06T10:48:29","guid":{"rendered":"https:\/\/alpaka-shop.com\/?post_type=product&#038;p=42290"},"modified":"2026-03-30T11:00:07","modified_gmt":"2026-03-30T08:00:07","slug":"kerge-patentkoes-laste-muts","status":"publish","type":"product","link":"https:\/\/alpaka-shop.com\/et\/kerge-patentkoes-laste-muts\/","title":{"rendered":"Kerge patentkoes laste m\u00fcts"},"content":{"rendered":"","protected":false},"excerpt":{"rendered":"<p><span data-sheets-value=\"{&quot;1&quot;:2,&quot;2&quot;:&quot;Kerge patentkoes laste m\u00fcts\/ Beebialpaka- ja meriinovilla segust laste m\u00fcts\/rnKerge patentkoes laste m\u00fcts on ideaalne aksessuaar k\u00fclmal aastaajal. Alpaka- ja meriinovilla segu on erakordselt soe, kuid \u00fchtlasi hingav. Valikus on kolm erinevat v\u00e4rvitooni, mis sobivad nii poistele kui ka t\u00fcdrukutele. Toode on saadaval nii tutita kui ka julmusevaba tutiga. rn&quot;}\" data-sheets-userformat=\"{&quot;2&quot;:769,&quot;3&quot;:{&quot;1&quot;:0},&quot;11&quot;:4,&quot;12&quot;:0}\" data-sheets-textstyleruns=\"{&quot;1&quot;:0}\uee10{&quot;1&quot;:29,&quot;2&quot;:{&quot;4&quot;:8}}\uee10{&quot;1&quot;:75}\">\u00a0Kerge patentkoes laste m\u00fcts on ideaalne aksessuaar k\u00fclmal aastaajal. Alpaka- ja meriinovilla segu on erakordselt soe, kuid \u00fchtlasi hingav. Valikus on kolm erinevat v\u00e4rvitooni, mis sobivad nii poistele kui ka t\u00fcdrukutele. Toode on saadaval nii tutita kui ka julmusevaba tutiga.<br \/>\n<\/span><\/p>\n<p>MATERJAL<br \/>\n<strong>60% Beebialpaka, 5% Merinovill, 35% Pol\u00fcamiid<\/strong><\/p>\n<p>&nbsp;<\/p>\n","protected":false},"featured_media":42569,"template":"","meta":{"_acf_changed":false},"product_brand":[],"product_cat":[908],"product_tag":[],"product_shipping_class":[],"pa_soft-wrap-cardigan":[],"class_list":{"0":"post-42290","1":"product","2":"type-product","3":"status-publish","4":"has-post-thumbnail","6":"product_cat-lapsed","8":"first","9":"instock","10":"taxable","11":"shipping-taxable","12":"purchasable","13":"product-type-variable","14":"has-default-attributes","15":"wvs-archive-product-wrapper"},"bundled_by":[],"bundle_stock_status":"instock","bundle_stock_quantity":null,"bundle_virtual":false,"bundle_layout":"","bundle_add_to_cart_form_location":"","bundle_editable_in_cart":false,"bundle_sold_individually_context":"","bundle_item_grouping":"","bundle_min_size":"","bundle_max_size":"","bundle_price":[],"bundled_items":[],"bundle_sell_ids":[],"acf":[],"aioseo_notices":[],"_links":{"self":[{"href":"https:\/\/alpaka-shop.com\/et\/wp-json\/wp\/v2\/product\/42290","targetHints":{"allow":["GET"]}}],"collection":[{"href":"https:\/\/alpaka-shop.com\/et\/wp-json\/wp\/v2\/product"}],"about":[{"href":"https:\/\/alpaka-shop.com\/et\/wp-json\/wp\/v2\/types\/product"}],"wp:featuredmedia":[{"embeddable":true,"href":"https:\/\/alpaka-shop.com\/et\/wp-json\/wp\/v2\/media\/42569"}],"wp:attachment":[{"href":"https:\/\/alpaka-shop.com\/et\/wp-json\/wp\/v2\/media?parent=42290"}],"wp:term":[{"taxonomy":"product_brand","embeddable":true,"href":"https:\/\/alpaka-shop.com\/et\/wp-json\/wp\/v2\/product_brand?post=42290"},{"taxonomy":"product_cat","embeddable":true,"href":"https:\/\/alpaka-shop.com\/et\/wp-json\/wp\/v2\/product_cat?post=42290"},{"taxonomy":"product_tag","embeddable":true,"href":"https:\/\/alpaka-shop.com\/et\/wp-json\/wp\/v2\/product_tag?post=42290"},{"taxonomy":"product_shipping_class","embeddable":true,"href":"https:\/\/alpaka-shop.com\/et\/wp-json\/wp\/v2\/product_shipping_class?post=42290"},{"taxonomy":"pa_soft-wrap-cardigan","embeddable":true,"href":"https:\/\/alpaka-shop.com\/et\/wp-json\/wp\/v2\/pa_soft-wrap-cardigan?post=42290"}],"curies":[{"name":"wp","href":"https:\/\/api.w.org\/{rel}","templated":true}]}}