{"id":43229,"date":"2022-11-03T14:51:32","date_gmt":"2022-11-03T12:51:32","guid":{"rendered":"https:\/\/alpaka-shop.com\/?post_type=product&#038;p=43229"},"modified":"2026-04-10T10:00:16","modified_gmt":"2026-04-10T07:00:16","slug":"vahvelkoes-muts","status":"publish","type":"product","link":"https:\/\/alpaka-shop.com\/et\/vahvelkoes-muts\/","title":{"rendered":"Vahvelkoes M\u00fcts"},"content":{"rendered":"","protected":false},"excerpt":{"rendered":"<p><span data-sheets-value=\"{&quot;1&quot;:2,&quot;2&quot;:&quot;SHORT DESCRIPTIONnVahvelkoes 100% beebialpaka m\u00fctsnDESCRIPTIONn\u00dcleskeeratud all\u00e4\u00e4rega kerge m\u00fcts pilkup\u00fc\u00fcdvas vahvelkoes. Lisa oma riietusele v\u00fcrtsi selle erilise tekstuuriga. Valmistatud beebialpaka villast, h\u00fcpoallergeeniline ja uskumatult pehme. nMETA DESCRIPTIONnVahvlitekstuuriga kerge beebialpaka m\u00fcts \u00fcleskeeratud all\u00e4\u00e4rega. n&quot;}\" data-sheets-userformat=\"{&quot;2&quot;:11009,&quot;3&quot;:{&quot;1&quot;:0},&quot;11&quot;:4,&quot;12&quot;:0,&quot;14&quot;:{&quot;1&quot;:2,&quot;2&quot;:0},&quot;16&quot;:10}\" data-sheets-textstyleruns=\"{&quot;1&quot;:0,&quot;2&quot;:{&quot;5&quot;:1}}\uee10{&quot;1&quot;:18}\uee10{&quot;1&quot;:51,&quot;2&quot;:{&quot;5&quot;:1}}\uee10{&quot;1&quot;:62}\uee10{&quot;1&quot;:250,&quot;2&quot;:{&quot;5&quot;:1}}\uee10{&quot;1&quot;:266}\">\u00dcleskeeratud all\u00e4\u00e4rega kerge m\u00fcts pilkup\u00fc\u00fcdvas vahvelkoes. Lisa oma riietusele v\u00fcrtsi selle erilise tekstuuriga. Valmistatud beebialpaka villast, h\u00fcpoallergeeniline ja uskumatult pehme.<br \/>\n<\/span><\/p>\n<p><span data-sheets-value=\"{&quot;1&quot;:2,&quot;2&quot;:&quot;SHORT DESCRIPTIONnVahvelkoes 100% beebialpaka m\u00fctsnDESCRIPTIONn\u00dcleskeeratud all\u00e4\u00e4rega kerge m\u00fcts pilkup\u00fc\u00fcdvas vahvelkoes. Lisa oma riietusele v\u00fcrtsi selle erilise tekstuuriga. Valmistatud beebialpaka villast, h\u00fcpoallergeeniline ja uskumatult pehme. nMETA DESCRIPTIONnVahvlitekstuuriga kerge beebialpaka m\u00fcts \u00fcleskeeratud all\u00e4\u00e4rega. n&quot;}\" data-sheets-userformat=\"{&quot;2&quot;:11009,&quot;3&quot;:{&quot;1&quot;:0},&quot;11&quot;:4,&quot;12&quot;:0,&quot;14&quot;:{&quot;1&quot;:2,&quot;2&quot;:0},&quot;16&quot;:10}\" data-sheets-textstyleruns=\"{&quot;1&quot;:0,&quot;2&quot;:{&quot;5&quot;:1}}\uee10{&quot;1&quot;:18}\uee10{&quot;1&quot;:51,&quot;2&quot;:{&quot;5&quot;:1}}\uee10{&quot;1&quot;:62}\uee10{&quot;1&quot;:250,&quot;2&quot;:{&quot;5&quot;:1}}\uee10{&quot;1&quot;:266}\">MATERJAL<br \/>\n<strong>100% Beebialpaka<\/strong><br \/>\n<\/span><\/p>\n","protected":false},"featured_media":47981,"template":"","meta":{"_acf_changed":false},"product_brand":[],"product_cat":[69,93],"product_tag":[],"product_shipping_class":[],"pa_soft-wrap-cardigan":[],"class_list":{"0":"post-43229","1":"product","2":"type-product","3":"status-publish","4":"has-post-thumbnail","6":"product_cat-mehed","7":"product_cat-mutsid","9":"first","10":"instock","11":"taxable","12":"shipping-taxable","13":"purchasable","14":"product-type-variable","15":"has-default-attributes","16":"wvs-archive-product-wrapper"},"bundled_by":["53685","53690"],"bundle_stock_status":"instock","bundle_stock_quantity":null,"bundle_virtual":false,"bundle_layout":"","bundle_add_to_cart_form_location":"","bundle_editable_in_cart":false,"bundle_sold_individually_context":"","bundle_item_grouping":"","bundle_min_size":"","bundle_max_size":"","bundle_price":[],"bundled_items":[],"bundle_sell_ids":[],"acf":[],"aioseo_notices":[],"_links":{"self":[{"href":"https:\/\/alpaka-shop.com\/et\/wp-json\/wp\/v2\/product\/43229","targetHints":{"allow":["GET"]}}],"collection":[{"href":"https:\/\/alpaka-shop.com\/et\/wp-json\/wp\/v2\/product"}],"about":[{"href":"https:\/\/alpaka-shop.com\/et\/wp-json\/wp\/v2\/types\/product"}],"wp:featuredmedia":[{"embeddable":true,"href":"https:\/\/alpaka-shop.com\/et\/wp-json\/wp\/v2\/media\/47981"}],"wp:attachment":[{"href":"https:\/\/alpaka-shop.com\/et\/wp-json\/wp\/v2\/media?parent=43229"}],"wp:term":[{"taxonomy":"product_brand","embeddable":true,"href":"https:\/\/alpaka-shop.com\/et\/wp-json\/wp\/v2\/product_brand?post=43229"},{"taxonomy":"product_cat","embeddable":true,"href":"https:\/\/alpaka-shop.com\/et\/wp-json\/wp\/v2\/product_cat?post=43229"},{"taxonomy":"product_tag","embeddable":true,"href":"https:\/\/alpaka-shop.com\/et\/wp-json\/wp\/v2\/product_tag?post=43229"},{"taxonomy":"product_shipping_class","embeddable":true,"href":"https:\/\/alpaka-shop.com\/et\/wp-json\/wp\/v2\/product_shipping_class?post=43229"},{"taxonomy":"pa_soft-wrap-cardigan","embeddable":true,"href":"https:\/\/alpaka-shop.com\/et\/wp-json\/wp\/v2\/pa_soft-wrap-cardigan?post=43229"}],"curies":[{"name":"wp","href":"https:\/\/api.w.org\/{rel}","templated":true}]}}