{"id":44023,"date":"2022-10-25T13:02:16","date_gmt":"2022-10-25T10:02:20","guid":{"rendered":"https:\/\/alpaka-shop.com\/?post_type=product&#038;p=44023"},"modified":"2026-02-17T16:00:08","modified_gmt":"2026-02-17T14:00:08","slug":"kerge-patentkoes-muts-meestele","status":"publish","type":"product","link":"https:\/\/alpaka-shop.com\/et\/kerge-patentkoes-muts-meestele\/","title":{"rendered":"Kerge patentkoes m\u00fcts meestele"},"content":{"rendered":"","protected":false},"excerpt":{"rendered":"<p>Patentkoes m\u00fcts hoiab sind stiilselt soojas nii t\u00e4naval kui matkates.<\/p>\n<p>See on valmistatud imelisest beebialpaka villast, mis on vastupidav, sametiselt pehme ning ajatu. Aksessuaar, mida hindad veel aastaid.<\/p>\n<p>MATERIAL<\/p>\n<p><strong>60% Baby Alpaca, 5% Merino wool (21mic.), 35% Polyamide<\/strong><\/p>\n","protected":false},"featured_media":45410,"template":"","meta":{"_acf_changed":false},"product_brand":[],"product_cat":[69,93],"product_tag":[],"product_shipping_class":[],"pa_soft-wrap-cardigan":[],"class_list":{"0":"post-44023","1":"product","2":"type-product","3":"status-publish","4":"has-post-thumbnail","6":"product_cat-mehed","7":"product_cat-mutsid","9":"first","10":"instock","11":"taxable","12":"shipping-taxable","13":"purchasable","14":"product-type-variable","15":"has-default-attributes","16":"wvs-archive-product-wrapper"},"bundled_by":["53677","53686","53689"],"bundle_stock_status":"instock","bundle_stock_quantity":null,"bundle_virtual":false,"bundle_layout":"","bundle_add_to_cart_form_location":"","bundle_editable_in_cart":false,"bundle_sold_individually_context":"","bundle_item_grouping":"","bundle_min_size":"","bundle_max_size":"","bundle_price":[],"bundled_items":[],"bundle_sell_ids":[],"acf":[],"aioseo_notices":[],"_links":{"self":[{"href":"https:\/\/alpaka-shop.com\/et\/wp-json\/wp\/v2\/product\/44023","targetHints":{"allow":["GET"]}}],"collection":[{"href":"https:\/\/alpaka-shop.com\/et\/wp-json\/wp\/v2\/product"}],"about":[{"href":"https:\/\/alpaka-shop.com\/et\/wp-json\/wp\/v2\/types\/product"}],"wp:featuredmedia":[{"embeddable":true,"href":"https:\/\/alpaka-shop.com\/et\/wp-json\/wp\/v2\/media\/45410"}],"wp:attachment":[{"href":"https:\/\/alpaka-shop.com\/et\/wp-json\/wp\/v2\/media?parent=44023"}],"wp:term":[{"taxonomy":"product_brand","embeddable":true,"href":"https:\/\/alpaka-shop.com\/et\/wp-json\/wp\/v2\/product_brand?post=44023"},{"taxonomy":"product_cat","embeddable":true,"href":"https:\/\/alpaka-shop.com\/et\/wp-json\/wp\/v2\/product_cat?post=44023"},{"taxonomy":"product_tag","embeddable":true,"href":"https:\/\/alpaka-shop.com\/et\/wp-json\/wp\/v2\/product_tag?post=44023"},{"taxonomy":"product_shipping_class","embeddable":true,"href":"https:\/\/alpaka-shop.com\/et\/wp-json\/wp\/v2\/product_shipping_class?post=44023"},{"taxonomy":"pa_soft-wrap-cardigan","embeddable":true,"href":"https:\/\/alpaka-shop.com\/et\/wp-json\/wp\/v2\/pa_soft-wrap-cardigan?post=44023"}],"curies":[{"name":"wp","href":"https:\/\/api.w.org\/{rel}","templated":true}]}}