{"id":45726,"date":"2022-11-14T11:26:55","date_gmt":"2022-11-14T09:26:55","guid":{"rendered":"https:\/\/alpaka-shop.com\/?post_type=product&#038;p=45726"},"modified":"2026-03-11T09:50:40","modified_gmt":"2026-03-11T07:50:40","slug":"laste-kaelussall-tuub","status":"publish","type":"product","link":"https:\/\/alpaka-shop.com\/et\/laste-kaelussall-tuub\/","title":{"rendered":"Laste kaelussall"},"content":{"rendered":"","protected":false},"excerpt":{"rendered":"<p><span data-sheets-value=\"{&quot;1&quot;:2,&quot;2&quot;:&quot;Laste kaelussall\/ Beebialpaka-villa segust laste kaelussall\/ Kaelussalliga on teie laps hoitud iga ilmaga. Pikendatud esi- ja seljaosa annavad lisasooja rinnaesisele ning \u00fclaseljale. Sall on valmistatud beebialpaka ja meriinovilla segust, mis on nahas\u00f5bralik ja m\u00f5nusalt pehme. M\u00e4nguline sall on saadaval nii \u00fche- kui ka mitmev\u00e4rvilisena.&quot;}\" data-sheets-userformat=\"{&quot;2&quot;:769,&quot;3&quot;:{&quot;1&quot;:0},&quot;11&quot;:4,&quot;12&quot;:0}\" data-sheets-textstyleruns=\"{&quot;1&quot;:0}\uee10{&quot;1&quot;:18,&quot;2&quot;:{&quot;4&quot;:8}}\uee10{&quot;1&quot;:59}\">Kaelussalliga on teie laps hoitud iga ilmaga. Pikendatud esi- ja seljaosa annavad lisasooja rinnaesisele ning \u00fclaseljale. Sall on valmistatud beebialpaka ja meriinovilla segust, mis on nahas\u00f5bralik ja m\u00f5nusalt pehme. M\u00e4nguline sall on saadaval nii \u00fche- kui ka mitmev\u00e4rvilisena.<\/span><\/p>\n<p>MATERJAL<br \/>\n<strong>60% beebialpaka \u00a05% meriinovill (21mik.), 35% pol\u00fcamiid<\/strong><\/p>\n<p>&nbsp;<\/p>\n","protected":false},"featured_media":45745,"template":"","meta":{"_acf_changed":false},"product_brand":[],"product_cat":[908],"product_tag":[],"product_shipping_class":[],"pa_soft-wrap-cardigan":[],"class_list":{"0":"post-45726","1":"product","2":"type-product","3":"status-publish","4":"has-post-thumbnail","6":"product_cat-lapsed","8":"first","9":"instock","10":"taxable","11":"shipping-taxable","12":"purchasable","13":"product-type-variable","14":"has-default-attributes","15":"wvs-archive-product-wrapper"},"bundled_by":[],"bundle_stock_status":"instock","bundle_stock_quantity":null,"bundle_virtual":false,"bundle_layout":"","bundle_add_to_cart_form_location":"","bundle_editable_in_cart":false,"bundle_sold_individually_context":"","bundle_item_grouping":"","bundle_min_size":"","bundle_max_size":"","bundle_price":[],"bundled_items":[],"bundle_sell_ids":[],"acf":[],"aioseo_notices":[],"_links":{"self":[{"href":"https:\/\/alpaka-shop.com\/et\/wp-json\/wp\/v2\/product\/45726","targetHints":{"allow":["GET"]}}],"collection":[{"href":"https:\/\/alpaka-shop.com\/et\/wp-json\/wp\/v2\/product"}],"about":[{"href":"https:\/\/alpaka-shop.com\/et\/wp-json\/wp\/v2\/types\/product"}],"wp:featuredmedia":[{"embeddable":true,"href":"https:\/\/alpaka-shop.com\/et\/wp-json\/wp\/v2\/media\/45745"}],"wp:attachment":[{"href":"https:\/\/alpaka-shop.com\/et\/wp-json\/wp\/v2\/media?parent=45726"}],"wp:term":[{"taxonomy":"product_brand","embeddable":true,"href":"https:\/\/alpaka-shop.com\/et\/wp-json\/wp\/v2\/product_brand?post=45726"},{"taxonomy":"product_cat","embeddable":true,"href":"https:\/\/alpaka-shop.com\/et\/wp-json\/wp\/v2\/product_cat?post=45726"},{"taxonomy":"product_tag","embeddable":true,"href":"https:\/\/alpaka-shop.com\/et\/wp-json\/wp\/v2\/product_tag?post=45726"},{"taxonomy":"product_shipping_class","embeddable":true,"href":"https:\/\/alpaka-shop.com\/et\/wp-json\/wp\/v2\/product_shipping_class?post=45726"},{"taxonomy":"pa_soft-wrap-cardigan","embeddable":true,"href":"https:\/\/alpaka-shop.com\/et\/wp-json\/wp\/v2\/pa_soft-wrap-cardigan?post=45726"}],"curies":[{"name":"wp","href":"https:\/\/api.w.org\/{rel}","templated":true}]}}