{"id":48079,"date":"2023-02-13T14:15:24","date_gmt":"2023-02-13T12:15:24","guid":{"rendered":"https:\/\/alpaka-shop.com\/?post_type=product&#038;p=48079"},"modified":"2025-08-25T16:30:08","modified_gmt":"2025-08-25T13:30:08","slug":"ummargune-yaku-vaip","status":"publish","type":"product","link":"https:\/\/alpaka-shop.com\/et\/ummargune-yaku-vaip\/","title":{"rendered":"\u00dcmmargune Yaku vaip"},"content":{"rendered":"","protected":false},"excerpt":{"rendered":"<p>Yaku vaipade valmistamisel on kasutatud eriliselt pikka ja siidist alpaka karva. L\u00f5una-Ameerika ket\u0161ua keeles viitab \u201cyaku\u201d s\u00f5nale \u201cvesi\u201d, kirjeldades h\u00e4sti selle vaibakollektsiooni olemust. Vaiba \u00f5huline ja pehme karv paitab k\u00f5iki meeli ning m\u00f5jub kui \u00f5rn tuule\u00f5hk sinu jalge all. Iga vaiba v\u00e4limus on pisut erinev nii v\u00e4rvitooni kui karva pikkuse poolest, kuna kasutatud on looduslikke materjale. Naturaalsest nahast Yaku vaip saab keskseks disainielemendiks igas interj\u00f6\u00f6ris.<\/p>\n<p>K\u00f5ik alpaka vaibad on valmistatud eetilisest alpaka nahast ning \u00fchtegi looma nende valmistamiseks ei vigastatud ega v\u00e4\u00e4rkoheldud. Alpakad on selleks liiga v\u00e4\u00e4rtuslikud villakandjad loomad. Vaid loomulikul teel hukkunud loomade nahkadest valmistatakse tooteid, seega naudid nahatoote k\u00fclluslikku luksust teadmisega, et see on eetiline ja j\u00e4tkusuutlik.<\/p>\n<p>MATERJAL<br \/>\n<strong>Esik\u00fclg: naturaalne alpakanahk<\/strong><br \/>\n<strong>Tagus: libisemisvastane \u00d6KO-TEX sertifikaadiga tagus ehtsast nahast \u00e4\u00e4risega; pehmendavaks t\u00e4idiseks termovatiin<\/strong><\/p>\n<p><strong>Toode v\u00f5ib alguses veidi karva ajada &#8211; v\u00f5imalusel \u00f5ues kergelt kloppides eemaldada lahtised karvad.<\/strong><\/p>\n<p>ERIM\u00d5\u00d5DULISED JA -KUJULISED VAIBAD<br \/>\n<strong>Kui Sinule sobiva suurusega vaipa pole valikus, kirjuta meile ja saadame sulle t\u00e4psema info hinna ja tarneajaga.<\/strong><\/p>\n<p>&nbsp;<\/p>\n","protected":false},"featured_media":48167,"template":"","meta":{"_acf_changed":false},"product_brand":[],"product_cat":[123],"product_tag":[],"product_shipping_class":[],"pa_soft-wrap-cardigan":[],"class_list":{"0":"post-48079","1":"product","2":"type-product","3":"status-publish","4":"has-post-thumbnail","6":"product_cat-vaibad","8":"first","9":"instock","10":"taxable","11":"shipping-taxable","12":"purchasable","13":"product-type-variable","14":"has-default-attributes","15":"wvs-archive-product-wrapper"},"bundled_by":[],"bundle_stock_status":"instock","bundle_stock_quantity":null,"bundle_virtual":false,"bundle_layout":"","bundle_add_to_cart_form_location":"","bundle_editable_in_cart":false,"bundle_sold_individually_context":"","bundle_item_grouping":"","bundle_min_size":"","bundle_max_size":"","bundle_price":[],"bundled_items":[],"bundle_sell_ids":[],"acf":[],"aioseo_notices":[],"_links":{"self":[{"href":"https:\/\/alpaka-shop.com\/et\/wp-json\/wp\/v2\/product\/48079","targetHints":{"allow":["GET"]}}],"collection":[{"href":"https:\/\/alpaka-shop.com\/et\/wp-json\/wp\/v2\/product"}],"about":[{"href":"https:\/\/alpaka-shop.com\/et\/wp-json\/wp\/v2\/types\/product"}],"wp:featuredmedia":[{"embeddable":true,"href":"https:\/\/alpaka-shop.com\/et\/wp-json\/wp\/v2\/media\/48167"}],"wp:attachment":[{"href":"https:\/\/alpaka-shop.com\/et\/wp-json\/wp\/v2\/media?parent=48079"}],"wp:term":[{"taxonomy":"product_brand","embeddable":true,"href":"https:\/\/alpaka-shop.com\/et\/wp-json\/wp\/v2\/product_brand?post=48079"},{"taxonomy":"product_cat","embeddable":true,"href":"https:\/\/alpaka-shop.com\/et\/wp-json\/wp\/v2\/product_cat?post=48079"},{"taxonomy":"product_tag","embeddable":true,"href":"https:\/\/alpaka-shop.com\/et\/wp-json\/wp\/v2\/product_tag?post=48079"},{"taxonomy":"product_shipping_class","embeddable":true,"href":"https:\/\/alpaka-shop.com\/et\/wp-json\/wp\/v2\/product_shipping_class?post=48079"},{"taxonomy":"pa_soft-wrap-cardigan","embeddable":true,"href":"https:\/\/alpaka-shop.com\/et\/wp-json\/wp\/v2\/pa_soft-wrap-cardigan?post=48079"}],"curies":[{"name":"wp","href":"https:\/\/api.w.org\/{rel}","templated":true}]}}