{"id":4896,"date":"2019-10-24T13:58:55","date_gmt":"2019-10-24T13:58:55","guid":{"rendered":"https:\/\/uus.alpaka-shop.com\/product\/taispikk-kardigan\/"},"modified":"2026-03-05T18:20:03","modified_gmt":"2026-03-05T16:20:03","slug":"taispikk-kardigan","status":"publish","type":"product","link":"https:\/\/alpaka-shop.com\/et\/taispikk-kardigan\/","title":{"rendered":"T\u00e4ispikk kardigan"},"content":{"rendered":"<p><br data-mce-bogus=\"1\"><\/p>\n","protected":false},"excerpt":{"rendered":"<p>Alpakavillane kardigan, mis on tegumoelt minimalistlik, ent elegantne ning sobitub h\u00e4sti nii kauni kleidi kui kitsaste p\u00fckstega. Vilditud l\u00f5ng lisab kardiganile naiselikku veetlust ja pehmust. Alpakavill on tuntud oma siidise pehmuse, erakordse soojuse ning nahas\u00f5bralikkuse poolest, ei sisalda lanoliini ja on allergiavaba. See mudel sobib kandmiseks nii kontoris, vabal ajal kui ka reisile minnes. V\u00e4rvivalik ulatub neutraalsest hallist trendika pastellini. Soojust ja pehmust \u00f5hkav alpakavillast kardigan lausa kutsub end embama.<\/p>\n<p>MATERJAL<strong><br \/>\n89% Alpaka, 11% Nailon<\/strong><\/p>\n","protected":false},"featured_media":42833,"template":"","meta":{"_acf_changed":false},"product_brand":[],"product_cat":[98,62],"product_tag":[],"product_shipping_class":[],"pa_soft-wrap-cardigan":[],"class_list":{"0":"post-4896","1":"product","2":"type-product","3":"status-publish","4":"has-post-thumbnail","6":"product_cat-kampsunid-kardiganid-naised","7":"product_cat-naised","9":"first","10":"instock","11":"taxable","12":"shipping-taxable","13":"purchasable","14":"product-type-variable","15":"has-default-attributes","16":"wvs-archive-product-wrapper"},"bundled_by":[],"bundle_stock_status":"instock","bundle_stock_quantity":null,"bundle_virtual":false,"bundle_layout":"","bundle_add_to_cart_form_location":"","bundle_editable_in_cart":false,"bundle_sold_individually_context":"","bundle_item_grouping":"","bundle_min_size":"","bundle_max_size":"","bundle_price":[],"bundled_items":[],"bundle_sell_ids":[],"acf":[],"aioseo_notices":[],"_links":{"self":[{"href":"https:\/\/alpaka-shop.com\/et\/wp-json\/wp\/v2\/product\/4896","targetHints":{"allow":["GET"]}}],"collection":[{"href":"https:\/\/alpaka-shop.com\/et\/wp-json\/wp\/v2\/product"}],"about":[{"href":"https:\/\/alpaka-shop.com\/et\/wp-json\/wp\/v2\/types\/product"}],"wp:featuredmedia":[{"embeddable":true,"href":"https:\/\/alpaka-shop.com\/et\/wp-json\/wp\/v2\/media\/42833"}],"wp:attachment":[{"href":"https:\/\/alpaka-shop.com\/et\/wp-json\/wp\/v2\/media?parent=4896"}],"wp:term":[{"taxonomy":"product_brand","embeddable":true,"href":"https:\/\/alpaka-shop.com\/et\/wp-json\/wp\/v2\/product_brand?post=4896"},{"taxonomy":"product_cat","embeddable":true,"href":"https:\/\/alpaka-shop.com\/et\/wp-json\/wp\/v2\/product_cat?post=4896"},{"taxonomy":"product_tag","embeddable":true,"href":"https:\/\/alpaka-shop.com\/et\/wp-json\/wp\/v2\/product_tag?post=4896"},{"taxonomy":"product_shipping_class","embeddable":true,"href":"https:\/\/alpaka-shop.com\/et\/wp-json\/wp\/v2\/product_shipping_class?post=4896"},{"taxonomy":"pa_soft-wrap-cardigan","embeddable":true,"href":"https:\/\/alpaka-shop.com\/et\/wp-json\/wp\/v2\/pa_soft-wrap-cardigan?post=4896"}],"curies":[{"name":"wp","href":"https:\/\/api.w.org\/{rel}","templated":true}]}}