{"id":5116,"date":"2019-09-04T11:02:58","date_gmt":"2019-09-04T08:02:58","guid":{"rendered":"https:\/\/uus.alpaka-shop.com\/product\/sall-exclusive-kalasaba\/"},"modified":"2026-04-10T10:00:16","modified_gmt":"2026-04-10T07:00:16","slug":"sall-exclusive-kalasaba","status":"publish","type":"product","link":"https:\/\/alpaka-shop.com\/et\/sall-exclusive-kalasaba\/","title":{"rendered":"Sall Exclusive Kalasaba"},"content":{"rendered":"","protected":false},"excerpt":{"rendered":"<p>Sall Exclusive Kalasaba on tehtud Andide k\u00f5rgm\u00e4estikust p\u00e4rit luksuslikust beebialpaka villast. Lisaks \u00e4\u00e4retule soojapidavusele ja pehmusele on see sall ka nahas\u00f5bralik. Kalasabamuster teeb komplimendi igale riietusele ning sobib ka k\u00f5ige n\u00f5udlikumale kliendile. Kahe v\u00e4rvitooni kooslusega sallid on inspireeritud p\u00f5hjamaise looduse rikkalikust v\u00e4rvigammast ning on lihtsasti kombineeritavad. Koge ajatut luksust koos soojade emotsioonidega.<\/p>\n<p>MATERJAL<br \/>\n<strong>100% beebialpaka<\/strong><\/p>\n<p>PACKAGING<strong><br \/>\nkinkekarp<\/strong><\/p>\n","protected":false},"featured_media":45165,"template":"","meta":{"_acf_changed":false},"product_brand":[],"product_cat":[62,65],"product_tag":[],"product_shipping_class":[],"pa_soft-wrap-cardigan":[],"class_list":{"0":"post-5116","1":"product","2":"type-product","3":"status-publish","4":"has-post-thumbnail","6":"product_cat-naised","7":"product_cat-sallid-ja-olasallid","9":"first","10":"instock","11":"taxable","12":"shipping-taxable","13":"purchasable","14":"product-type-variable","15":"has-default-attributes","16":"wvs-archive-product-wrapper"},"bundled_by":["53683"],"bundle_stock_status":"instock","bundle_stock_quantity":null,"bundle_virtual":false,"bundle_layout":"","bundle_add_to_cart_form_location":"","bundle_editable_in_cart":false,"bundle_sold_individually_context":"","bundle_item_grouping":"","bundle_min_size":"","bundle_max_size":"","bundle_price":[],"bundled_items":[],"bundle_sell_ids":[],"acf":[],"aioseo_notices":[],"_links":{"self":[{"href":"https:\/\/alpaka-shop.com\/et\/wp-json\/wp\/v2\/product\/5116","targetHints":{"allow":["GET"]}}],"collection":[{"href":"https:\/\/alpaka-shop.com\/et\/wp-json\/wp\/v2\/product"}],"about":[{"href":"https:\/\/alpaka-shop.com\/et\/wp-json\/wp\/v2\/types\/product"}],"wp:featuredmedia":[{"embeddable":true,"href":"https:\/\/alpaka-shop.com\/et\/wp-json\/wp\/v2\/media\/45165"}],"wp:attachment":[{"href":"https:\/\/alpaka-shop.com\/et\/wp-json\/wp\/v2\/media?parent=5116"}],"wp:term":[{"taxonomy":"product_brand","embeddable":true,"href":"https:\/\/alpaka-shop.com\/et\/wp-json\/wp\/v2\/product_brand?post=5116"},{"taxonomy":"product_cat","embeddable":true,"href":"https:\/\/alpaka-shop.com\/et\/wp-json\/wp\/v2\/product_cat?post=5116"},{"taxonomy":"product_tag","embeddable":true,"href":"https:\/\/alpaka-shop.com\/et\/wp-json\/wp\/v2\/product_tag?post=5116"},{"taxonomy":"product_shipping_class","embeddable":true,"href":"https:\/\/alpaka-shop.com\/et\/wp-json\/wp\/v2\/product_shipping_class?post=5116"},{"taxonomy":"pa_soft-wrap-cardigan","embeddable":true,"href":"https:\/\/alpaka-shop.com\/et\/wp-json\/wp\/v2\/pa_soft-wrap-cardigan?post=5116"}],"curies":[{"name":"wp","href":"https:\/\/api.w.org\/{rel}","templated":true}]}}